{"id":1833,"date":"2024-03-02T00:32:27","date_gmt":"2024-03-02T00:32:27","guid":{"rendered":"https:\/\/ttemsa.com\/industria\/index.php\/check-line\/check-copy-copy\/"},"modified":"2024-09-05T18:22:44","modified_gmt":"2024-09-05T18:22:44","slug":"checkline-ls-5-12000","status":"publish","type":"page","link":"https:\/\/ttemsa.com\/industria\/index.php\/checkline\/checkline-ls-5-12000\/","title":{"rendered":"Estroboscopio Lineal Compacto CHECKLINE LS-5-12000 (Xen\u00f3n)"},"content":{"rendered":"<div class=\"wp-block-image\">\n<figure class=\"aligncenter size-full is-resized\"><img loading=\"lazy\" decoding=\"async\" width=\"700\" height=\"453\" src=\"https:\/\/ttemsa.com\/industria\/wp-content\/uploads\/2024\/03\/ls-9-12000.jpg\" alt=\"\" class=\"wp-image-2535\" style=\"width:439px;height:auto\" srcset=\"https:\/\/ttemsa.com\/industria\/wp-content\/uploads\/2024\/03\/ls-9-12000.jpg 700w, https:\/\/ttemsa.com\/industria\/wp-content\/uploads\/2024\/03\/ls-9-12000-300x194.jpg 300w\" sizes=\"auto, (max-width: 700px) 100vw, 700px\" \/><\/figure>\n<\/div>\n\n<div class=\"wp-block-image\">\n<figure class=\"aligncenter size-full is-resized\"><img loading=\"lazy\" decoding=\"async\" width=\"465\" height=\"324\" src=\"https:\/\/ttemsa.com\/industria\/wp-content\/uploads\/2024\/03\/logo.png\" alt=\"\" class=\"wp-image-2531\" style=\"width:149px;height:auto\" srcset=\"https:\/\/ttemsa.com\/industria\/wp-content\/uploads\/2024\/03\/logo.png 465w, https:\/\/ttemsa.com\/industria\/wp-content\/uploads\/2024\/03\/logo-300x209.png 300w\" sizes=\"auto, (max-width: 465px) 100vw, 465px\" \/><\/figure>\n<\/div>\n\n\n<p>\u2022 Brillo, nitidez y uniformidad sin igual en cualquier l\u00e1mpara estro-bosc\u00f3pica de su clase.<\/p>\n\n\n\n<p>\u2022 LED proporcionan el uso de por vida y nunca requieren reemplazo.<\/p>\n\n\n\n<p>\u2022 Destellos extremadamente r\u00e1pidos, con lapsos de menos de 5 microsegundos que prev\u00e9n una imagen f\u00e1cil de observar.<\/p>\n\n\n\n<p>\u2022 Alimentaci\u00f3n de 24 VDC, tambi\u00e9n disponible con adaptador de alimentaci\u00f3n en CA.<\/p>\n\n\n\n<p>\u2022 Extremadamente brillante y uniforme distribuci\u00f3n de la luz para web anchos de hasta 12 &#8220;(300 mm) y m\u00e1s ancho.<\/p>\n\n\n\n<p>\u2022 Para anchos de banda superiores a 12 &#8220;(300 mm).<\/p>\n\n\n\n<p>\u2022 Se pueden conectar entre s\u00ed dos o m\u00e1s l\u00e1mparas estrobosc\u00f3pi-cas modelo LS-5-LED para una cobertura m\u00e1s amplia<\/p>\n\n\n\n<p>\u2022 Las conexiones incluyen dos entradas de activaci\u00f3n y una salida de disparo.<\/p>\n\n\n\n<p>\u2022 Certificado &#8211; CE para su uso en todo el mundo.<\/p>\n\n\n\n<figure class=\"wp-block-image size-full is-resized\"><img loading=\"lazy\" decoding=\"async\" width=\"849\" height=\"681\" src=\"https:\/\/ttemsa.com\/industria\/wp-content\/uploads\/2024\/03\/ls51200.png\" alt=\"\" class=\"wp-image-2537\" style=\"width:329px;height:auto\" srcset=\"https:\/\/ttemsa.com\/industria\/wp-content\/uploads\/2024\/03\/ls51200.png 849w, https:\/\/ttemsa.com\/industria\/wp-content\/uploads\/2024\/03\/ls51200-300x241.png 300w, https:\/\/ttemsa.com\/industria\/wp-content\/uploads\/2024\/03\/ls51200-768x616.png 768w\" sizes=\"auto, (max-width: 849px) 100vw, 849px\" \/><\/figure>\n\n\n\n<h2 class=\"wp-block-heading\">CHECKLINE LS-5-12000<\/h2>\n\n\n\n<figure class=\"wp-block-table\"><table><tbody><tr><td colspan=\"2\">Specifications<\/td><\/tr><tr><td>Flash Range<\/td><td>0 &#8211; 12,500 FPM (flashes per minute)<\/td><\/tr><tr><td rowspan=\"2\">Power Required<\/td><td>15 &#8211; 28 V DC \/ 0.5A (12 Watts)<\/td><\/tr><tr><td>Universal AC power supply sold separately, pn LS-AC-WORLD<\/td><\/tr><tr><td rowspan=\"4\">External Trigger Input<\/td><td>3 &#8211; 30 V \/ max 5 mA<\/td><\/tr><tr><td>(voltage-free optocoupler)<\/td><\/tr><tr><td>DIN 41524 5-pin standard plug<\/td><\/tr><tr><td>Uout = Uin, max 200 mA<\/td><\/tr><tr><td>Life Cycle<\/td><td>&gt; 200,000,000 flashes (@6000 FPM)<\/td><\/tr><tr><td>Flash Duration<\/td><td>&lt; 5 \u00b5s<\/td><\/tr><tr><td>Illumination Intensity<\/td><td>Single flash 10 megalux @ 30cm (12 inches)<\/td><\/tr><tr><td>Illumination intensity<\/td><td>500 lux @ 30cm (12 inches), 6000 FPM<\/td><\/tr><tr><td>Illumination Area<\/td><td>20&#215;30 cm<\/td><\/tr><tr><td>Light Colour<\/td><td>6000 &#8211; 6500 K<\/td><\/tr><tr><td>Flash Energy<\/td><td>600 mJ @ 1200 FPM<\/td><\/tr><tr><td>Housing Material<\/td><td>Aluminum<\/td><\/tr><tr><td>Dimensions<\/td><td>150 x 130 x 112 mm \/ 6.0&#8243; x 5.1&#8243; x 4.4&#8243;<\/td><\/tr><tr><td>Weight<\/td><td>870 g (1.9 lbs.)<\/td><\/tr><tr><td>Ambient Temperature<\/td><td>0 &#8211; 40 \u00b0C (32-104 \u00b0F)<\/td><\/tr><tr><td>Storage Temperature<\/td><td>-25 &#8211; 70 \u00b0C (-13 &#8211; 158 \u00b0F)<\/td><\/tr><tr><td>Air Humidity<\/td><td>Max 95%, non-condensing<\/td><\/tr><tr><td>Mounting Holes<\/td><td>Threaded 1\/4 x 20 unc and 2x M5 holes on bottom side of strobe housing<\/td><\/tr><tr><td>Warranty<\/td><td>1 Year<\/td><\/tr><tr><td rowspan=\"3\">Mounting Holes<\/td><td>Located on underside of housing:<\/td><\/tr><tr><td>(1) 1\/4 &#8211; 20UNC in center<\/td><\/tr><tr><td>(2) M5 Threaded Inserts (60 mm c:c) outer<\/td><\/tr><tr><td rowspan=\"4\">Manual Test Trigger<\/td><td>Pin1 (+24V)<\/td><\/tr><tr><td>Pin3 (0V)<\/td><\/tr><tr><td>Jump Pin1 to Pin4<\/td><\/tr><tr><td>Momentarily Jump Pin3 to Pin5<\/td><\/tr><\/tbody><\/table><\/figure>\n\n\n\n<p><\/p>\n\n\n\n<p><a href=\"https:\/\/ttemsa.com\/images\/pdf\/LS-5-12000-Brochure-esp.pdf\" target=\"_blank\" rel=\"noreferrer noopener\"><\/a><\/p>\n\n\n\n<h4 class=\"wp-block-heading\">&nbsp;Ver PDF<\/h4>\n\n\n\n<p><a href=\"https:\/\/ttemsa.com\/pdf\/LS-5-12000Brochure.pdf\" target=\"_blank\" rel=\"noreferrer noopener\">Brochure de Marca<\/a><\/p>\n","protected":false},"excerpt":{"rendered":"<p>\u2022 Brillo, nitidez y uniformidad sin igual en cualquier l\u00e1mpara estro-bosc\u00f3pica de su clase. \u2022 LED proporcionan el uso de por vida y nunca requieren reemplazo. \u2022 Destellos extremadamente r\u00e1pidos, con lapsos de menos de 5 microsegundos que prev\u00e9n una imagen f\u00e1cil de observar. \u2022 Alimentaci\u00f3n de 24 VDC, tambi\u00e9n disponible con adaptador de alimentaci\u00f3n [&hellip;]<\/p>\n","protected":false},"author":1,"featured_media":0,"parent":18,"menu_order":1,"comment_status":"closed","ping_status":"closed","template":"","meta":{"content-type":"","footnotes":""},"categories":[22],"tags":[],"class_list":["post-1833","page","type-page","status-publish","hentry","category-checkline"],"yoast_head":"<!-- This site is optimized with the Yoast SEO plugin v26.6 - https:\/\/yoast.com\/wordpress\/plugins\/seo\/ -->\n<title>Estroboscopio Lineal Compacto CHECKLINE LS-5-12000 (Xen\u00f3n) - industria-de-la-conversion.ttemsa<\/title>\n<meta name=\"description\" content=\"Estroboscopio Lineal Compacto CHECKLINE LS-5-12000 (Xen\u00f3n)\u2022 Brillo, nitidez y uniformidad sin igual en cualquier l\u00e1mpara estro-bosc\u00f3pica de su clase. \u2022 LED proporcionan el uso de por vida\" \/>\n<meta name=\"robots\" content=\"index, follow, max-snippet:-1, max-image-preview:large, max-video-preview:-1\" \/>\n<link rel=\"canonical\" href=\"https:\/\/ttemsa.com\/industria\/index.php\/checkline\/checkline-ls-5-12000\/\" \/>\n<meta property=\"og:locale\" content=\"es_MX\" \/>\n<meta property=\"og:type\" content=\"article\" \/>\n<meta property=\"og:title\" content=\"Estroboscopio Lineal Compacto CHECKLINE LS-5-12000 (Xen\u00f3n)\u2022 Brillo, nitidez y uniformidad sin igual en cualquier l\u00e1mpara estro-bosc\u00f3pica de su clase. \u2022 LED proporcionan el uso de por vida\" \/>\n<meta property=\"og:description\" content=\"En ttemsa ofrecemos Soluciones. Solicite + info Tel\u00e9fonos: + 52 (55) 5352-0191 5352-1301 5352-6070 5352-0593\" \/>\n<meta property=\"og:url\" content=\"https:\/\/ttemsa.com\/industria\/index.php\/checkline\/checkline-ls-5-12000\/\" \/>\n<meta property=\"og:site_name\" content=\"industria-de-la-conversion.ttemsa\" \/>\n<meta property=\"article:modified_time\" content=\"2024-09-05T18:22:44+00:00\" \/>\n<meta property=\"og:image\" content=\"https:\/\/ttemsa.com\/industria\/wp-content\/uploads\/2024\/03\/ls51200.png\" \/>\n\t<meta property=\"og:image:width\" content=\"849\" \/>\n\t<meta property=\"og:image:height\" content=\"681\" \/>\n\t<meta property=\"og:image:type\" content=\"image\/png\" \/>\n<meta name=\"twitter:card\" content=\"summary_large_image\" \/>\n<meta name=\"twitter:label1\" content=\"Tiempo de lectura\" \/>\n\t<meta name=\"twitter:data1\" content=\"3 minutos\" \/>\n<script type=\"application\/ld+json\" class=\"yoast-schema-graph\">{\"@context\":\"https:\/\/schema.org\",\"@graph\":[{\"@type\":\"WebPage\",\"@id\":\"https:\/\/ttemsa.com\/industria\/index.php\/checkline\/checkline-ls-5-12000\/\",\"url\":\"https:\/\/ttemsa.com\/industria\/index.php\/checkline\/checkline-ls-5-12000\/\",\"name\":\"Estroboscopio Lineal Compacto CHECKLINE LS-5-12000 (Xen\u00f3n) - industria-de-la-conversion.ttemsa\",\"isPartOf\":{\"@id\":\"https:\/\/ttemsa.com\/industria\/#website\"},\"primaryImageOfPage\":{\"@id\":\"https:\/\/ttemsa.com\/industria\/index.php\/checkline\/checkline-ls-5-12000\/#primaryimage\"},\"image\":{\"@id\":\"https:\/\/ttemsa.com\/industria\/index.php\/checkline\/checkline-ls-5-12000\/#primaryimage\"},\"thumbnailUrl\":\"https:\/\/ttemsa.com\/industria\/wp-content\/uploads\/2024\/03\/ls-9-12000.jpg\",\"datePublished\":\"2024-03-02T00:32:27+00:00\",\"dateModified\":\"2024-09-05T18:22:44+00:00\",\"description\":\"Estroboscopio Lineal Compacto CHECKLINE LS-5-12000 (Xen\u00f3n)\u2022 Brillo, nitidez y uniformidad sin igual en cualquier l\u00e1mpara estro-bosc\u00f3pica de su clase. \u2022 LED proporcionan el uso de por vida\",\"breadcrumb\":{\"@id\":\"https:\/\/ttemsa.com\/industria\/index.php\/checkline\/checkline-ls-5-12000\/#breadcrumb\"},\"inLanguage\":\"es\",\"potentialAction\":[{\"@type\":\"ReadAction\",\"target\":[\"https:\/\/ttemsa.com\/industria\/index.php\/checkline\/checkline-ls-5-12000\/\"]}]},{\"@type\":\"ImageObject\",\"inLanguage\":\"es\",\"@id\":\"https:\/\/ttemsa.com\/industria\/index.php\/checkline\/checkline-ls-5-12000\/#primaryimage\",\"url\":\"https:\/\/ttemsa.com\/industria\/wp-content\/uploads\/2024\/03\/ls-9-12000.jpg\",\"contentUrl\":\"https:\/\/ttemsa.com\/industria\/wp-content\/uploads\/2024\/03\/ls-9-12000.jpg\",\"width\":700,\"height\":453},{\"@type\":\"BreadcrumbList\",\"@id\":\"https:\/\/ttemsa.com\/industria\/index.php\/checkline\/checkline-ls-5-12000\/#breadcrumb\",\"itemListElement\":[{\"@type\":\"ListItem\",\"position\":1,\"name\":\"Inicio\",\"item\":\"https:\/\/ttemsa.com\/industria\/\"},{\"@type\":\"ListItem\",\"position\":2,\"name\":\"CHECK-LINE Cat\u00e1logo General\",\"item\":\"https:\/\/ttemsa.com\/industria\/index.php\/checkline\/\"},{\"@type\":\"ListItem\",\"position\":3,\"name\":\"Estroboscopio Lineal Compacto CHECKLINE LS-5-12000 (Xen\u00f3n)\"}]},{\"@type\":\"WebSite\",\"@id\":\"https:\/\/ttemsa.com\/industria\/#website\",\"url\":\"https:\/\/ttemsa.com\/industria\/\",\"name\":\"industria-de-la-conversion.ttemsa\",\"description\":\"Designed Dianalacazadora.com\",\"alternateName\":\"ttemsa l\u00edderes en la industria de la conversi\u00f3n\",\"potentialAction\":[{\"@type\":\"SearchAction\",\"target\":{\"@type\":\"EntryPoint\",\"urlTemplate\":\"https:\/\/ttemsa.com\/industria\/?s={search_term_string}\"},\"query-input\":{\"@type\":\"PropertyValueSpecification\",\"valueRequired\":true,\"valueName\":\"search_term_string\"}}],\"inLanguage\":\"es\"}]}<\/script>\n<!-- \/ Yoast SEO plugin. -->","yoast_head_json":{"title":"Estroboscopio Lineal Compacto CHECKLINE LS-5-12000 (Xen\u00f3n) - industria-de-la-conversion.ttemsa","description":"Estroboscopio Lineal Compacto CHECKLINE LS-5-12000 (Xen\u00f3n)\u2022 Brillo, nitidez y uniformidad sin igual en cualquier l\u00e1mpara estro-bosc\u00f3pica de su clase. \u2022 LED proporcionan el uso de por vida","robots":{"index":"index","follow":"follow","max-snippet":"max-snippet:-1","max-image-preview":"max-image-preview:large","max-video-preview":"max-video-preview:-1"},"canonical":"https:\/\/ttemsa.com\/industria\/index.php\/checkline\/checkline-ls-5-12000\/","og_locale":"es_MX","og_type":"article","og_title":"Estroboscopio Lineal Compacto CHECKLINE LS-5-12000 (Xen\u00f3n)\u2022 Brillo, nitidez y uniformidad sin igual en cualquier l\u00e1mpara estro-bosc\u00f3pica de su clase. \u2022 LED proporcionan el uso de por vida","og_description":"En ttemsa ofrecemos Soluciones. Solicite + info Tel\u00e9fonos: + 52 (55) 5352-0191 5352-1301 5352-6070 5352-0593","og_url":"https:\/\/ttemsa.com\/industria\/index.php\/checkline\/checkline-ls-5-12000\/","og_site_name":"industria-de-la-conversion.ttemsa","article_modified_time":"2024-09-05T18:22:44+00:00","og_image":[{"width":849,"height":681,"url":"https:\/\/ttemsa.com\/industria\/wp-content\/uploads\/2024\/03\/ls51200.png","type":"image\/png"}],"twitter_card":"summary_large_image","twitter_misc":{"Tiempo de lectura":"3 minutos"},"schema":{"@context":"https:\/\/schema.org","@graph":[{"@type":"WebPage","@id":"https:\/\/ttemsa.com\/industria\/index.php\/checkline\/checkline-ls-5-12000\/","url":"https:\/\/ttemsa.com\/industria\/index.php\/checkline\/checkline-ls-5-12000\/","name":"Estroboscopio Lineal Compacto CHECKLINE LS-5-12000 (Xen\u00f3n) - industria-de-la-conversion.ttemsa","isPartOf":{"@id":"https:\/\/ttemsa.com\/industria\/#website"},"primaryImageOfPage":{"@id":"https:\/\/ttemsa.com\/industria\/index.php\/checkline\/checkline-ls-5-12000\/#primaryimage"},"image":{"@id":"https:\/\/ttemsa.com\/industria\/index.php\/checkline\/checkline-ls-5-12000\/#primaryimage"},"thumbnailUrl":"https:\/\/ttemsa.com\/industria\/wp-content\/uploads\/2024\/03\/ls-9-12000.jpg","datePublished":"2024-03-02T00:32:27+00:00","dateModified":"2024-09-05T18:22:44+00:00","description":"Estroboscopio Lineal Compacto CHECKLINE LS-5-12000 (Xen\u00f3n)\u2022 Brillo, nitidez y uniformidad sin igual en cualquier l\u00e1mpara estro-bosc\u00f3pica de su clase. \u2022 LED proporcionan el uso de por vida","breadcrumb":{"@id":"https:\/\/ttemsa.com\/industria\/index.php\/checkline\/checkline-ls-5-12000\/#breadcrumb"},"inLanguage":"es","potentialAction":[{"@type":"ReadAction","target":["https:\/\/ttemsa.com\/industria\/index.php\/checkline\/checkline-ls-5-12000\/"]}]},{"@type":"ImageObject","inLanguage":"es","@id":"https:\/\/ttemsa.com\/industria\/index.php\/checkline\/checkline-ls-5-12000\/#primaryimage","url":"https:\/\/ttemsa.com\/industria\/wp-content\/uploads\/2024\/03\/ls-9-12000.jpg","contentUrl":"https:\/\/ttemsa.com\/industria\/wp-content\/uploads\/2024\/03\/ls-9-12000.jpg","width":700,"height":453},{"@type":"BreadcrumbList","@id":"https:\/\/ttemsa.com\/industria\/index.php\/checkline\/checkline-ls-5-12000\/#breadcrumb","itemListElement":[{"@type":"ListItem","position":1,"name":"Inicio","item":"https:\/\/ttemsa.com\/industria\/"},{"@type":"ListItem","position":2,"name":"CHECK-LINE Cat\u00e1logo General","item":"https:\/\/ttemsa.com\/industria\/index.php\/checkline\/"},{"@type":"ListItem","position":3,"name":"Estroboscopio Lineal Compacto CHECKLINE LS-5-12000 (Xen\u00f3n)"}]},{"@type":"WebSite","@id":"https:\/\/ttemsa.com\/industria\/#website","url":"https:\/\/ttemsa.com\/industria\/","name":"industria-de-la-conversion.ttemsa","description":"Designed Dianalacazadora.com","alternateName":"ttemsa l\u00edderes en la industria de la conversi\u00f3n","potentialAction":[{"@type":"SearchAction","target":{"@type":"EntryPoint","urlTemplate":"https:\/\/ttemsa.com\/industria\/?s={search_term_string}"},"query-input":{"@type":"PropertyValueSpecification","valueRequired":true,"valueName":"search_term_string"}}],"inLanguage":"es"}]}},"_links":{"self":[{"href":"https:\/\/ttemsa.com\/industria\/index.php\/wp-json\/wp\/v2\/pages\/1833","targetHints":{"allow":["GET"]}}],"collection":[{"href":"https:\/\/ttemsa.com\/industria\/index.php\/wp-json\/wp\/v2\/pages"}],"about":[{"href":"https:\/\/ttemsa.com\/industria\/index.php\/wp-json\/wp\/v2\/types\/page"}],"author":[{"embeddable":true,"href":"https:\/\/ttemsa.com\/industria\/index.php\/wp-json\/wp\/v2\/users\/1"}],"replies":[{"embeddable":true,"href":"https:\/\/ttemsa.com\/industria\/index.php\/wp-json\/wp\/v2\/comments?post=1833"}],"version-history":[{"count":3,"href":"https:\/\/ttemsa.com\/industria\/index.php\/wp-json\/wp\/v2\/pages\/1833\/revisions"}],"predecessor-version":[{"id":2538,"href":"https:\/\/ttemsa.com\/industria\/index.php\/wp-json\/wp\/v2\/pages\/1833\/revisions\/2538"}],"up":[{"embeddable":true,"href":"https:\/\/ttemsa.com\/industria\/index.php\/wp-json\/wp\/v2\/pages\/18"}],"wp:attachment":[{"href":"https:\/\/ttemsa.com\/industria\/index.php\/wp-json\/wp\/v2\/media?parent=1833"}],"wp:term":[{"taxonomy":"category","embeddable":true,"href":"https:\/\/ttemsa.com\/industria\/index.php\/wp-json\/wp\/v2\/categories?post=1833"},{"taxonomy":"post_tag","embeddable":true,"href":"https:\/\/ttemsa.com\/industria\/index.php\/wp-json\/wp\/v2\/tags?post=1833"}],"curies":[{"name":"wp","href":"https:\/\/api.w.org\/{rel}","templated":true}]}}