{"id":1834,"date":"2024-03-02T00:32:34","date_gmt":"2024-03-02T00:32:34","guid":{"rendered":"https:\/\/ttemsa.com\/industria\/index.php\/check-line\/check-copy-copy-copy\/"},"modified":"2024-09-11T17:31:08","modified_gmt":"2024-09-11T17:31:08","slug":"checkline-ls-9-12000","status":"publish","type":"page","link":"https:\/\/ttemsa.com\/industria\/index.php\/checkline\/checkline-ls-9-12000\/","title":{"rendered":"Estroboscopio Lineal Compacto CHECKLINE LS-9-12000"},"content":{"rendered":"<div class=\"wp-block-image\">\n<figure class=\"aligncenter size-full is-resized\"><img loading=\"lazy\" decoding=\"async\" width=\"700\" height=\"453\" src=\"https:\/\/ttemsa.com\/industria\/wp-content\/uploads\/2024\/03\/ls-9-12000-1.jpg\" alt=\"\" class=\"wp-image-2539\" style=\"width:518px;height:auto\" srcset=\"https:\/\/ttemsa.com\/industria\/wp-content\/uploads\/2024\/03\/ls-9-12000-1.jpg 700w, https:\/\/ttemsa.com\/industria\/wp-content\/uploads\/2024\/03\/ls-9-12000-1-300x194.jpg 300w\" sizes=\"auto, (max-width: 700px) 100vw, 700px\" \/><\/figure>\n<\/div>\n\n<div class=\"wp-block-image\">\n<figure class=\"aligncenter size-full is-resized\"><img loading=\"lazy\" decoding=\"async\" width=\"465\" height=\"324\" src=\"https:\/\/ttemsa.com\/industria\/wp-content\/uploads\/2024\/03\/logo.png\" alt=\"\" class=\"wp-image-2531\" style=\"width:226px;height:auto\" srcset=\"https:\/\/ttemsa.com\/industria\/wp-content\/uploads\/2024\/03\/logo.png 465w, https:\/\/ttemsa.com\/industria\/wp-content\/uploads\/2024\/03\/logo-300x209.png 300w\" sizes=\"auto, (max-width: 465px) 100vw, 465px\" \/><\/figure>\n<\/div>\n\n\n<p>&nbsp;\u2022 Tubo de<strong>&nbsp;Xen\u00f3n<\/strong>&nbsp;s\u00faper brillante combinado con un<strong>&nbsp;reflector<\/strong>&nbsp;altamente pulido para generar<strong>&nbsp;l\u00edderes<\/strong>&nbsp;en la industria intensidad de la luz.<\/p>\n\n\n\n<p>\u2022 Controles internos y externos de frecuencia e intensidad de destello.<\/p>\n\n\n\n<p>\u2022 Carcasa de acero que de manera eficiente&nbsp;<strong>disipa el calor<\/strong>&nbsp;y eliminando as\u00ed la necesidad de&nbsp;<strong>disipadores<\/strong>.<\/p>\n\n\n\n<p>\u2022 Modelos&nbsp;<strong>disponibles<\/strong>&nbsp;en 10 pulgadas (250mm) y 15 pulgadas (380 mm) de ancho.<\/p>\n\n\n\n<p>La serie LS de<strong>&nbsp;l\u00e1mparas estrobosc\u00f3picas<\/strong>&nbsp;abarca hasta 36 pulgadas de ancho en la banda.<\/p>\n\n\n\n<p><a href=\"http:\/\/ttemsa.com\/images\/pdf\/LS-9-12000-Brochure-esp.pdf\" target=\"_blank\" rel=\"noreferrer noopener\"><\/a>Ver <a href=\"http:\/\/ttemsa.com\/images\/pdf\/LS-9-12000-Brochure-esp.pdf\" target=\"_blank\" rel=\"noreferrer noopener\">PDF<\/a><\/p>\n","protected":false},"excerpt":{"rendered":"<p>&nbsp;\u2022 Tubo de&nbsp;Xen\u00f3n&nbsp;s\u00faper brillante combinado con un&nbsp;reflector&nbsp;altamente pulido para generar&nbsp;l\u00edderes&nbsp;en la industria intensidad de la luz. \u2022 Controles internos y externos de frecuencia e intensidad de destello. \u2022 Carcasa de acero que de manera eficiente&nbsp;disipa el calor&nbsp;y eliminando as\u00ed la necesidad de&nbsp;disipadores. \u2022 Modelos&nbsp;disponibles&nbsp;en 10 pulgadas (250mm) y 15 pulgadas (380 mm) de ancho. La [&hellip;]<\/p>\n","protected":false},"author":1,"featured_media":0,"parent":18,"menu_order":1,"comment_status":"closed","ping_status":"closed","template":"","meta":{"content-type":"","footnotes":""},"categories":[22],"tags":[],"class_list":["post-1834","page","type-page","status-publish","hentry","category-checkline"],"yoast_head":"<!-- This site is optimized with the Yoast SEO plugin v26.6 - https:\/\/yoast.com\/wordpress\/plugins\/seo\/ -->\n<title>Estroboscopio Lineal Compacto CHECKLINE LS-9-12000 - industria-de-la-conversion.ttemsa<\/title>\n<meta name=\"description\" content=\"Estroboscopio Lineal Compacto CHECKLINE LS-9-12000\u2022 Tubo de Xen\u00f3n s\u00faper brillante combinado con un reflector altamente pulido para generar l\u00edderes en la industria En ttemsa ofrecemos Soluciones. Solicite + info Tel\u00e9fonos: + 52 (55) 5352-0191 5352-1301 5352-6070 5352-0593\" \/>\n<meta name=\"robots\" content=\"index, follow, max-snippet:-1, max-image-preview:large, max-video-preview:-1\" \/>\n<link rel=\"canonical\" href=\"https:\/\/ttemsa.com\/industria\/index.php\/checkline\/checkline-ls-9-12000\/\" \/>\n<meta property=\"og:locale\" content=\"es_MX\" \/>\n<meta property=\"og:type\" content=\"article\" \/>\n<meta property=\"og:title\" content=\"Estroboscopio Lineal Compacto CHECKLINE LS-9-12000\u2022 Tubo de Xen\u00f3n s\u00faper brillante combinado con un reflector altamente pulido para generar l\u00edderes en la industria\" \/>\n<meta property=\"og:description\" content=\"En ttemsa ofrecemos Soluciones. Solicite + info Tel\u00e9fonos: + 52 (55) 5352-0191 5352-1301 5352-6070 5352-0593\" \/>\n<meta property=\"og:url\" content=\"https:\/\/ttemsa.com\/industria\/index.php\/checkline\/checkline-ls-9-12000\/\" \/>\n<meta property=\"og:site_name\" content=\"industria-de-la-conversion.ttemsa\" \/>\n<meta property=\"article:modified_time\" content=\"2024-09-11T17:31:08+00:00\" \/>\n<meta property=\"og:image\" content=\"https:\/\/ttemsa.com\/industria\/wp-content\/uploads\/2024\/03\/ls-9-12000-1.jpg\" \/>\n\t<meta property=\"og:image:width\" content=\"700\" \/>\n\t<meta property=\"og:image:height\" content=\"453\" \/>\n\t<meta property=\"og:image:type\" content=\"image\/jpeg\" \/>\n<meta name=\"twitter:card\" content=\"summary_large_image\" \/>\n<meta name=\"twitter:label1\" content=\"Tiempo de lectura\" \/>\n\t<meta name=\"twitter:data1\" content=\"1 minuto\" \/>\n<script type=\"application\/ld+json\" class=\"yoast-schema-graph\">{\"@context\":\"https:\/\/schema.org\",\"@graph\":[{\"@type\":\"WebPage\",\"@id\":\"https:\/\/ttemsa.com\/industria\/index.php\/checkline\/checkline-ls-9-12000\/\",\"url\":\"https:\/\/ttemsa.com\/industria\/index.php\/checkline\/checkline-ls-9-12000\/\",\"name\":\"Estroboscopio Lineal Compacto CHECKLINE LS-9-12000 - industria-de-la-conversion.ttemsa\",\"isPartOf\":{\"@id\":\"https:\/\/ttemsa.com\/industria\/#website\"},\"primaryImageOfPage\":{\"@id\":\"https:\/\/ttemsa.com\/industria\/index.php\/checkline\/checkline-ls-9-12000\/#primaryimage\"},\"image\":{\"@id\":\"https:\/\/ttemsa.com\/industria\/index.php\/checkline\/checkline-ls-9-12000\/#primaryimage\"},\"thumbnailUrl\":\"https:\/\/ttemsa.com\/industria\/wp-content\/uploads\/2024\/03\/ls-9-12000-1.jpg\",\"datePublished\":\"2024-03-02T00:32:34+00:00\",\"dateModified\":\"2024-09-11T17:31:08+00:00\",\"description\":\"Estroboscopio Lineal Compacto CHECKLINE LS-9-12000\u2022 Tubo de Xen\u00f3n s\u00faper brillante combinado con un reflector altamente pulido para generar l\u00edderes en la industria En ttemsa ofrecemos Soluciones. Solicite + info Tel\u00e9fonos: + 52 (55) 5352-0191 5352-1301 5352-6070 5352-0593\",\"breadcrumb\":{\"@id\":\"https:\/\/ttemsa.com\/industria\/index.php\/checkline\/checkline-ls-9-12000\/#breadcrumb\"},\"inLanguage\":\"es\",\"potentialAction\":[{\"@type\":\"ReadAction\",\"target\":[\"https:\/\/ttemsa.com\/industria\/index.php\/checkline\/checkline-ls-9-12000\/\"]}]},{\"@type\":\"ImageObject\",\"inLanguage\":\"es\",\"@id\":\"https:\/\/ttemsa.com\/industria\/index.php\/checkline\/checkline-ls-9-12000\/#primaryimage\",\"url\":\"https:\/\/ttemsa.com\/industria\/wp-content\/uploads\/2024\/03\/ls-9-12000-1.jpg\",\"contentUrl\":\"https:\/\/ttemsa.com\/industria\/wp-content\/uploads\/2024\/03\/ls-9-12000-1.jpg\",\"width\":700,\"height\":453},{\"@type\":\"BreadcrumbList\",\"@id\":\"https:\/\/ttemsa.com\/industria\/index.php\/checkline\/checkline-ls-9-12000\/#breadcrumb\",\"itemListElement\":[{\"@type\":\"ListItem\",\"position\":1,\"name\":\"Inicio\",\"item\":\"https:\/\/ttemsa.com\/industria\/\"},{\"@type\":\"ListItem\",\"position\":2,\"name\":\"CHECK-LINE Cat\u00e1logo General\",\"item\":\"https:\/\/ttemsa.com\/industria\/index.php\/checkline\/\"},{\"@type\":\"ListItem\",\"position\":3,\"name\":\"Estroboscopio Lineal Compacto CHECKLINE LS-9-12000\"}]},{\"@type\":\"WebSite\",\"@id\":\"https:\/\/ttemsa.com\/industria\/#website\",\"url\":\"https:\/\/ttemsa.com\/industria\/\",\"name\":\"industria-de-la-conversion.ttemsa\",\"description\":\"Designed Dianalacazadora.com\",\"alternateName\":\"ttemsa l\u00edderes en la industria de la conversi\u00f3n\",\"potentialAction\":[{\"@type\":\"SearchAction\",\"target\":{\"@type\":\"EntryPoint\",\"urlTemplate\":\"https:\/\/ttemsa.com\/industria\/?s={search_term_string}\"},\"query-input\":{\"@type\":\"PropertyValueSpecification\",\"valueRequired\":true,\"valueName\":\"search_term_string\"}}],\"inLanguage\":\"es\"}]}<\/script>\n<!-- \/ Yoast SEO plugin. -->","yoast_head_json":{"title":"Estroboscopio Lineal Compacto CHECKLINE LS-9-12000 - industria-de-la-conversion.ttemsa","description":"Estroboscopio Lineal Compacto CHECKLINE LS-9-12000\u2022 Tubo de Xen\u00f3n s\u00faper brillante combinado con un reflector altamente pulido para generar l\u00edderes en la industria En ttemsa ofrecemos Soluciones. Solicite + info Tel\u00e9fonos: + 52 (55) 5352-0191 5352-1301 5352-6070 5352-0593","robots":{"index":"index","follow":"follow","max-snippet":"max-snippet:-1","max-image-preview":"max-image-preview:large","max-video-preview":"max-video-preview:-1"},"canonical":"https:\/\/ttemsa.com\/industria\/index.php\/checkline\/checkline-ls-9-12000\/","og_locale":"es_MX","og_type":"article","og_title":"Estroboscopio Lineal Compacto CHECKLINE LS-9-12000\u2022 Tubo de Xen\u00f3n s\u00faper brillante combinado con un reflector altamente pulido para generar l\u00edderes en la industria","og_description":"En ttemsa ofrecemos Soluciones. Solicite + info Tel\u00e9fonos: + 52 (55) 5352-0191 5352-1301 5352-6070 5352-0593","og_url":"https:\/\/ttemsa.com\/industria\/index.php\/checkline\/checkline-ls-9-12000\/","og_site_name":"industria-de-la-conversion.ttemsa","article_modified_time":"2024-09-11T17:31:08+00:00","og_image":[{"width":700,"height":453,"url":"https:\/\/ttemsa.com\/industria\/wp-content\/uploads\/2024\/03\/ls-9-12000-1.jpg","type":"image\/jpeg"}],"twitter_card":"summary_large_image","twitter_misc":{"Tiempo de lectura":"1 minuto"},"schema":{"@context":"https:\/\/schema.org","@graph":[{"@type":"WebPage","@id":"https:\/\/ttemsa.com\/industria\/index.php\/checkline\/checkline-ls-9-12000\/","url":"https:\/\/ttemsa.com\/industria\/index.php\/checkline\/checkline-ls-9-12000\/","name":"Estroboscopio Lineal Compacto CHECKLINE LS-9-12000 - industria-de-la-conversion.ttemsa","isPartOf":{"@id":"https:\/\/ttemsa.com\/industria\/#website"},"primaryImageOfPage":{"@id":"https:\/\/ttemsa.com\/industria\/index.php\/checkline\/checkline-ls-9-12000\/#primaryimage"},"image":{"@id":"https:\/\/ttemsa.com\/industria\/index.php\/checkline\/checkline-ls-9-12000\/#primaryimage"},"thumbnailUrl":"https:\/\/ttemsa.com\/industria\/wp-content\/uploads\/2024\/03\/ls-9-12000-1.jpg","datePublished":"2024-03-02T00:32:34+00:00","dateModified":"2024-09-11T17:31:08+00:00","description":"Estroboscopio Lineal Compacto CHECKLINE LS-9-12000\u2022 Tubo de Xen\u00f3n s\u00faper brillante combinado con un reflector altamente pulido para generar l\u00edderes en la industria En ttemsa ofrecemos Soluciones. Solicite + info Tel\u00e9fonos: + 52 (55) 5352-0191 5352-1301 5352-6070 5352-0593","breadcrumb":{"@id":"https:\/\/ttemsa.com\/industria\/index.php\/checkline\/checkline-ls-9-12000\/#breadcrumb"},"inLanguage":"es","potentialAction":[{"@type":"ReadAction","target":["https:\/\/ttemsa.com\/industria\/index.php\/checkline\/checkline-ls-9-12000\/"]}]},{"@type":"ImageObject","inLanguage":"es","@id":"https:\/\/ttemsa.com\/industria\/index.php\/checkline\/checkline-ls-9-12000\/#primaryimage","url":"https:\/\/ttemsa.com\/industria\/wp-content\/uploads\/2024\/03\/ls-9-12000-1.jpg","contentUrl":"https:\/\/ttemsa.com\/industria\/wp-content\/uploads\/2024\/03\/ls-9-12000-1.jpg","width":700,"height":453},{"@type":"BreadcrumbList","@id":"https:\/\/ttemsa.com\/industria\/index.php\/checkline\/checkline-ls-9-12000\/#breadcrumb","itemListElement":[{"@type":"ListItem","position":1,"name":"Inicio","item":"https:\/\/ttemsa.com\/industria\/"},{"@type":"ListItem","position":2,"name":"CHECK-LINE Cat\u00e1logo General","item":"https:\/\/ttemsa.com\/industria\/index.php\/checkline\/"},{"@type":"ListItem","position":3,"name":"Estroboscopio Lineal Compacto CHECKLINE LS-9-12000"}]},{"@type":"WebSite","@id":"https:\/\/ttemsa.com\/industria\/#website","url":"https:\/\/ttemsa.com\/industria\/","name":"industria-de-la-conversion.ttemsa","description":"Designed Dianalacazadora.com","alternateName":"ttemsa l\u00edderes en la industria de la conversi\u00f3n","potentialAction":[{"@type":"SearchAction","target":{"@type":"EntryPoint","urlTemplate":"https:\/\/ttemsa.com\/industria\/?s={search_term_string}"},"query-input":{"@type":"PropertyValueSpecification","valueRequired":true,"valueName":"search_term_string"}}],"inLanguage":"es"}]}},"_links":{"self":[{"href":"https:\/\/ttemsa.com\/industria\/index.php\/wp-json\/wp\/v2\/pages\/1834","targetHints":{"allow":["GET"]}}],"collection":[{"href":"https:\/\/ttemsa.com\/industria\/index.php\/wp-json\/wp\/v2\/pages"}],"about":[{"href":"https:\/\/ttemsa.com\/industria\/index.php\/wp-json\/wp\/v2\/types\/page"}],"author":[{"embeddable":true,"href":"https:\/\/ttemsa.com\/industria\/index.php\/wp-json\/wp\/v2\/users\/1"}],"replies":[{"embeddable":true,"href":"https:\/\/ttemsa.com\/industria\/index.php\/wp-json\/wp\/v2\/comments?post=1834"}],"version-history":[{"count":3,"href":"https:\/\/ttemsa.com\/industria\/index.php\/wp-json\/wp\/v2\/pages\/1834\/revisions"}],"predecessor-version":[{"id":3022,"href":"https:\/\/ttemsa.com\/industria\/index.php\/wp-json\/wp\/v2\/pages\/1834\/revisions\/3022"}],"up":[{"embeddable":true,"href":"https:\/\/ttemsa.com\/industria\/index.php\/wp-json\/wp\/v2\/pages\/18"}],"wp:attachment":[{"href":"https:\/\/ttemsa.com\/industria\/index.php\/wp-json\/wp\/v2\/media?parent=1834"}],"wp:term":[{"taxonomy":"category","embeddable":true,"href":"https:\/\/ttemsa.com\/industria\/index.php\/wp-json\/wp\/v2\/categories?post=1834"},{"taxonomy":"post_tag","embeddable":true,"href":"https:\/\/ttemsa.com\/industria\/index.php\/wp-json\/wp\/v2\/tags?post=1834"}],"curies":[{"name":"wp","href":"https:\/\/api.w.org\/{rel}","templated":true}]}}