{"id":1839,"date":"2024-03-02T00:33:05","date_gmt":"2024-03-02T00:33:05","guid":{"rendered":"https:\/\/ttemsa.com\/industria\/index.php\/check-line\/check-copy-copy-copy-copy-copy-copy-copy-copy\/"},"modified":"2024-09-11T17:38:34","modified_gmt":"2024-09-11T17:38:34","slug":"checkline-qb-led","status":"publish","type":"page","link":"https:\/\/ttemsa.com\/industria\/index.php\/checkline\/checkline-qb-led\/","title":{"rendered":"Estroboscopio LED de mano CHECKLINE QB-LED"},"content":{"rendered":"<div class=\"wp-block-image\">\n<figure class=\"aligncenter size-full\"><img loading=\"lazy\" decoding=\"async\" width=\"549\" height=\"388\" src=\"https:\/\/ttemsa.com\/industria\/wp-content\/uploads\/2024\/03\/Checkline-QB-LED.png\" alt=\"\" class=\"wp-image-2554\" srcset=\"https:\/\/ttemsa.com\/industria\/wp-content\/uploads\/2024\/03\/Checkline-QB-LED.png 549w, https:\/\/ttemsa.com\/industria\/wp-content\/uploads\/2024\/03\/Checkline-QB-LED-300x212.png 300w\" sizes=\"auto, (max-width: 549px) 100vw, 549px\" \/><\/figure>\n<\/div>\n\n<div class=\"wp-block-image\">\n<figure class=\"aligncenter size-full is-resized\"><img loading=\"lazy\" decoding=\"async\" width=\"465\" height=\"324\" src=\"https:\/\/ttemsa.com\/industria\/wp-content\/uploads\/2024\/03\/logo.png\" alt=\"\" class=\"wp-image-2531\" style=\"width:171px;height:auto\" srcset=\"https:\/\/ttemsa.com\/industria\/wp-content\/uploads\/2024\/03\/logo.png 465w, https:\/\/ttemsa.com\/industria\/wp-content\/uploads\/2024\/03\/logo-300x209.png 300w\" sizes=\"auto, (max-width: 465px) 100vw, 465px\" \/><\/figure>\n<\/div>\n\n\n<p>El estroboscopio LED de mano cuenta con 40 LEDs de alta potencia para proporcionar un brillo m\u00e1ximo de 5,000 LUX<\/p>\n\n\n\n<p>La&nbsp;<strong>Check-Line\u00ae QB-LED<\/strong>&nbsp;proporciona la salida de luz m\u00e1s alta en su clase.<\/p>\n\n\n\n<p>Dise\u00f1ado para la inspecci\u00f3n visual y an\u00e1lisis de movimiento, su dise\u00f1o robusto y su resistente carcasa de aluminio son ideales para los entornos industriales m\u00e1s dif\u00edciles.<\/p>\n\n\n\n<p>La<strong>&nbsp;QB-LED<\/strong>&nbsp;es extremadamente f\u00e1cil de usar.<\/p>\n\n\n\n<p>Cuenta con un men\u00fa simple para acceder a funciones comunes y especiales.<\/p>\n\n\n\n<p>Los controles de operaci\u00f3n est\u00e1n ubicados convenientemente en el panel posterior.<\/p>\n\n\n\n<p><strong><em>Aplicaciones:<\/em><\/strong><\/p>\n\n\n\n<ul class=\"wp-block-list\">\n<li>An\u00e1lisis de movimiento y vibraci\u00f3n<\/li>\n\n\n\n<li>Balanceo de ejes giratorios<\/li>\n\n\n\n<li>Ventiladores<\/li>\n\n\n\n<li>Levas<\/li>\n\n\n\n<li>An\u00e1lisis de movimiento a alta velocidad de altavoces y m\u00e1s.<\/li>\n<\/ul>\n\n\n\n<p>La\u00a0<strong>QB-LED<\/strong>\u00a0es ideal para su uso en la industria textil, papelera, producci\u00f3n de chapa, automotr\u00edz e impresi\u00f3n.<\/p>\n","protected":false},"excerpt":{"rendered":"<p>El estroboscopio LED de mano cuenta con 40 LEDs de alta potencia para proporcionar un brillo m\u00e1ximo de 5,000 LUX La&nbsp;Check-Line\u00ae QB-LED&nbsp;proporciona la salida de luz m\u00e1s alta en su clase. Dise\u00f1ado para la inspecci\u00f3n visual y an\u00e1lisis de movimiento, su dise\u00f1o robusto y su resistente carcasa de aluminio son ideales para los entornos industriales [&hellip;]<\/p>\n","protected":false},"author":1,"featured_media":0,"parent":18,"menu_order":1,"comment_status":"closed","ping_status":"closed","template":"","meta":{"content-type":"","footnotes":""},"categories":[22],"tags":[],"class_list":["post-1839","page","type-page","status-publish","hentry","category-checkline"],"yoast_head":"<!-- This site is optimized with the Yoast SEO plugin v26.6 - https:\/\/yoast.com\/wordpress\/plugins\/seo\/ -->\n<title>Estroboscopio LED de mano CHECKLINE QB-LED - industria-de-la-conversion.ttemsa<\/title>\n<meta name=\"description\" content=\"CHECKLINE QB-LED. El estroboscopio LED de mano cuenta con 40 LEDs de alta potencia para proporcionar un brillo m\u00e1ximo de 5,000 LUX\" \/>\n<meta name=\"robots\" content=\"index, follow, max-snippet:-1, max-image-preview:large, max-video-preview:-1\" \/>\n<link rel=\"canonical\" href=\"https:\/\/ttemsa.com\/industria\/index.php\/checkline\/checkline-qb-led\/\" \/>\n<meta property=\"og:locale\" content=\"es_MX\" \/>\n<meta property=\"og:type\" content=\"article\" \/>\n<meta property=\"og:title\" content=\"CHECKLINE QB-LED. El estroboscopio LED de mano cuenta con 40 LEDs de alta potencia para proporcionar un brillo m\u00e1ximo de 5,000 LUX\" \/>\n<meta property=\"og:description\" content=\"En ttemsa ofrecemos Soluciones. Solicite + info Tel\u00e9fonos: + 52 (55) 5352-0191 5352-1301 5352-6070 5352-0593\" \/>\n<meta property=\"og:url\" content=\"https:\/\/ttemsa.com\/industria\/index.php\/checkline\/checkline-qb-led\/\" \/>\n<meta property=\"og:site_name\" content=\"industria-de-la-conversion.ttemsa\" \/>\n<meta property=\"article:modified_time\" content=\"2024-09-11T17:38:34+00:00\" \/>\n<meta property=\"og:image\" content=\"https:\/\/ttemsa.com\/industria\/wp-content\/uploads\/2024\/03\/Checkline-QB-LED.png\" \/>\n\t<meta property=\"og:image:width\" content=\"549\" \/>\n\t<meta property=\"og:image:height\" content=\"388\" \/>\n\t<meta property=\"og:image:type\" content=\"image\/png\" \/>\n<meta name=\"twitter:card\" content=\"summary_large_image\" \/>\n<meta name=\"twitter:label1\" content=\"Tiempo de lectura\" \/>\n\t<meta name=\"twitter:data1\" content=\"1 minuto\" \/>\n<script type=\"application\/ld+json\" class=\"yoast-schema-graph\">{\"@context\":\"https:\/\/schema.org\",\"@graph\":[{\"@type\":\"WebPage\",\"@id\":\"https:\/\/ttemsa.com\/industria\/index.php\/checkline\/checkline-qb-led\/\",\"url\":\"https:\/\/ttemsa.com\/industria\/index.php\/checkline\/checkline-qb-led\/\",\"name\":\"Estroboscopio LED de mano CHECKLINE QB-LED - industria-de-la-conversion.ttemsa\",\"isPartOf\":{\"@id\":\"https:\/\/ttemsa.com\/industria\/#website\"},\"primaryImageOfPage\":{\"@id\":\"https:\/\/ttemsa.com\/industria\/index.php\/checkline\/checkline-qb-led\/#primaryimage\"},\"image\":{\"@id\":\"https:\/\/ttemsa.com\/industria\/index.php\/checkline\/checkline-qb-led\/#primaryimage\"},\"thumbnailUrl\":\"https:\/\/ttemsa.com\/industria\/wp-content\/uploads\/2024\/03\/Checkline-QB-LED.png\",\"datePublished\":\"2024-03-02T00:33:05+00:00\",\"dateModified\":\"2024-09-11T17:38:34+00:00\",\"description\":\"CHECKLINE QB-LED. El estroboscopio LED de mano cuenta con 40 LEDs de alta potencia para proporcionar un brillo m\u00e1ximo de 5,000 LUX\",\"breadcrumb\":{\"@id\":\"https:\/\/ttemsa.com\/industria\/index.php\/checkline\/checkline-qb-led\/#breadcrumb\"},\"inLanguage\":\"es\",\"potentialAction\":[{\"@type\":\"ReadAction\",\"target\":[\"https:\/\/ttemsa.com\/industria\/index.php\/checkline\/checkline-qb-led\/\"]}]},{\"@type\":\"ImageObject\",\"inLanguage\":\"es\",\"@id\":\"https:\/\/ttemsa.com\/industria\/index.php\/checkline\/checkline-qb-led\/#primaryimage\",\"url\":\"https:\/\/ttemsa.com\/industria\/wp-content\/uploads\/2024\/03\/Checkline-QB-LED.png\",\"contentUrl\":\"https:\/\/ttemsa.com\/industria\/wp-content\/uploads\/2024\/03\/Checkline-QB-LED.png\",\"width\":549,\"height\":388},{\"@type\":\"BreadcrumbList\",\"@id\":\"https:\/\/ttemsa.com\/industria\/index.php\/checkline\/checkline-qb-led\/#breadcrumb\",\"itemListElement\":[{\"@type\":\"ListItem\",\"position\":1,\"name\":\"Inicio\",\"item\":\"https:\/\/ttemsa.com\/industria\/\"},{\"@type\":\"ListItem\",\"position\":2,\"name\":\"CHECK-LINE Cat\u00e1logo General\",\"item\":\"https:\/\/ttemsa.com\/industria\/index.php\/checkline\/\"},{\"@type\":\"ListItem\",\"position\":3,\"name\":\"Estroboscopio LED de mano CHECKLINE QB-LED\"}]},{\"@type\":\"WebSite\",\"@id\":\"https:\/\/ttemsa.com\/industria\/#website\",\"url\":\"https:\/\/ttemsa.com\/industria\/\",\"name\":\"industria-de-la-conversion.ttemsa\",\"description\":\"Designed Dianalacazadora.com\",\"alternateName\":\"ttemsa l\u00edderes en la industria de la conversi\u00f3n\",\"potentialAction\":[{\"@type\":\"SearchAction\",\"target\":{\"@type\":\"EntryPoint\",\"urlTemplate\":\"https:\/\/ttemsa.com\/industria\/?s={search_term_string}\"},\"query-input\":{\"@type\":\"PropertyValueSpecification\",\"valueRequired\":true,\"valueName\":\"search_term_string\"}}],\"inLanguage\":\"es\"}]}<\/script>\n<!-- \/ Yoast SEO plugin. -->","yoast_head_json":{"title":"Estroboscopio LED de mano CHECKLINE QB-LED - industria-de-la-conversion.ttemsa","description":"CHECKLINE QB-LED. El estroboscopio LED de mano cuenta con 40 LEDs de alta potencia para proporcionar un brillo m\u00e1ximo de 5,000 LUX","robots":{"index":"index","follow":"follow","max-snippet":"max-snippet:-1","max-image-preview":"max-image-preview:large","max-video-preview":"max-video-preview:-1"},"canonical":"https:\/\/ttemsa.com\/industria\/index.php\/checkline\/checkline-qb-led\/","og_locale":"es_MX","og_type":"article","og_title":"CHECKLINE QB-LED. El estroboscopio LED de mano cuenta con 40 LEDs de alta potencia para proporcionar un brillo m\u00e1ximo de 5,000 LUX","og_description":"En ttemsa ofrecemos Soluciones. Solicite + info Tel\u00e9fonos: + 52 (55) 5352-0191 5352-1301 5352-6070 5352-0593","og_url":"https:\/\/ttemsa.com\/industria\/index.php\/checkline\/checkline-qb-led\/","og_site_name":"industria-de-la-conversion.ttemsa","article_modified_time":"2024-09-11T17:38:34+00:00","og_image":[{"width":549,"height":388,"url":"https:\/\/ttemsa.com\/industria\/wp-content\/uploads\/2024\/03\/Checkline-QB-LED.png","type":"image\/png"}],"twitter_card":"summary_large_image","twitter_misc":{"Tiempo de lectura":"1 minuto"},"schema":{"@context":"https:\/\/schema.org","@graph":[{"@type":"WebPage","@id":"https:\/\/ttemsa.com\/industria\/index.php\/checkline\/checkline-qb-led\/","url":"https:\/\/ttemsa.com\/industria\/index.php\/checkline\/checkline-qb-led\/","name":"Estroboscopio LED de mano CHECKLINE QB-LED - industria-de-la-conversion.ttemsa","isPartOf":{"@id":"https:\/\/ttemsa.com\/industria\/#website"},"primaryImageOfPage":{"@id":"https:\/\/ttemsa.com\/industria\/index.php\/checkline\/checkline-qb-led\/#primaryimage"},"image":{"@id":"https:\/\/ttemsa.com\/industria\/index.php\/checkline\/checkline-qb-led\/#primaryimage"},"thumbnailUrl":"https:\/\/ttemsa.com\/industria\/wp-content\/uploads\/2024\/03\/Checkline-QB-LED.png","datePublished":"2024-03-02T00:33:05+00:00","dateModified":"2024-09-11T17:38:34+00:00","description":"CHECKLINE QB-LED. El estroboscopio LED de mano cuenta con 40 LEDs de alta potencia para proporcionar un brillo m\u00e1ximo de 5,000 LUX","breadcrumb":{"@id":"https:\/\/ttemsa.com\/industria\/index.php\/checkline\/checkline-qb-led\/#breadcrumb"},"inLanguage":"es","potentialAction":[{"@type":"ReadAction","target":["https:\/\/ttemsa.com\/industria\/index.php\/checkline\/checkline-qb-led\/"]}]},{"@type":"ImageObject","inLanguage":"es","@id":"https:\/\/ttemsa.com\/industria\/index.php\/checkline\/checkline-qb-led\/#primaryimage","url":"https:\/\/ttemsa.com\/industria\/wp-content\/uploads\/2024\/03\/Checkline-QB-LED.png","contentUrl":"https:\/\/ttemsa.com\/industria\/wp-content\/uploads\/2024\/03\/Checkline-QB-LED.png","width":549,"height":388},{"@type":"BreadcrumbList","@id":"https:\/\/ttemsa.com\/industria\/index.php\/checkline\/checkline-qb-led\/#breadcrumb","itemListElement":[{"@type":"ListItem","position":1,"name":"Inicio","item":"https:\/\/ttemsa.com\/industria\/"},{"@type":"ListItem","position":2,"name":"CHECK-LINE Cat\u00e1logo General","item":"https:\/\/ttemsa.com\/industria\/index.php\/checkline\/"},{"@type":"ListItem","position":3,"name":"Estroboscopio LED de mano CHECKLINE QB-LED"}]},{"@type":"WebSite","@id":"https:\/\/ttemsa.com\/industria\/#website","url":"https:\/\/ttemsa.com\/industria\/","name":"industria-de-la-conversion.ttemsa","description":"Designed Dianalacazadora.com","alternateName":"ttemsa l\u00edderes en la industria de la conversi\u00f3n","potentialAction":[{"@type":"SearchAction","target":{"@type":"EntryPoint","urlTemplate":"https:\/\/ttemsa.com\/industria\/?s={search_term_string}"},"query-input":{"@type":"PropertyValueSpecification","valueRequired":true,"valueName":"search_term_string"}}],"inLanguage":"es"}]}},"_links":{"self":[{"href":"https:\/\/ttemsa.com\/industria\/index.php\/wp-json\/wp\/v2\/pages\/1839","targetHints":{"allow":["GET"]}}],"collection":[{"href":"https:\/\/ttemsa.com\/industria\/index.php\/wp-json\/wp\/v2\/pages"}],"about":[{"href":"https:\/\/ttemsa.com\/industria\/index.php\/wp-json\/wp\/v2\/types\/page"}],"author":[{"embeddable":true,"href":"https:\/\/ttemsa.com\/industria\/index.php\/wp-json\/wp\/v2\/users\/1"}],"replies":[{"embeddable":true,"href":"https:\/\/ttemsa.com\/industria\/index.php\/wp-json\/wp\/v2\/comments?post=1839"}],"version-history":[{"count":3,"href":"https:\/\/ttemsa.com\/industria\/index.php\/wp-json\/wp\/v2\/pages\/1839\/revisions"}],"predecessor-version":[{"id":3705,"href":"https:\/\/ttemsa.com\/industria\/index.php\/wp-json\/wp\/v2\/pages\/1839\/revisions\/3705"}],"up":[{"embeddable":true,"href":"https:\/\/ttemsa.com\/industria\/index.php\/wp-json\/wp\/v2\/pages\/18"}],"wp:attachment":[{"href":"https:\/\/ttemsa.com\/industria\/index.php\/wp-json\/wp\/v2\/media?parent=1839"}],"wp:term":[{"taxonomy":"category","embeddable":true,"href":"https:\/\/ttemsa.com\/industria\/index.php\/wp-json\/wp\/v2\/categories?post=1839"},{"taxonomy":"post_tag","embeddable":true,"href":"https:\/\/ttemsa.com\/industria\/index.php\/wp-json\/wp\/v2\/tags?post=1839"}],"curies":[{"name":"wp","href":"https:\/\/api.w.org\/{rel}","templated":true}]}}