{"id":1874,"date":"2024-03-02T00:47:23","date_gmt":"2024-03-02T00:47:23","guid":{"rendered":"https:\/\/ttemsa.com\/industria\/index.php\/dings\/catalogo-general-copy\/"},"modified":"2024-09-05T22:55:21","modified_gmt":"2024-09-05T22:55:21","slug":"frenos-electromagneticos-de-resorte-aplicado-2","status":"publish","type":"page","link":"https:\/\/ttemsa.com\/industria\/index.php\/dings\/frenos-electromagneticos-de-resorte-aplicado-2\/","title":{"rendered":"Frenos Electromagn\u00e9ticos"},"content":{"rendered":"\n<p><strong>&nbsp;Frenos Electromagn\u00e9ticos de Resorte Aplicado<\/strong><\/p>\n\n\n\n<figure class=\"wp-block-table\"><table><tbody><tr><td><strong>Cuando se energiza se libera y gira libre.<\/strong>&nbsp;<\/td><td><img loading=\"lazy\" decoding=\"async\" src=\"https:\/\/ttemsa.com\/images\/dings\/dings.gif\" alt=\"\" width=\"192\" height=\"185\"><\/td><td><strong>Cuando se desenergiza los resortes presionan el plato contra los discos de fricci\u00f3n, cumpliendo con el frenado del motor<\/strong><\/td><td><img decoding=\"async\" src=\"https:\/\/ttemsa.com\/images\/dings\/dings2.gif\" alt=\"\"><\/td><\/tr><\/tbody><\/table><\/figure>\n\n\n\n<p><strong>A continuaci\u00f3n se muestran algunos de los montajes que se utilizan en los Frenos<\/strong><\/p>\n\n\n\n<figure class=\"wp-block-image\"><img decoding=\"async\" src=\"https:\/\/ttemsa.com\/images\/dings\/dings3.gif\" alt=\"\"\/><\/figure>\n\n\n\n<p>Frenos Brida C<\/p>\n\n\n\n<p>Los frenos electromagn\u00e9ticos de seguridad Dings&nbsp; con brida C se dividen en 5 diferentes series dependiendo el tama\u00f1o (brida) del motor y cuentan con capacidades de 3\/8 lb-pie hasta 460 lb-pie, estos frenos se montan regularmente en la parte trasera del motor como se muestra en la figura.<\/p>\n\n\n\n<p>A continuaci\u00f3n se muestran las diferentes series de frenos Dings seg\u00fan&nbsp;su tama\u00f1o.<img loading=\"lazy\" decoding=\"async\" src=\"https:\/\/ttemsa.com\/images\/dings\/dings4.gif\" alt=\"\" width=\"642\" height=\"201\"><\/p>\n\n\n\n<figure class=\"wp-block-table\"><table><tbody><tr><td><strong>Serie 40<\/strong>Para motor peque\u00f1os de CA y CD.<br>Capacidades de 3\/8 y 3\/4 lb.ft.<br>Encapsulamiento NEMA 2&nbsp; IP40.<br>Fabricado en acero.<br>Alimentaci\u00f3n 115\/220 V 60Hz.<br>Con liberaci\u00f3n manual opcional.<\/td><td><img loading=\"lazy\" decoding=\"async\" src=\"https:\/\/ttemsa.com\/images\/dings\/40.png\" alt=\"\" width=\"141\" height=\"130\"><\/td><\/tr><tr><td><strong>Serie 50<\/strong><br>Tama\u00f1o compacto.<br>Capacidades de 1.5, 3 y 6 lb.ftArmaz\u00f3n 48C.<br>Encapsulamiento Nema 2 IP40.<br>Fabricado en acero.<br>Alimentaci\u00f3n de 115, 220\/440 V 60Hz.<br>Liberaci\u00f3n Manual .<\/td><td><img loading=\"lazy\" decoding=\"async\" src=\"https:\/\/ttemsa.com\/images\/dings\/50.png\" alt=\"\" width=\"148\" height=\"160\"><\/td><\/tr><tr><td><strong>Serie 60<\/strong>Capacidades de 1.5 a 25 lb.ft.<br>Armaz\u00f3n 56C, 143TC y 145TC.<br>Encapsulamiento Nema 2 IP41, tambi\u00e9n contamos con encapsulamientos especiales.<br>Fabricado en Aluminio moldeado o hierro colado<br>Liberaci\u00f3n manual.<br>Alimentaci\u00f3n 115, 220\/440 V 60 Hz.&nbsp;<\/td><td><img loading=\"lazy\" decoding=\"async\" src=\"https:\/\/ttemsa.com\/images\/dings\/60.png\" alt=\"\" width=\"152\" height=\"147\"><\/td><\/tr><tr><td><strong>Serie 70<\/strong><br>Capacidades de 10 a 70 lb.ft<br>Armazones de 182TC a 256TC.<br>Encapsulamiento Nema 2 IP41, tambi\u00e9n contamos con encapsulamientos especiales.<br>Modelos a prueba de explosi\u00f3n.&nbsp;<br>Fabricaci\u00f3n de hierro colado con cubierta de aluminio<br>Liberaci\u00f3n Manual.<br>Alimentaci\u00f3n est\u00e1ndar 220\/440 V, 3 fases, 60 Hz.<br>Ejes con dos postes para uso normal o 4 postes<br>para aplicaciones de trabajo continuo.&nbsp;<\/td><td><img loading=\"lazy\" decoding=\"async\" src=\"https:\/\/ttemsa.com\/images\/dings\/70.png\" alt=\"\" width=\"178\" height=\"144\"><\/td><\/tr><tr><td><strong>Serie 80<\/strong>Mismas caracteristicas que la serie 70.<br>Armazon 284 TC y 286 TC.<br>Capacidades de 25 a 175 lb.ft<br>Tambien con 2 y 4 postes.<\/td><td><img loading=\"lazy\" decoding=\"async\" src=\"https:\/\/ttemsa.com\/images\/dings\/90.jpg\" alt=\"\" width=\"157\" height=\"185\"><\/td><\/tr><tr><td><strong>Serie 90<\/strong>Nuestro freno de mayor capacidad.<br>Capacidades entre 180 y 450 lf.ft.<br>Caracter\u00edsticas el\u00e9ctricas y de encapsulamiento&nbsp;<br>iguales a la serie 70.<\/td><td><img loading=\"lazy\" decoding=\"async\" src=\"https:\/\/ttemsa.com\/images\/dings\/900.jpg\" alt=\"\" width=\"148\" height=\"150\"><\/td><\/tr><\/tbody><\/table><\/figure>\n","protected":false},"excerpt":{"rendered":"<p>&nbsp;Frenos Electromagn\u00e9ticos de Resorte Aplicado Cuando se energiza se libera y gira libre.&nbsp; Cuando se desenergiza los resortes presionan el plato contra los discos de fricci\u00f3n, cumpliendo con el frenado del motor A continuaci\u00f3n se muestran algunos de los montajes que se utilizan en los Frenos Frenos Brida C Los frenos electromagn\u00e9ticos de seguridad Dings&nbsp; [&hellip;]<\/p>\n","protected":false},"author":1,"featured_media":0,"parent":347,"menu_order":0,"comment_status":"closed","ping_status":"closed","template":"","meta":{"content-type":"","footnotes":""},"categories":[26],"tags":[],"class_list":["post-1874","page","type-page","status-publish","hentry","category-dings"],"yoast_head":"<!-- This site is optimized with the Yoast SEO plugin v26.6 - https:\/\/yoast.com\/wordpress\/plugins\/seo\/ -->\n<title>Frenos Electromagn\u00e9ticos - industria-de-la-conversion.ttemsa<\/title>\n<meta name=\"description\" content=\"Frenos Electromagn\u00e9ticos de Resorte Aplicado. Los frenos electromagn\u00e9ticos de seguridad Dings con brida C se dividen en 5 diferentes series dependiendo el tama\u00f1o (brida) del motor y cuentan con capacidades\" \/>\n<meta name=\"robots\" content=\"index, follow, max-snippet:-1, max-image-preview:large, max-video-preview:-1\" \/>\n<link rel=\"canonical\" href=\"https:\/\/ttemsa.com\/industria\/index.php\/dings\/frenos-electromagneticos-de-resorte-aplicado-2\/\" \/>\n<meta property=\"og:locale\" content=\"es_MX\" \/>\n<meta property=\"og:type\" content=\"article\" \/>\n<meta property=\"og:title\" content=\"Frenos Electromagn\u00e9ticos de Resorte Aplicado. Los frenos electromagn\u00e9ticos de seguridad Dings con brida C se dividen en 5 diferentes series dependiendo el tama\u00f1o (brida) del motor y cuentan con capacidades\" \/>\n<meta property=\"og:description\" content=\"En ttemsa ofrecemos Soluciones. Solicite + info Tel\u00e9fonos: + 52 (55) 5352-0191 5352-1301 5352-6070 5352-0593\" \/>\n<meta property=\"og:url\" content=\"https:\/\/ttemsa.com\/industria\/index.php\/dings\/frenos-electromagneticos-de-resorte-aplicado-2\/\" \/>\n<meta property=\"og:site_name\" content=\"industria-de-la-conversion.ttemsa\" \/>\n<meta property=\"article:modified_time\" content=\"2024-09-05T22:55:21+00:00\" \/>\n<meta property=\"og:image\" content=\"https:\/\/ttemsa.com\/industria\/wp-content\/uploads\/2024\/03\/Captura-de-pantalla-2024-03-06-a-las-1.27.21-p.m.png\" \/>\n\t<meta property=\"og:image:width\" content=\"650\" \/>\n\t<meta property=\"og:image:height\" content=\"516\" \/>\n\t<meta property=\"og:image:type\" content=\"image\/png\" \/>\n<meta name=\"twitter:card\" content=\"summary_large_image\" \/>\n<meta name=\"twitter:label1\" content=\"Tiempo de lectura\" \/>\n\t<meta name=\"twitter:data1\" content=\"4 minutos\" \/>\n<script type=\"application\/ld+json\" class=\"yoast-schema-graph\">{\"@context\":\"https:\/\/schema.org\",\"@graph\":[{\"@type\":\"WebPage\",\"@id\":\"https:\/\/ttemsa.com\/industria\/index.php\/dings\/frenos-electromagneticos-de-resorte-aplicado-2\/\",\"url\":\"https:\/\/ttemsa.com\/industria\/index.php\/dings\/frenos-electromagneticos-de-resorte-aplicado-2\/\",\"name\":\"Frenos Electromagn\u00e9ticos - industria-de-la-conversion.ttemsa\",\"isPartOf\":{\"@id\":\"https:\/\/ttemsa.com\/industria\/#website\"},\"primaryImageOfPage\":{\"@id\":\"https:\/\/ttemsa.com\/industria\/index.php\/dings\/frenos-electromagneticos-de-resorte-aplicado-2\/#primaryimage\"},\"image\":{\"@id\":\"https:\/\/ttemsa.com\/industria\/index.php\/dings\/frenos-electromagneticos-de-resorte-aplicado-2\/#primaryimage\"},\"thumbnailUrl\":\"https:\/\/ttemsa.com\/images\/dings\/dings.gif\",\"datePublished\":\"2024-03-02T00:47:23+00:00\",\"dateModified\":\"2024-09-05T22:55:21+00:00\",\"description\":\"Frenos Electromagn\u00e9ticos de Resorte Aplicado. Los frenos electromagn\u00e9ticos de seguridad Dings con brida C se dividen en 5 diferentes series dependiendo el tama\u00f1o (brida) del motor y cuentan con capacidades\",\"breadcrumb\":{\"@id\":\"https:\/\/ttemsa.com\/industria\/index.php\/dings\/frenos-electromagneticos-de-resorte-aplicado-2\/#breadcrumb\"},\"inLanguage\":\"es\",\"potentialAction\":[{\"@type\":\"ReadAction\",\"target\":[\"https:\/\/ttemsa.com\/industria\/index.php\/dings\/frenos-electromagneticos-de-resorte-aplicado-2\/\"]}]},{\"@type\":\"ImageObject\",\"inLanguage\":\"es\",\"@id\":\"https:\/\/ttemsa.com\/industria\/index.php\/dings\/frenos-electromagneticos-de-resorte-aplicado-2\/#primaryimage\",\"url\":\"https:\/\/ttemsa.com\/images\/dings\/dings.gif\",\"contentUrl\":\"https:\/\/ttemsa.com\/images\/dings\/dings.gif\"},{\"@type\":\"BreadcrumbList\",\"@id\":\"https:\/\/ttemsa.com\/industria\/index.php\/dings\/frenos-electromagneticos-de-resorte-aplicado-2\/#breadcrumb\",\"itemListElement\":[{\"@type\":\"ListItem\",\"position\":1,\"name\":\"Inicio\",\"item\":\"https:\/\/ttemsa.com\/industria\/\"},{\"@type\":\"ListItem\",\"position\":2,\"name\":\"DINGS\",\"item\":\"https:\/\/ttemsa.com\/industria\/index.php\/dings\/\"},{\"@type\":\"ListItem\",\"position\":3,\"name\":\"Frenos Electromagn\u00e9ticos\"}]},{\"@type\":\"WebSite\",\"@id\":\"https:\/\/ttemsa.com\/industria\/#website\",\"url\":\"https:\/\/ttemsa.com\/industria\/\",\"name\":\"industria-de-la-conversion.ttemsa\",\"description\":\"Designed Dianalacazadora.com\",\"alternateName\":\"ttemsa l\u00edderes en la industria de la conversi\u00f3n\",\"potentialAction\":[{\"@type\":\"SearchAction\",\"target\":{\"@type\":\"EntryPoint\",\"urlTemplate\":\"https:\/\/ttemsa.com\/industria\/?s={search_term_string}\"},\"query-input\":{\"@type\":\"PropertyValueSpecification\",\"valueRequired\":true,\"valueName\":\"search_term_string\"}}],\"inLanguage\":\"es\"}]}<\/script>\n<!-- \/ Yoast SEO plugin. -->","yoast_head_json":{"title":"Frenos Electromagn\u00e9ticos - industria-de-la-conversion.ttemsa","description":"Frenos Electromagn\u00e9ticos de Resorte Aplicado. Los frenos electromagn\u00e9ticos de seguridad Dings con brida C se dividen en 5 diferentes series dependiendo el tama\u00f1o (brida) del motor y cuentan con capacidades","robots":{"index":"index","follow":"follow","max-snippet":"max-snippet:-1","max-image-preview":"max-image-preview:large","max-video-preview":"max-video-preview:-1"},"canonical":"https:\/\/ttemsa.com\/industria\/index.php\/dings\/frenos-electromagneticos-de-resorte-aplicado-2\/","og_locale":"es_MX","og_type":"article","og_title":"Frenos Electromagn\u00e9ticos de Resorte Aplicado. Los frenos electromagn\u00e9ticos de seguridad Dings con brida C se dividen en 5 diferentes series dependiendo el tama\u00f1o (brida) del motor y cuentan con capacidades","og_description":"En ttemsa ofrecemos Soluciones. Solicite + info Tel\u00e9fonos: + 52 (55) 5352-0191 5352-1301 5352-6070 5352-0593","og_url":"https:\/\/ttemsa.com\/industria\/index.php\/dings\/frenos-electromagneticos-de-resorte-aplicado-2\/","og_site_name":"industria-de-la-conversion.ttemsa","article_modified_time":"2024-09-05T22:55:21+00:00","og_image":[{"width":650,"height":516,"url":"https:\/\/ttemsa.com\/industria\/wp-content\/uploads\/2024\/03\/Captura-de-pantalla-2024-03-06-a-las-1.27.21-p.m.png","type":"image\/png"}],"twitter_card":"summary_large_image","twitter_misc":{"Tiempo de lectura":"4 minutos"},"schema":{"@context":"https:\/\/schema.org","@graph":[{"@type":"WebPage","@id":"https:\/\/ttemsa.com\/industria\/index.php\/dings\/frenos-electromagneticos-de-resorte-aplicado-2\/","url":"https:\/\/ttemsa.com\/industria\/index.php\/dings\/frenos-electromagneticos-de-resorte-aplicado-2\/","name":"Frenos Electromagn\u00e9ticos - industria-de-la-conversion.ttemsa","isPartOf":{"@id":"https:\/\/ttemsa.com\/industria\/#website"},"primaryImageOfPage":{"@id":"https:\/\/ttemsa.com\/industria\/index.php\/dings\/frenos-electromagneticos-de-resorte-aplicado-2\/#primaryimage"},"image":{"@id":"https:\/\/ttemsa.com\/industria\/index.php\/dings\/frenos-electromagneticos-de-resorte-aplicado-2\/#primaryimage"},"thumbnailUrl":"https:\/\/ttemsa.com\/images\/dings\/dings.gif","datePublished":"2024-03-02T00:47:23+00:00","dateModified":"2024-09-05T22:55:21+00:00","description":"Frenos Electromagn\u00e9ticos de Resorte Aplicado. Los frenos electromagn\u00e9ticos de seguridad Dings con brida C se dividen en 5 diferentes series dependiendo el tama\u00f1o (brida) del motor y cuentan con capacidades","breadcrumb":{"@id":"https:\/\/ttemsa.com\/industria\/index.php\/dings\/frenos-electromagneticos-de-resorte-aplicado-2\/#breadcrumb"},"inLanguage":"es","potentialAction":[{"@type":"ReadAction","target":["https:\/\/ttemsa.com\/industria\/index.php\/dings\/frenos-electromagneticos-de-resorte-aplicado-2\/"]}]},{"@type":"ImageObject","inLanguage":"es","@id":"https:\/\/ttemsa.com\/industria\/index.php\/dings\/frenos-electromagneticos-de-resorte-aplicado-2\/#primaryimage","url":"https:\/\/ttemsa.com\/images\/dings\/dings.gif","contentUrl":"https:\/\/ttemsa.com\/images\/dings\/dings.gif"},{"@type":"BreadcrumbList","@id":"https:\/\/ttemsa.com\/industria\/index.php\/dings\/frenos-electromagneticos-de-resorte-aplicado-2\/#breadcrumb","itemListElement":[{"@type":"ListItem","position":1,"name":"Inicio","item":"https:\/\/ttemsa.com\/industria\/"},{"@type":"ListItem","position":2,"name":"DINGS","item":"https:\/\/ttemsa.com\/industria\/index.php\/dings\/"},{"@type":"ListItem","position":3,"name":"Frenos Electromagn\u00e9ticos"}]},{"@type":"WebSite","@id":"https:\/\/ttemsa.com\/industria\/#website","url":"https:\/\/ttemsa.com\/industria\/","name":"industria-de-la-conversion.ttemsa","description":"Designed Dianalacazadora.com","alternateName":"ttemsa l\u00edderes en la industria de la conversi\u00f3n","potentialAction":[{"@type":"SearchAction","target":{"@type":"EntryPoint","urlTemplate":"https:\/\/ttemsa.com\/industria\/?s={search_term_string}"},"query-input":{"@type":"PropertyValueSpecification","valueRequired":true,"valueName":"search_term_string"}}],"inLanguage":"es"}]}},"_links":{"self":[{"href":"https:\/\/ttemsa.com\/industria\/index.php\/wp-json\/wp\/v2\/pages\/1874","targetHints":{"allow":["GET"]}}],"collection":[{"href":"https:\/\/ttemsa.com\/industria\/index.php\/wp-json\/wp\/v2\/pages"}],"about":[{"href":"https:\/\/ttemsa.com\/industria\/index.php\/wp-json\/wp\/v2\/types\/page"}],"author":[{"embeddable":true,"href":"https:\/\/ttemsa.com\/industria\/index.php\/wp-json\/wp\/v2\/users\/1"}],"replies":[{"embeddable":true,"href":"https:\/\/ttemsa.com\/industria\/index.php\/wp-json\/wp\/v2\/comments?post=1874"}],"version-history":[{"count":2,"href":"https:\/\/ttemsa.com\/industria\/index.php\/wp-json\/wp\/v2\/pages\/1874\/revisions"}],"predecessor-version":[{"id":2600,"href":"https:\/\/ttemsa.com\/industria\/index.php\/wp-json\/wp\/v2\/pages\/1874\/revisions\/2600"}],"up":[{"embeddable":true,"href":"https:\/\/ttemsa.com\/industria\/index.php\/wp-json\/wp\/v2\/pages\/347"}],"wp:attachment":[{"href":"https:\/\/ttemsa.com\/industria\/index.php\/wp-json\/wp\/v2\/media?parent=1874"}],"wp:term":[{"taxonomy":"category","embeddable":true,"href":"https:\/\/ttemsa.com\/industria\/index.php\/wp-json\/wp\/v2\/categories?post=1874"},{"taxonomy":"post_tag","embeddable":true,"href":"https:\/\/ttemsa.com\/industria\/index.php\/wp-json\/wp\/v2\/tags?post=1874"}],"curies":[{"name":"wp","href":"https:\/\/api.w.org\/{rel}","templated":true}]}}