{"id":2055,"date":"2024-03-02T19:47:26","date_gmt":"2024-03-02T19:47:26","guid":{"rendered":"https:\/\/ttemsa.com\/industria\/index.php\/fife\/fife-sensores-de-alineacionp-copy\/"},"modified":"2024-09-09T20:14:06","modified_gmt":"2024-09-09T20:14:06","slug":"fife-sensores-se23","status":"publish","type":"page","link":"https:\/\/ttemsa.com\/industria\/index.php\/fife-alineacion\/fife-sensores-de-alineacion\/fife-sensores-se23\/","title":{"rendered":"Sensor Infrarojo Fife SE-23"},"content":{"rendered":"\n<figure class=\"wp-block-image size-full\"><img loading=\"lazy\" decoding=\"async\" width=\"354\" height=\"335\" src=\"https:\/\/ttemsa.com\/industria\/wp-content\/uploads\/2024\/03\/se23b.png\" alt=\"\" class=\"wp-image-2089\" srcset=\"https:\/\/ttemsa.com\/industria\/wp-content\/uploads\/2024\/03\/se23b.png 354w, https:\/\/ttemsa.com\/industria\/wp-content\/uploads\/2024\/03\/se23b-300x284.png 300w\" sizes=\"auto, (max-width: 354px) 100vw, 354px\" \/><\/figure>\n\n\n\n<figure class=\"wp-block-image size-full\"><img loading=\"lazy\" decoding=\"async\" width=\"521\" height=\"50\" src=\"https:\/\/ttemsa.com\/industria\/wp-content\/uploads\/2024\/03\/se23a.png\" alt=\"\" class=\"wp-image-2090\" srcset=\"https:\/\/ttemsa.com\/industria\/wp-content\/uploads\/2024\/03\/se23a.png 521w, https:\/\/ttemsa.com\/industria\/wp-content\/uploads\/2024\/03\/se23a-300x29.png 300w\" sizes=\"auto, (max-width: 521px) 100vw, 521px\" \/><\/figure>\n\n\n\n<p>El sensor de infrarrojos SE-23 ofrece la \u00fanica combinaci\u00f3n de dise\u00f1o compacto y versatilidad en anchos de banda. Dicho sensor posee un rango de control de 50.8 mm (2.0 pulgadas) y una abertura de detecci\u00f3n de 50.8 mm (2.0 pulgadas). &nbsp;<\/p>\n\n\n\n<p>El sensor SE-23 se utiliza en grupo para aplicaciones de guiado por el centro.<\/p>\n\n\n\n<figure class=\"wp-block-image size-large\"><img loading=\"lazy\" decoding=\"async\" width=\"1024\" height=\"601\" src=\"https:\/\/ttemsa.com\/industria\/wp-content\/uploads\/2024\/03\/SE-23a-1024x601.png\" alt=\"\" class=\"wp-image-2091\" srcset=\"https:\/\/ttemsa.com\/industria\/wp-content\/uploads\/2024\/03\/SE-23a-1024x601.png 1024w, https:\/\/ttemsa.com\/industria\/wp-content\/uploads\/2024\/03\/SE-23a-300x176.png 300w, https:\/\/ttemsa.com\/industria\/wp-content\/uploads\/2024\/03\/SE-23a-768x451.png 768w, https:\/\/ttemsa.com\/industria\/wp-content\/uploads\/2024\/03\/SE-23a.png 1045w\" sizes=\"auto, (max-width: 1024px) 100vw, 1024px\" \/><\/figure>\n\n\n\n<figure class=\"wp-block-image size-large\"><img loading=\"lazy\" decoding=\"async\" width=\"1024\" height=\"449\" src=\"https:\/\/ttemsa.com\/industria\/wp-content\/uploads\/2024\/03\/SE-23b-1024x449.png\" alt=\"\" class=\"wp-image-2092\" srcset=\"https:\/\/ttemsa.com\/industria\/wp-content\/uploads\/2024\/03\/SE-23b-1024x449.png 1024w, https:\/\/ttemsa.com\/industria\/wp-content\/uploads\/2024\/03\/SE-23b-300x132.png 300w, https:\/\/ttemsa.com\/industria\/wp-content\/uploads\/2024\/03\/SE-23b-768x337.png 768w, https:\/\/ttemsa.com\/industria\/wp-content\/uploads\/2024\/03\/SE-23b.png 1170w\" sizes=\"auto, (max-width: 1024px) 100vw, 1024px\" \/><\/figure>\n","protected":false},"excerpt":{"rendered":"<p>El sensor de infrarrojos SE-23 ofrece la \u00fanica combinaci\u00f3n de dise\u00f1o compacto y versatilidad en anchos de banda. Dicho sensor posee un rango de control de 50.8 mm (2.0 pulgadas) y una abertura de detecci\u00f3n de 50.8 mm (2.0 pulgadas). &nbsp; El sensor SE-23 se utiliza en grupo para aplicaciones de guiado por el centro.<\/p>\n","protected":false},"author":1,"featured_media":0,"parent":1531,"menu_order":0,"comment_status":"closed","ping_status":"closed","template":"","meta":{"content-type":"","footnotes":""},"categories":[15],"tags":[],"class_list":["post-2055","page","type-page","status-publish","hentry","category-fifecat"],"yoast_head":"<!-- This site is optimized with the Yoast SEO plugin v26.6 - https:\/\/yoast.com\/wordpress\/plugins\/seo\/ -->\n<title>Sensor Infrarojo Fife SE-23 - industria-de-la-conversion.ttemsa<\/title>\n<meta name=\"description\" content=\"El sensor de infrarrojos SE-23 ofrece la \u00fanica combinaci\u00f3n de dise\u00f1o compacto y versatilidad en anchos de banda. en ttemsa ofrecemos Soluciones. Solicite + info Tel\u00e9fonos: + 52 (55) 5352-0191 5352-1301 5352-6070 5352-0593\" \/>\n<meta name=\"robots\" content=\"index, follow, max-snippet:-1, max-image-preview:large, max-video-preview:-1\" \/>\n<link rel=\"canonical\" href=\"https:\/\/ttemsa.com\/industria\/index.php\/fife-alineacion\/fife-sensores-de-alineacion\/fife-sensores-se23\/\" \/>\n<meta property=\"og:locale\" content=\"es_MX\" \/>\n<meta property=\"og:type\" content=\"article\" \/>\n<meta property=\"og:title\" content=\"El sensor de infrarrojos SE-23 ofrece la \u00fanica combinaci\u00f3n de dise\u00f1o compacto y versatilidad en anchos de banda.\" \/>\n<meta property=\"og:description\" content=\"en ttemsa ofrecemos Soluciones. Solicite + info Tel\u00e9fonos: + 52 (55) 5352-0191 5352-1301 5352-6070 5352-0593\" \/>\n<meta property=\"og:url\" content=\"https:\/\/ttemsa.com\/industria\/index.php\/fife-alineacion\/fife-sensores-de-alineacion\/fife-sensores-se23\/\" \/>\n<meta property=\"og:site_name\" content=\"industria-de-la-conversion.ttemsa\" \/>\n<meta property=\"article:modified_time\" content=\"2024-09-09T20:14:06+00:00\" \/>\n<meta property=\"og:image\" content=\"https:\/\/ttemsa.com\/industria\/wp-content\/uploads\/2024\/03\/se23b.png\" \/>\n\t<meta property=\"og:image:width\" content=\"354\" \/>\n\t<meta property=\"og:image:height\" content=\"335\" \/>\n\t<meta property=\"og:image:type\" content=\"image\/png\" \/>\n<meta name=\"twitter:card\" content=\"summary_large_image\" \/>\n<meta name=\"twitter:label1\" content=\"Tiempo de lectura\" \/>\n\t<meta name=\"twitter:data1\" content=\"2 minutos\" \/>\n<script type=\"application\/ld+json\" class=\"yoast-schema-graph\">{\"@context\":\"https:\/\/schema.org\",\"@graph\":[{\"@type\":\"WebPage\",\"@id\":\"https:\/\/ttemsa.com\/industria\/index.php\/fife-alineacion\/fife-sensores-de-alineacion\/fife-sensores-se23\/\",\"url\":\"https:\/\/ttemsa.com\/industria\/index.php\/fife-alineacion\/fife-sensores-de-alineacion\/fife-sensores-se23\/\",\"name\":\"Sensor Infrarojo Fife SE-23 - industria-de-la-conversion.ttemsa\",\"isPartOf\":{\"@id\":\"https:\/\/ttemsa.com\/industria\/#website\"},\"primaryImageOfPage\":{\"@id\":\"https:\/\/ttemsa.com\/industria\/index.php\/fife-alineacion\/fife-sensores-de-alineacion\/fife-sensores-se23\/#primaryimage\"},\"image\":{\"@id\":\"https:\/\/ttemsa.com\/industria\/index.php\/fife-alineacion\/fife-sensores-de-alineacion\/fife-sensores-se23\/#primaryimage\"},\"thumbnailUrl\":\"https:\/\/ttemsa.com\/industria\/wp-content\/uploads\/2024\/03\/se23b.png\",\"datePublished\":\"2024-03-02T19:47:26+00:00\",\"dateModified\":\"2024-09-09T20:14:06+00:00\",\"description\":\"El sensor de infrarrojos SE-23 ofrece la \u00fanica combinaci\u00f3n de dise\u00f1o compacto y versatilidad en anchos de banda. en ttemsa ofrecemos Soluciones. Solicite + info Tel\u00e9fonos: + 52 (55) 5352-0191 5352-1301 5352-6070 5352-0593\",\"breadcrumb\":{\"@id\":\"https:\/\/ttemsa.com\/industria\/index.php\/fife-alineacion\/fife-sensores-de-alineacion\/fife-sensores-se23\/#breadcrumb\"},\"inLanguage\":\"es\",\"potentialAction\":[{\"@type\":\"ReadAction\",\"target\":[\"https:\/\/ttemsa.com\/industria\/index.php\/fife-alineacion\/fife-sensores-de-alineacion\/fife-sensores-se23\/\"]}]},{\"@type\":\"ImageObject\",\"inLanguage\":\"es\",\"@id\":\"https:\/\/ttemsa.com\/industria\/index.php\/fife-alineacion\/fife-sensores-de-alineacion\/fife-sensores-se23\/#primaryimage\",\"url\":\"https:\/\/ttemsa.com\/industria\/wp-content\/uploads\/2024\/03\/se23b.png\",\"contentUrl\":\"https:\/\/ttemsa.com\/industria\/wp-content\/uploads\/2024\/03\/se23b.png\",\"width\":354,\"height\":335},{\"@type\":\"BreadcrumbList\",\"@id\":\"https:\/\/ttemsa.com\/industria\/index.php\/fife-alineacion\/fife-sensores-de-alineacion\/fife-sensores-se23\/#breadcrumb\",\"itemListElement\":[{\"@type\":\"ListItem\",\"position\":1,\"name\":\"Inicio\",\"item\":\"https:\/\/ttemsa.com\/industria\/\"},{\"@type\":\"ListItem\",\"position\":2,\"name\":\"fife-alineacion FIFE Funciones\",\"item\":\"https:\/\/ttemsa.com\/industria\/index.php\/fife-alineacion\/\"},{\"@type\":\"ListItem\",\"position\":3,\"name\":\"Sensores de Alineaci\u00f3n FIFE\",\"item\":\"https:\/\/ttemsa.com\/industria\/index.php\/fife-alineacion\/fife-sensores-de-alineacion\/\"},{\"@type\":\"ListItem\",\"position\":4,\"name\":\"Sensor Infrarojo Fife SE-23\"}]},{\"@type\":\"WebSite\",\"@id\":\"https:\/\/ttemsa.com\/industria\/#website\",\"url\":\"https:\/\/ttemsa.com\/industria\/\",\"name\":\"industria-de-la-conversion.ttemsa\",\"description\":\"Designed Dianalacazadora.com\",\"alternateName\":\"ttemsa l\u00edderes en la industria de la conversi\u00f3n\",\"potentialAction\":[{\"@type\":\"SearchAction\",\"target\":{\"@type\":\"EntryPoint\",\"urlTemplate\":\"https:\/\/ttemsa.com\/industria\/?s={search_term_string}\"},\"query-input\":{\"@type\":\"PropertyValueSpecification\",\"valueRequired\":true,\"valueName\":\"search_term_string\"}}],\"inLanguage\":\"es\"}]}<\/script>\n<!-- \/ Yoast SEO plugin. -->","yoast_head_json":{"title":"Sensor Infrarojo Fife SE-23 - industria-de-la-conversion.ttemsa","description":"El sensor de infrarrojos SE-23 ofrece la \u00fanica combinaci\u00f3n de dise\u00f1o compacto y versatilidad en anchos de banda. en ttemsa ofrecemos Soluciones. Solicite + info Tel\u00e9fonos: + 52 (55) 5352-0191 5352-1301 5352-6070 5352-0593","robots":{"index":"index","follow":"follow","max-snippet":"max-snippet:-1","max-image-preview":"max-image-preview:large","max-video-preview":"max-video-preview:-1"},"canonical":"https:\/\/ttemsa.com\/industria\/index.php\/fife-alineacion\/fife-sensores-de-alineacion\/fife-sensores-se23\/","og_locale":"es_MX","og_type":"article","og_title":"El sensor de infrarrojos SE-23 ofrece la \u00fanica combinaci\u00f3n de dise\u00f1o compacto y versatilidad en anchos de banda.","og_description":"en ttemsa ofrecemos Soluciones. Solicite + info Tel\u00e9fonos: + 52 (55) 5352-0191 5352-1301 5352-6070 5352-0593","og_url":"https:\/\/ttemsa.com\/industria\/index.php\/fife-alineacion\/fife-sensores-de-alineacion\/fife-sensores-se23\/","og_site_name":"industria-de-la-conversion.ttemsa","article_modified_time":"2024-09-09T20:14:06+00:00","og_image":[{"width":354,"height":335,"url":"https:\/\/ttemsa.com\/industria\/wp-content\/uploads\/2024\/03\/se23b.png","type":"image\/png"}],"twitter_card":"summary_large_image","twitter_misc":{"Tiempo de lectura":"2 minutos"},"schema":{"@context":"https:\/\/schema.org","@graph":[{"@type":"WebPage","@id":"https:\/\/ttemsa.com\/industria\/index.php\/fife-alineacion\/fife-sensores-de-alineacion\/fife-sensores-se23\/","url":"https:\/\/ttemsa.com\/industria\/index.php\/fife-alineacion\/fife-sensores-de-alineacion\/fife-sensores-se23\/","name":"Sensor Infrarojo Fife SE-23 - industria-de-la-conversion.ttemsa","isPartOf":{"@id":"https:\/\/ttemsa.com\/industria\/#website"},"primaryImageOfPage":{"@id":"https:\/\/ttemsa.com\/industria\/index.php\/fife-alineacion\/fife-sensores-de-alineacion\/fife-sensores-se23\/#primaryimage"},"image":{"@id":"https:\/\/ttemsa.com\/industria\/index.php\/fife-alineacion\/fife-sensores-de-alineacion\/fife-sensores-se23\/#primaryimage"},"thumbnailUrl":"https:\/\/ttemsa.com\/industria\/wp-content\/uploads\/2024\/03\/se23b.png","datePublished":"2024-03-02T19:47:26+00:00","dateModified":"2024-09-09T20:14:06+00:00","description":"El sensor de infrarrojos SE-23 ofrece la \u00fanica combinaci\u00f3n de dise\u00f1o compacto y versatilidad en anchos de banda. en ttemsa ofrecemos Soluciones. Solicite + info Tel\u00e9fonos: + 52 (55) 5352-0191 5352-1301 5352-6070 5352-0593","breadcrumb":{"@id":"https:\/\/ttemsa.com\/industria\/index.php\/fife-alineacion\/fife-sensores-de-alineacion\/fife-sensores-se23\/#breadcrumb"},"inLanguage":"es","potentialAction":[{"@type":"ReadAction","target":["https:\/\/ttemsa.com\/industria\/index.php\/fife-alineacion\/fife-sensores-de-alineacion\/fife-sensores-se23\/"]}]},{"@type":"ImageObject","inLanguage":"es","@id":"https:\/\/ttemsa.com\/industria\/index.php\/fife-alineacion\/fife-sensores-de-alineacion\/fife-sensores-se23\/#primaryimage","url":"https:\/\/ttemsa.com\/industria\/wp-content\/uploads\/2024\/03\/se23b.png","contentUrl":"https:\/\/ttemsa.com\/industria\/wp-content\/uploads\/2024\/03\/se23b.png","width":354,"height":335},{"@type":"BreadcrumbList","@id":"https:\/\/ttemsa.com\/industria\/index.php\/fife-alineacion\/fife-sensores-de-alineacion\/fife-sensores-se23\/#breadcrumb","itemListElement":[{"@type":"ListItem","position":1,"name":"Inicio","item":"https:\/\/ttemsa.com\/industria\/"},{"@type":"ListItem","position":2,"name":"fife-alineacion FIFE Funciones","item":"https:\/\/ttemsa.com\/industria\/index.php\/fife-alineacion\/"},{"@type":"ListItem","position":3,"name":"Sensores de Alineaci\u00f3n FIFE","item":"https:\/\/ttemsa.com\/industria\/index.php\/fife-alineacion\/fife-sensores-de-alineacion\/"},{"@type":"ListItem","position":4,"name":"Sensor Infrarojo Fife SE-23"}]},{"@type":"WebSite","@id":"https:\/\/ttemsa.com\/industria\/#website","url":"https:\/\/ttemsa.com\/industria\/","name":"industria-de-la-conversion.ttemsa","description":"Designed Dianalacazadora.com","alternateName":"ttemsa l\u00edderes en la industria de la conversi\u00f3n","potentialAction":[{"@type":"SearchAction","target":{"@type":"EntryPoint","urlTemplate":"https:\/\/ttemsa.com\/industria\/?s={search_term_string}"},"query-input":{"@type":"PropertyValueSpecification","valueRequired":true,"valueName":"search_term_string"}}],"inLanguage":"es"}]}},"_links":{"self":[{"href":"https:\/\/ttemsa.com\/industria\/index.php\/wp-json\/wp\/v2\/pages\/2055","targetHints":{"allow":["GET"]}}],"collection":[{"href":"https:\/\/ttemsa.com\/industria\/index.php\/wp-json\/wp\/v2\/pages"}],"about":[{"href":"https:\/\/ttemsa.com\/industria\/index.php\/wp-json\/wp\/v2\/types\/page"}],"author":[{"embeddable":true,"href":"https:\/\/ttemsa.com\/industria\/index.php\/wp-json\/wp\/v2\/users\/1"}],"replies":[{"embeddable":true,"href":"https:\/\/ttemsa.com\/industria\/index.php\/wp-json\/wp\/v2\/comments?post=2055"}],"version-history":[{"count":1,"href":"https:\/\/ttemsa.com\/industria\/index.php\/wp-json\/wp\/v2\/pages\/2055\/revisions"}],"predecessor-version":[{"id":2093,"href":"https:\/\/ttemsa.com\/industria\/index.php\/wp-json\/wp\/v2\/pages\/2055\/revisions\/2093"}],"up":[{"embeddable":true,"href":"https:\/\/ttemsa.com\/industria\/index.php\/wp-json\/wp\/v2\/pages\/1531"}],"wp:attachment":[{"href":"https:\/\/ttemsa.com\/industria\/index.php\/wp-json\/wp\/v2\/media?parent=2055"}],"wp:term":[{"taxonomy":"category","embeddable":true,"href":"https:\/\/ttemsa.com\/industria\/index.php\/wp-json\/wp\/v2\/categories?post=2055"},{"taxonomy":"post_tag","embeddable":true,"href":"https:\/\/ttemsa.com\/industria\/index.php\/wp-json\/wp\/v2\/tags?post=2055"}],"curies":[{"name":"wp","href":"https:\/\/api.w.org\/{rel}","templated":true}]}}