{"id":2056,"date":"2024-03-02T19:47:50","date_gmt":"2024-03-02T19:47:50","guid":{"rendered":"https:\/\/ttemsa.com\/industria\/index.php\/fife\/fife-sensores-de-alineacionp-copy-copy\/"},"modified":"2024-09-09T19:08:24","modified_gmt":"2024-09-09T19:08:24","slug":"sensor-camara-digital-dac-005","status":"publish","type":"page","link":"https:\/\/ttemsa.com\/industria\/index.php\/fife-alineacion\/fife-sensores-de-alineacion\/sensor-camara-digital-dac-005\/","title":{"rendered":"Sensor C\u00e1mara Digital FIFE DAC-005"},"content":{"rendered":"\n<figure class=\"wp-block-image size-full\"><img loading=\"lazy\" decoding=\"async\" width=\"317\" height=\"300\" src=\"https:\/\/ttemsa.com\/industria\/wp-content\/uploads\/2024\/03\/dac1.png\" alt=\"\" class=\"wp-image-2020\" srcset=\"https:\/\/ttemsa.com\/industria\/wp-content\/uploads\/2024\/03\/dac1.png 317w, https:\/\/ttemsa.com\/industria\/wp-content\/uploads\/2024\/03\/dac1-300x284.png 300w\" sizes=\"auto, (max-width: 317px) 100vw, 317px\" \/><\/figure>\n\n\n<div class=\"wp-block-image\">\n<figure class=\"alignright size-full\"><img loading=\"lazy\" decoding=\"async\" width=\"147\" height=\"90\" src=\"https:\/\/ttemsa.com\/industria\/wp-content\/uploads\/2024\/03\/Ultrashaftimage006-1.png\" alt=\"\" class=\"wp-image-2079\"\/><\/figure>\n<\/div>\n\n\n<p>El sensor-c\u00e1mara digital&nbsp;DAC-005&nbsp;es la soluci\u00f3n ideal para una amplia gama de detecci\u00f3n de materiales desde tela no tejida hasta acero.<\/p>\n\n\n\n<p>La c\u00e1mara utiliza un total de 7,725 pixeles y puede dividir el campo de visibilidad en 31 sub-\u00e1reas, creando sensores virtuales. Cada sensor virtual puede detectar un borde de 255.<\/p>\n\n\n\n<p>En su dise\u00f1o compacto, cuenta con una fuente de iluminaci\u00f3n interna y diferentes tipos de montaje de lentes tipo \u201cC\u201d, permite la instalaci\u00f3n en espacios estrechos. Permite compatibilidad con versiones anteriores como los montajes de lentes tipo \u201cF\u201d. Este sensor digital ofrece alta resistencia a la contaminaci\u00f3n, part\u00edculas de polvo, aceite, vapor, y agua.<\/p>\n\n\n\n<p>Tambi\u00e9n cuenta con la caracter\u00edstica de conectarse v\u00eda an\u00e1loga o digital por medio de interfaces tipo \u201cfieldbus\u201d y se ejecuta para una variedad de aplicaciones variando desde sensores fijos para embobinado, centro de orilla, y gu\u00eda de l\u00ednea hasta medici\u00f3n de ancho de banda&nbsp;con una exactitud arriba de&nbsp;0.02%. El DAC-005se puede configurar f\u00e1cilmente con un D-MAX y un interfaz operador OI-N&nbsp;o una interfaz de operador mini&nbsp;OI-S.<\/p>\n\n\n\n<p><strong>Especificaciones: DAC005.\u00a0<\/strong><\/p>\n\n\n\n<figure class=\"wp-block-image size-full\"><img loading=\"lazy\" decoding=\"async\" width=\"853\" height=\"452\" src=\"https:\/\/ttemsa.com\/industria\/wp-content\/uploads\/2024\/03\/dac11.png\" alt=\"\" class=\"wp-image-2081\" srcset=\"https:\/\/ttemsa.com\/industria\/wp-content\/uploads\/2024\/03\/dac11.png 853w, https:\/\/ttemsa.com\/industria\/wp-content\/uploads\/2024\/03\/dac11-300x159.png 300w, https:\/\/ttemsa.com\/industria\/wp-content\/uploads\/2024\/03\/dac11-768x407.png 768w\" sizes=\"auto, (max-width: 853px) 100vw, 853px\" \/><\/figure>\n\n\n\n<figure class=\"wp-block-image size-full\"><img loading=\"lazy\" decoding=\"async\" width=\"810\" height=\"396\" src=\"https:\/\/ttemsa.com\/industria\/wp-content\/uploads\/2024\/03\/dac2.png\" alt=\"\" class=\"wp-image-2082\" srcset=\"https:\/\/ttemsa.com\/industria\/wp-content\/uploads\/2024\/03\/dac2.png 810w, https:\/\/ttemsa.com\/industria\/wp-content\/uploads\/2024\/03\/dac2-300x147.png 300w, https:\/\/ttemsa.com\/industria\/wp-content\/uploads\/2024\/03\/dac2-768x375.png 768w\" sizes=\"auto, (max-width: 810px) 100vw, 810px\" \/><\/figure>\n","protected":false},"excerpt":{"rendered":"<p>El sensor-c\u00e1mara digital&nbsp;DAC-005&nbsp;es la soluci\u00f3n ideal para una amplia gama de detecci\u00f3n de materiales desde tela no tejida hasta acero. La c\u00e1mara utiliza un total de 7,725 pixeles y puede dividir el campo de visibilidad en 31 sub-\u00e1reas, creando sensores virtuales. Cada sensor virtual puede detectar un borde de 255. En su dise\u00f1o compacto, cuenta [&hellip;]<\/p>\n","protected":false},"author":1,"featured_media":0,"parent":1531,"menu_order":0,"comment_status":"closed","ping_status":"closed","template":"","meta":{"content-type":"","footnotes":""},"categories":[15],"tags":[],"class_list":["post-2056","page","type-page","status-publish","hentry","category-fifecat"],"yoast_head":"<!-- This site is optimized with the Yoast SEO plugin v26.6 - https:\/\/yoast.com\/wordpress\/plugins\/seo\/ -->\n<title>Sensor C\u00e1mara Digital FIFE DAC-005 - industria-de-la-conversion.ttemsa<\/title>\n<meta name=\"description\" content=\"Sensores de alineacion de orilla WEB Industrial, en ttemsa ofrecemos Soluciones. Solicite + info Tel\u00e9fonos: + 52 (55) 5352-0191 5352-1301 5352-6070 5352-0593\" \/>\n<meta name=\"robots\" content=\"index, follow, max-snippet:-1, max-image-preview:large, max-video-preview:-1\" \/>\n<link rel=\"canonical\" href=\"https:\/\/ttemsa.com\/industria\/index.php\/fife-alineacion\/fife-sensores-de-alineacion\/sensor-camara-digital-dac-005\/\" \/>\n<meta property=\"og:locale\" content=\"es_MX\" \/>\n<meta property=\"og:type\" content=\"article\" \/>\n<meta property=\"og:title\" content=\"Sensores de alineacion de orilla WEB Industrial\" \/>\n<meta property=\"og:description\" content=\"en ttemsa ofrecemos Soluciones. Solicite + info Tel\u00e9fonos: + 52 (55) 5352-0191 5352-1301 5352-6070 5352-0593\" \/>\n<meta property=\"og:url\" content=\"https:\/\/ttemsa.com\/industria\/index.php\/fife-alineacion\/fife-sensores-de-alineacion\/sensor-camara-digital-dac-005\/\" \/>\n<meta property=\"og:site_name\" content=\"industria-de-la-conversion.ttemsa\" \/>\n<meta property=\"article:modified_time\" content=\"2024-09-09T19:08:24+00:00\" \/>\n<meta property=\"og:image\" content=\"https:\/\/ttemsa.com\/industria\/wp-content\/uploads\/2024\/03\/dac1.png\" \/>\n\t<meta property=\"og:image:width\" content=\"317\" \/>\n\t<meta property=\"og:image:height\" content=\"300\" \/>\n\t<meta property=\"og:image:type\" content=\"image\/png\" \/>\n<meta name=\"twitter:card\" content=\"summary_large_image\" \/>\n<meta name=\"twitter:label1\" content=\"Tiempo de lectura\" \/>\n\t<meta name=\"twitter:data1\" content=\"2 minutos\" \/>\n<script type=\"application\/ld+json\" class=\"yoast-schema-graph\">{\"@context\":\"https:\/\/schema.org\",\"@graph\":[{\"@type\":\"WebPage\",\"@id\":\"https:\/\/ttemsa.com\/industria\/index.php\/fife-alineacion\/fife-sensores-de-alineacion\/sensor-camara-digital-dac-005\/\",\"url\":\"https:\/\/ttemsa.com\/industria\/index.php\/fife-alineacion\/fife-sensores-de-alineacion\/sensor-camara-digital-dac-005\/\",\"name\":\"Sensor C\u00e1mara Digital FIFE DAC-005 - industria-de-la-conversion.ttemsa\",\"isPartOf\":{\"@id\":\"https:\/\/ttemsa.com\/industria\/#website\"},\"primaryImageOfPage\":{\"@id\":\"https:\/\/ttemsa.com\/industria\/index.php\/fife-alineacion\/fife-sensores-de-alineacion\/sensor-camara-digital-dac-005\/#primaryimage\"},\"image\":{\"@id\":\"https:\/\/ttemsa.com\/industria\/index.php\/fife-alineacion\/fife-sensores-de-alineacion\/sensor-camara-digital-dac-005\/#primaryimage\"},\"thumbnailUrl\":\"https:\/\/ttemsa.com\/industria\/wp-content\/uploads\/2024\/03\/dac1.png\",\"datePublished\":\"2024-03-02T19:47:50+00:00\",\"dateModified\":\"2024-09-09T19:08:24+00:00\",\"description\":\"Sensores de alineacion de orilla WEB Industrial, en ttemsa ofrecemos Soluciones. Solicite + info Tel\u00e9fonos: + 52 (55) 5352-0191 5352-1301 5352-6070 5352-0593\",\"breadcrumb\":{\"@id\":\"https:\/\/ttemsa.com\/industria\/index.php\/fife-alineacion\/fife-sensores-de-alineacion\/sensor-camara-digital-dac-005\/#breadcrumb\"},\"inLanguage\":\"es\",\"potentialAction\":[{\"@type\":\"ReadAction\",\"target\":[\"https:\/\/ttemsa.com\/industria\/index.php\/fife-alineacion\/fife-sensores-de-alineacion\/sensor-camara-digital-dac-005\/\"]}]},{\"@type\":\"ImageObject\",\"inLanguage\":\"es\",\"@id\":\"https:\/\/ttemsa.com\/industria\/index.php\/fife-alineacion\/fife-sensores-de-alineacion\/sensor-camara-digital-dac-005\/#primaryimage\",\"url\":\"https:\/\/ttemsa.com\/industria\/wp-content\/uploads\/2024\/03\/dac1.png\",\"contentUrl\":\"https:\/\/ttemsa.com\/industria\/wp-content\/uploads\/2024\/03\/dac1.png\",\"width\":317,\"height\":300},{\"@type\":\"BreadcrumbList\",\"@id\":\"https:\/\/ttemsa.com\/industria\/index.php\/fife-alineacion\/fife-sensores-de-alineacion\/sensor-camara-digital-dac-005\/#breadcrumb\",\"itemListElement\":[{\"@type\":\"ListItem\",\"position\":1,\"name\":\"Inicio\",\"item\":\"https:\/\/ttemsa.com\/industria\/\"},{\"@type\":\"ListItem\",\"position\":2,\"name\":\"fife-alineacion FIFE Funciones\",\"item\":\"https:\/\/ttemsa.com\/industria\/index.php\/fife-alineacion\/\"},{\"@type\":\"ListItem\",\"position\":3,\"name\":\"Sensores de Alineaci\u00f3n FIFE\",\"item\":\"https:\/\/ttemsa.com\/industria\/index.php\/fife-alineacion\/fife-sensores-de-alineacion\/\"},{\"@type\":\"ListItem\",\"position\":4,\"name\":\"Sensor C\u00e1mara Digital FIFE DAC-005\"}]},{\"@type\":\"WebSite\",\"@id\":\"https:\/\/ttemsa.com\/industria\/#website\",\"url\":\"https:\/\/ttemsa.com\/industria\/\",\"name\":\"industria-de-la-conversion.ttemsa\",\"description\":\"Designed Dianalacazadora.com\",\"alternateName\":\"ttemsa l\u00edderes en la industria de la conversi\u00f3n\",\"potentialAction\":[{\"@type\":\"SearchAction\",\"target\":{\"@type\":\"EntryPoint\",\"urlTemplate\":\"https:\/\/ttemsa.com\/industria\/?s={search_term_string}\"},\"query-input\":{\"@type\":\"PropertyValueSpecification\",\"valueRequired\":true,\"valueName\":\"search_term_string\"}}],\"inLanguage\":\"es\"}]}<\/script>\n<!-- \/ Yoast SEO plugin. -->","yoast_head_json":{"title":"Sensor C\u00e1mara Digital FIFE DAC-005 - industria-de-la-conversion.ttemsa","description":"Sensores de alineacion de orilla WEB Industrial, en ttemsa ofrecemos Soluciones. Solicite + info Tel\u00e9fonos: + 52 (55) 5352-0191 5352-1301 5352-6070 5352-0593","robots":{"index":"index","follow":"follow","max-snippet":"max-snippet:-1","max-image-preview":"max-image-preview:large","max-video-preview":"max-video-preview:-1"},"canonical":"https:\/\/ttemsa.com\/industria\/index.php\/fife-alineacion\/fife-sensores-de-alineacion\/sensor-camara-digital-dac-005\/","og_locale":"es_MX","og_type":"article","og_title":"Sensores de alineacion de orilla WEB Industrial","og_description":"en ttemsa ofrecemos Soluciones. Solicite + info Tel\u00e9fonos: + 52 (55) 5352-0191 5352-1301 5352-6070 5352-0593","og_url":"https:\/\/ttemsa.com\/industria\/index.php\/fife-alineacion\/fife-sensores-de-alineacion\/sensor-camara-digital-dac-005\/","og_site_name":"industria-de-la-conversion.ttemsa","article_modified_time":"2024-09-09T19:08:24+00:00","og_image":[{"width":317,"height":300,"url":"https:\/\/ttemsa.com\/industria\/wp-content\/uploads\/2024\/03\/dac1.png","type":"image\/png"}],"twitter_card":"summary_large_image","twitter_misc":{"Tiempo de lectura":"2 minutos"},"schema":{"@context":"https:\/\/schema.org","@graph":[{"@type":"WebPage","@id":"https:\/\/ttemsa.com\/industria\/index.php\/fife-alineacion\/fife-sensores-de-alineacion\/sensor-camara-digital-dac-005\/","url":"https:\/\/ttemsa.com\/industria\/index.php\/fife-alineacion\/fife-sensores-de-alineacion\/sensor-camara-digital-dac-005\/","name":"Sensor C\u00e1mara Digital FIFE DAC-005 - industria-de-la-conversion.ttemsa","isPartOf":{"@id":"https:\/\/ttemsa.com\/industria\/#website"},"primaryImageOfPage":{"@id":"https:\/\/ttemsa.com\/industria\/index.php\/fife-alineacion\/fife-sensores-de-alineacion\/sensor-camara-digital-dac-005\/#primaryimage"},"image":{"@id":"https:\/\/ttemsa.com\/industria\/index.php\/fife-alineacion\/fife-sensores-de-alineacion\/sensor-camara-digital-dac-005\/#primaryimage"},"thumbnailUrl":"https:\/\/ttemsa.com\/industria\/wp-content\/uploads\/2024\/03\/dac1.png","datePublished":"2024-03-02T19:47:50+00:00","dateModified":"2024-09-09T19:08:24+00:00","description":"Sensores de alineacion de orilla WEB Industrial, en ttemsa ofrecemos Soluciones. Solicite + info Tel\u00e9fonos: + 52 (55) 5352-0191 5352-1301 5352-6070 5352-0593","breadcrumb":{"@id":"https:\/\/ttemsa.com\/industria\/index.php\/fife-alineacion\/fife-sensores-de-alineacion\/sensor-camara-digital-dac-005\/#breadcrumb"},"inLanguage":"es","potentialAction":[{"@type":"ReadAction","target":["https:\/\/ttemsa.com\/industria\/index.php\/fife-alineacion\/fife-sensores-de-alineacion\/sensor-camara-digital-dac-005\/"]}]},{"@type":"ImageObject","inLanguage":"es","@id":"https:\/\/ttemsa.com\/industria\/index.php\/fife-alineacion\/fife-sensores-de-alineacion\/sensor-camara-digital-dac-005\/#primaryimage","url":"https:\/\/ttemsa.com\/industria\/wp-content\/uploads\/2024\/03\/dac1.png","contentUrl":"https:\/\/ttemsa.com\/industria\/wp-content\/uploads\/2024\/03\/dac1.png","width":317,"height":300},{"@type":"BreadcrumbList","@id":"https:\/\/ttemsa.com\/industria\/index.php\/fife-alineacion\/fife-sensores-de-alineacion\/sensor-camara-digital-dac-005\/#breadcrumb","itemListElement":[{"@type":"ListItem","position":1,"name":"Inicio","item":"https:\/\/ttemsa.com\/industria\/"},{"@type":"ListItem","position":2,"name":"fife-alineacion FIFE Funciones","item":"https:\/\/ttemsa.com\/industria\/index.php\/fife-alineacion\/"},{"@type":"ListItem","position":3,"name":"Sensores de Alineaci\u00f3n FIFE","item":"https:\/\/ttemsa.com\/industria\/index.php\/fife-alineacion\/fife-sensores-de-alineacion\/"},{"@type":"ListItem","position":4,"name":"Sensor C\u00e1mara Digital FIFE DAC-005"}]},{"@type":"WebSite","@id":"https:\/\/ttemsa.com\/industria\/#website","url":"https:\/\/ttemsa.com\/industria\/","name":"industria-de-la-conversion.ttemsa","description":"Designed Dianalacazadora.com","alternateName":"ttemsa l\u00edderes en la industria de la conversi\u00f3n","potentialAction":[{"@type":"SearchAction","target":{"@type":"EntryPoint","urlTemplate":"https:\/\/ttemsa.com\/industria\/?s={search_term_string}"},"query-input":{"@type":"PropertyValueSpecification","valueRequired":true,"valueName":"search_term_string"}}],"inLanguage":"es"}]}},"_links":{"self":[{"href":"https:\/\/ttemsa.com\/industria\/index.php\/wp-json\/wp\/v2\/pages\/2056","targetHints":{"allow":["GET"]}}],"collection":[{"href":"https:\/\/ttemsa.com\/industria\/index.php\/wp-json\/wp\/v2\/pages"}],"about":[{"href":"https:\/\/ttemsa.com\/industria\/index.php\/wp-json\/wp\/v2\/types\/page"}],"author":[{"embeddable":true,"href":"https:\/\/ttemsa.com\/industria\/index.php\/wp-json\/wp\/v2\/users\/1"}],"replies":[{"embeddable":true,"href":"https:\/\/ttemsa.com\/industria\/index.php\/wp-json\/wp\/v2\/comments?post=2056"}],"version-history":[{"count":1,"href":"https:\/\/ttemsa.com\/industria\/index.php\/wp-json\/wp\/v2\/pages\/2056\/revisions"}],"predecessor-version":[{"id":2083,"href":"https:\/\/ttemsa.com\/industria\/index.php\/wp-json\/wp\/v2\/pages\/2056\/revisions\/2083"}],"up":[{"embeddable":true,"href":"https:\/\/ttemsa.com\/industria\/index.php\/wp-json\/wp\/v2\/pages\/1531"}],"wp:attachment":[{"href":"https:\/\/ttemsa.com\/industria\/index.php\/wp-json\/wp\/v2\/media?parent=2056"}],"wp:term":[{"taxonomy":"category","embeddable":true,"href":"https:\/\/ttemsa.com\/industria\/index.php\/wp-json\/wp\/v2\/categories?post=2056"},{"taxonomy":"post_tag","embeddable":true,"href":"https:\/\/ttemsa.com\/industria\/index.php\/wp-json\/wp\/v2\/tags?post=2056"}],"curies":[{"name":"wp","href":"https:\/\/api.w.org\/{rel}","templated":true}]}}