{"id":2057,"date":"2024-03-02T19:47:58","date_gmt":"2024-03-02T19:47:58","guid":{"rendered":"https:\/\/ttemsa.com\/industria\/index.php\/fife\/fife-sensores-de-alineacionp-copy-copy-copy\/"},"modified":"2024-09-09T20:17:18","modified_gmt":"2024-09-09T20:17:18","slug":"sensor-de-ultrasonido","status":"publish","type":"page","link":"https:\/\/ttemsa.com\/industria\/index.php\/fife-alineacion\/fife-sensores-de-alineacion\/sensor-de-ultrasonido\/","title":{"rendered":"Sensor de ultrasonido SE-24"},"content":{"rendered":"<div class=\"wp-block-image\">\n<figure class=\"alignright size-large is-resized\"><img loading=\"lazy\" decoding=\"async\" width=\"1024\" height=\"917\" src=\"https:\/\/ttemsa.com\/industria\/wp-content\/uploads\/2024\/03\/01SE24BW_web-1024x917.jpg\" alt=\"\" class=\"wp-image-2094\" style=\"width:473px;height:auto\" srcset=\"https:\/\/ttemsa.com\/industria\/wp-content\/uploads\/2024\/03\/01SE24BW_web-1024x917.jpg 1024w, https:\/\/ttemsa.com\/industria\/wp-content\/uploads\/2024\/03\/01SE24BW_web-300x269.jpg 300w, https:\/\/ttemsa.com\/industria\/wp-content\/uploads\/2024\/03\/01SE24BW_web-768x687.jpg 768w, https:\/\/ttemsa.com\/industria\/wp-content\/uploads\/2024\/03\/01SE24BW_web.jpg 1401w\" sizes=\"auto, (max-width: 1024px) 100vw, 1024px\" \/><\/figure>\n<\/div>\n\n\n<figure class=\"wp-block-image size-full\"><img loading=\"lazy\" decoding=\"async\" width=\"147\" height=\"90\" src=\"https:\/\/ttemsa.com\/industria\/wp-content\/uploads\/2024\/03\/Ultrashaftimage006-1.png\" alt=\"\" class=\"wp-image-2079\"\/><\/figure>\n\n\n\n<p><\/p>\n\n\n\n<p><\/p>\n\n\n\n<p><\/p>\n\n\n\n<p><\/p>\n\n\n\n<p><\/p>\n\n\n\n<p><\/p>\n\n\n\n<p><strong>Sensor de ultrasonido SE-24<\/strong>&nbsp;de Fife Banda proporcional: 10 mm Detecta los filmes m\u00e1s finos y transparentes Insensible a la luz ambiente No afecta los papleles\/filmes fotosensibles Protegido contra las descargas electrost\u00e1ticas Compensado en temperatura<\/p>\n\n\n\n<p>El SE-24 es un sensor de ultrasonido vers\u00e1til utilizado tanto para materiales transparentes como para la mayor\u00eda de los materiales opacos. Dado que no le afectan variaciones \u00f3pticas o luz ambiente, se evita la necesidad de m\u00faltiples sensores reduciendo as\u00ed la inactividad e incrementando la productividad.<\/p>\n\n\n\n<p>El sensor SE-24 utiliza&nbsp;<strong>ultrasonidos<\/strong>&nbsp;para detectar el borde de banda, pero no afecta los papeles y\/o filmes fotosensibles. Un circuito mejorado reduce el efecto de las ondas estacionarias as\u00ed como de las variaciones de temperatura, lo cual mejora las prestaciones operacionales de dicho sensor. Las ondas ultras\u00f3nicas transmitidas por el SE-24 son desviadas y\/o absorbidas por el material, independientemente de la opacidad. Las ondas sonoras que pasan el borde del material son recogidas por el receptor que define la posici\u00f3n del borde con exactitud. El SE-24 tiene una abertura de detecci\u00f3n de 37 mm y puede ser utilizado en aplicaciones de guiado por el borde o por el centro. La banda proporcional de \u00e9ste sensor<\/p>\n\n\n\n<figure class=\"wp-block-image size-full\"><img loading=\"lazy\" decoding=\"async\" width=\"591\" height=\"358\" src=\"https:\/\/ttemsa.com\/industria\/wp-content\/uploads\/2024\/05\/1Fife_SE24Sensor_Dimensions-1.png\" alt=\"\" class=\"wp-image-3066\" srcset=\"https:\/\/ttemsa.com\/industria\/wp-content\/uploads\/2024\/05\/1Fife_SE24Sensor_Dimensions-1.png 591w, https:\/\/ttemsa.com\/industria\/wp-content\/uploads\/2024\/05\/1Fife_SE24Sensor_Dimensions-1-300x182.png 300w\" sizes=\"auto, (max-width: 591px) 100vw, 591px\" \/><\/figure>\n\n\n\n<figure class=\"wp-block-image size-large\"><img loading=\"lazy\" decoding=\"async\" width=\"1024\" height=\"711\" src=\"https:\/\/ttemsa.com\/industria\/wp-content\/uploads\/2024\/05\/00Fife_SE24Sensor_Nomenclature-1024x711.png\" alt=\"\" class=\"wp-image-3067\" srcset=\"https:\/\/ttemsa.com\/industria\/wp-content\/uploads\/2024\/05\/00Fife_SE24Sensor_Nomenclature-1024x711.png 1024w, https:\/\/ttemsa.com\/industria\/wp-content\/uploads\/2024\/05\/00Fife_SE24Sensor_Nomenclature-300x208.png 300w, https:\/\/ttemsa.com\/industria\/wp-content\/uploads\/2024\/05\/00Fife_SE24Sensor_Nomenclature-768x533.png 768w, https:\/\/ttemsa.com\/industria\/wp-content\/uploads\/2024\/05\/00Fife_SE24Sensor_Nomenclature-1536x1066.png 1536w, https:\/\/ttemsa.com\/industria\/wp-content\/uploads\/2024\/05\/00Fife_SE24Sensor_Nomenclature.png 1694w\" sizes=\"auto, (max-width: 1024px) 100vw, 1024px\" \/><\/figure>\n","protected":false},"excerpt":{"rendered":"<p>Sensor de ultrasonido SE-24&nbsp;de Fife Banda proporcional: 10 mm Detecta los filmes m\u00e1s finos y transparentes Insensible a la luz ambiente No afecta los papleles\/filmes fotosensibles Protegido contra las descargas electrost\u00e1ticas Compensado en temperatura El SE-24 es un sensor de ultrasonido vers\u00e1til utilizado tanto para materiales transparentes como para la mayor\u00eda de los materiales opacos. [&hellip;]<\/p>\n","protected":false},"author":1,"featured_media":0,"parent":1531,"menu_order":0,"comment_status":"closed","ping_status":"closed","template":"","meta":{"content-type":"","footnotes":""},"categories":[15],"tags":[],"class_list":["post-2057","page","type-page","status-publish","hentry","category-fifecat"],"yoast_head":"<!-- This site is optimized with the Yoast SEO plugin v26.6 - https:\/\/yoast.com\/wordpress\/plugins\/seo\/ -->\n<title>Sensor de ultrasonido SE-24 - industria-de-la-conversion.ttemsa<\/title>\n<meta name=\"description\" content=\"El SE-24 es un sensor de ultrasonido vers\u00e1til utilizado tanto para materiales transparentes como para la mayor\u00eda de los materiales opacos.\" \/>\n<meta name=\"robots\" content=\"index, follow, max-snippet:-1, max-image-preview:large, max-video-preview:-1\" \/>\n<link rel=\"canonical\" href=\"https:\/\/ttemsa.com\/industria\/index.php\/fife-alineacion\/fife-sensores-de-alineacion\/sensor-de-ultrasonido\/\" \/>\n<meta property=\"og:locale\" content=\"es_MX\" \/>\n<meta property=\"og:type\" content=\"article\" \/>\n<meta property=\"og:title\" content=\"El SE-24 es un sensor de ultrasonido vers\u00e1til utilizado tanto para materiales transparentes como para la mayor\u00eda de los materiales opacos.\" \/>\n<meta property=\"og:description\" content=\"en ttemsa ofrecemos Soluciones. Solicite + info Tel\u00e9fonos: + 52 (55) 5352-0191 5352-1301 5352-6070 5352-0593\" \/>\n<meta property=\"og:url\" content=\"https:\/\/ttemsa.com\/industria\/index.php\/fife-alineacion\/fife-sensores-de-alineacion\/sensor-de-ultrasonido\/\" \/>\n<meta property=\"og:site_name\" content=\"industria-de-la-conversion.ttemsa\" \/>\n<meta property=\"article:modified_time\" content=\"2024-09-09T20:17:18+00:00\" \/>\n<meta property=\"og:image\" content=\"https:\/\/ttemsa.com\/industria\/wp-content\/uploads\/2024\/03\/01SE24BW_web.jpg\" \/>\n\t<meta property=\"og:image:width\" content=\"1401\" \/>\n\t<meta property=\"og:image:height\" content=\"1254\" \/>\n\t<meta property=\"og:image:type\" content=\"image\/jpeg\" \/>\n<meta name=\"twitter:card\" content=\"summary_large_image\" \/>\n<meta name=\"twitter:label1\" content=\"Tiempo de lectura\" \/>\n\t<meta name=\"twitter:data1\" content=\"2 minutos\" \/>\n<script type=\"application\/ld+json\" class=\"yoast-schema-graph\">{\"@context\":\"https:\/\/schema.org\",\"@graph\":[{\"@type\":\"WebPage\",\"@id\":\"https:\/\/ttemsa.com\/industria\/index.php\/fife-alineacion\/fife-sensores-de-alineacion\/sensor-de-ultrasonido\/\",\"url\":\"https:\/\/ttemsa.com\/industria\/index.php\/fife-alineacion\/fife-sensores-de-alineacion\/sensor-de-ultrasonido\/\",\"name\":\"Sensor de ultrasonido SE-24 - industria-de-la-conversion.ttemsa\",\"isPartOf\":{\"@id\":\"https:\/\/ttemsa.com\/industria\/#website\"},\"primaryImageOfPage\":{\"@id\":\"https:\/\/ttemsa.com\/industria\/index.php\/fife-alineacion\/fife-sensores-de-alineacion\/sensor-de-ultrasonido\/#primaryimage\"},\"image\":{\"@id\":\"https:\/\/ttemsa.com\/industria\/index.php\/fife-alineacion\/fife-sensores-de-alineacion\/sensor-de-ultrasonido\/#primaryimage\"},\"thumbnailUrl\":\"https:\/\/ttemsa.com\/industria\/wp-content\/uploads\/2024\/03\/01SE24BW_web-1024x917.jpg\",\"datePublished\":\"2024-03-02T19:47:58+00:00\",\"dateModified\":\"2024-09-09T20:17:18+00:00\",\"description\":\"El SE-24 es un sensor de ultrasonido vers\u00e1til utilizado tanto para materiales transparentes como para la mayor\u00eda de los materiales opacos.\",\"breadcrumb\":{\"@id\":\"https:\/\/ttemsa.com\/industria\/index.php\/fife-alineacion\/fife-sensores-de-alineacion\/sensor-de-ultrasonido\/#breadcrumb\"},\"inLanguage\":\"es\",\"potentialAction\":[{\"@type\":\"ReadAction\",\"target\":[\"https:\/\/ttemsa.com\/industria\/index.php\/fife-alineacion\/fife-sensores-de-alineacion\/sensor-de-ultrasonido\/\"]}]},{\"@type\":\"ImageObject\",\"inLanguage\":\"es\",\"@id\":\"https:\/\/ttemsa.com\/industria\/index.php\/fife-alineacion\/fife-sensores-de-alineacion\/sensor-de-ultrasonido\/#primaryimage\",\"url\":\"https:\/\/ttemsa.com\/industria\/wp-content\/uploads\/2024\/03\/01SE24BW_web.jpg\",\"contentUrl\":\"https:\/\/ttemsa.com\/industria\/wp-content\/uploads\/2024\/03\/01SE24BW_web.jpg\",\"width\":1401,\"height\":1254},{\"@type\":\"BreadcrumbList\",\"@id\":\"https:\/\/ttemsa.com\/industria\/index.php\/fife-alineacion\/fife-sensores-de-alineacion\/sensor-de-ultrasonido\/#breadcrumb\",\"itemListElement\":[{\"@type\":\"ListItem\",\"position\":1,\"name\":\"Inicio\",\"item\":\"https:\/\/ttemsa.com\/industria\/\"},{\"@type\":\"ListItem\",\"position\":2,\"name\":\"fife-alineacion FIFE Funciones\",\"item\":\"https:\/\/ttemsa.com\/industria\/index.php\/fife-alineacion\/\"},{\"@type\":\"ListItem\",\"position\":3,\"name\":\"Sensores de Alineaci\u00f3n FIFE\",\"item\":\"https:\/\/ttemsa.com\/industria\/index.php\/fife-alineacion\/fife-sensores-de-alineacion\/\"},{\"@type\":\"ListItem\",\"position\":4,\"name\":\"Sensor de ultrasonido SE-24\"}]},{\"@type\":\"WebSite\",\"@id\":\"https:\/\/ttemsa.com\/industria\/#website\",\"url\":\"https:\/\/ttemsa.com\/industria\/\",\"name\":\"industria-de-la-conversion.ttemsa\",\"description\":\"Designed Dianalacazadora.com\",\"alternateName\":\"ttemsa l\u00edderes en la industria de la conversi\u00f3n\",\"potentialAction\":[{\"@type\":\"SearchAction\",\"target\":{\"@type\":\"EntryPoint\",\"urlTemplate\":\"https:\/\/ttemsa.com\/industria\/?s={search_term_string}\"},\"query-input\":{\"@type\":\"PropertyValueSpecification\",\"valueRequired\":true,\"valueName\":\"search_term_string\"}}],\"inLanguage\":\"es\"}]}<\/script>\n<!-- \/ Yoast SEO plugin. -->","yoast_head_json":{"title":"Sensor de ultrasonido SE-24 - industria-de-la-conversion.ttemsa","description":"El SE-24 es un sensor de ultrasonido vers\u00e1til utilizado tanto para materiales transparentes como para la mayor\u00eda de los materiales opacos.","robots":{"index":"index","follow":"follow","max-snippet":"max-snippet:-1","max-image-preview":"max-image-preview:large","max-video-preview":"max-video-preview:-1"},"canonical":"https:\/\/ttemsa.com\/industria\/index.php\/fife-alineacion\/fife-sensores-de-alineacion\/sensor-de-ultrasonido\/","og_locale":"es_MX","og_type":"article","og_title":"El SE-24 es un sensor de ultrasonido vers\u00e1til utilizado tanto para materiales transparentes como para la mayor\u00eda de los materiales opacos.","og_description":"en ttemsa ofrecemos Soluciones. Solicite + info Tel\u00e9fonos: + 52 (55) 5352-0191 5352-1301 5352-6070 5352-0593","og_url":"https:\/\/ttemsa.com\/industria\/index.php\/fife-alineacion\/fife-sensores-de-alineacion\/sensor-de-ultrasonido\/","og_site_name":"industria-de-la-conversion.ttemsa","article_modified_time":"2024-09-09T20:17:18+00:00","og_image":[{"width":1401,"height":1254,"url":"https:\/\/ttemsa.com\/industria\/wp-content\/uploads\/2024\/03\/01SE24BW_web.jpg","type":"image\/jpeg"}],"twitter_card":"summary_large_image","twitter_misc":{"Tiempo de lectura":"2 minutos"},"schema":{"@context":"https:\/\/schema.org","@graph":[{"@type":"WebPage","@id":"https:\/\/ttemsa.com\/industria\/index.php\/fife-alineacion\/fife-sensores-de-alineacion\/sensor-de-ultrasonido\/","url":"https:\/\/ttemsa.com\/industria\/index.php\/fife-alineacion\/fife-sensores-de-alineacion\/sensor-de-ultrasonido\/","name":"Sensor de ultrasonido SE-24 - industria-de-la-conversion.ttemsa","isPartOf":{"@id":"https:\/\/ttemsa.com\/industria\/#website"},"primaryImageOfPage":{"@id":"https:\/\/ttemsa.com\/industria\/index.php\/fife-alineacion\/fife-sensores-de-alineacion\/sensor-de-ultrasonido\/#primaryimage"},"image":{"@id":"https:\/\/ttemsa.com\/industria\/index.php\/fife-alineacion\/fife-sensores-de-alineacion\/sensor-de-ultrasonido\/#primaryimage"},"thumbnailUrl":"https:\/\/ttemsa.com\/industria\/wp-content\/uploads\/2024\/03\/01SE24BW_web-1024x917.jpg","datePublished":"2024-03-02T19:47:58+00:00","dateModified":"2024-09-09T20:17:18+00:00","description":"El SE-24 es un sensor de ultrasonido vers\u00e1til utilizado tanto para materiales transparentes como para la mayor\u00eda de los materiales opacos.","breadcrumb":{"@id":"https:\/\/ttemsa.com\/industria\/index.php\/fife-alineacion\/fife-sensores-de-alineacion\/sensor-de-ultrasonido\/#breadcrumb"},"inLanguage":"es","potentialAction":[{"@type":"ReadAction","target":["https:\/\/ttemsa.com\/industria\/index.php\/fife-alineacion\/fife-sensores-de-alineacion\/sensor-de-ultrasonido\/"]}]},{"@type":"ImageObject","inLanguage":"es","@id":"https:\/\/ttemsa.com\/industria\/index.php\/fife-alineacion\/fife-sensores-de-alineacion\/sensor-de-ultrasonido\/#primaryimage","url":"https:\/\/ttemsa.com\/industria\/wp-content\/uploads\/2024\/03\/01SE24BW_web.jpg","contentUrl":"https:\/\/ttemsa.com\/industria\/wp-content\/uploads\/2024\/03\/01SE24BW_web.jpg","width":1401,"height":1254},{"@type":"BreadcrumbList","@id":"https:\/\/ttemsa.com\/industria\/index.php\/fife-alineacion\/fife-sensores-de-alineacion\/sensor-de-ultrasonido\/#breadcrumb","itemListElement":[{"@type":"ListItem","position":1,"name":"Inicio","item":"https:\/\/ttemsa.com\/industria\/"},{"@type":"ListItem","position":2,"name":"fife-alineacion FIFE Funciones","item":"https:\/\/ttemsa.com\/industria\/index.php\/fife-alineacion\/"},{"@type":"ListItem","position":3,"name":"Sensores de Alineaci\u00f3n FIFE","item":"https:\/\/ttemsa.com\/industria\/index.php\/fife-alineacion\/fife-sensores-de-alineacion\/"},{"@type":"ListItem","position":4,"name":"Sensor de ultrasonido SE-24"}]},{"@type":"WebSite","@id":"https:\/\/ttemsa.com\/industria\/#website","url":"https:\/\/ttemsa.com\/industria\/","name":"industria-de-la-conversion.ttemsa","description":"Designed Dianalacazadora.com","alternateName":"ttemsa l\u00edderes en la industria de la conversi\u00f3n","potentialAction":[{"@type":"SearchAction","target":{"@type":"EntryPoint","urlTemplate":"https:\/\/ttemsa.com\/industria\/?s={search_term_string}"},"query-input":{"@type":"PropertyValueSpecification","valueRequired":true,"valueName":"search_term_string"}}],"inLanguage":"es"}]}},"_links":{"self":[{"href":"https:\/\/ttemsa.com\/industria\/index.php\/wp-json\/wp\/v2\/pages\/2057","targetHints":{"allow":["GET"]}}],"collection":[{"href":"https:\/\/ttemsa.com\/industria\/index.php\/wp-json\/wp\/v2\/pages"}],"about":[{"href":"https:\/\/ttemsa.com\/industria\/index.php\/wp-json\/wp\/v2\/types\/page"}],"author":[{"embeddable":true,"href":"https:\/\/ttemsa.com\/industria\/index.php\/wp-json\/wp\/v2\/users\/1"}],"replies":[{"embeddable":true,"href":"https:\/\/ttemsa.com\/industria\/index.php\/wp-json\/wp\/v2\/comments?post=2057"}],"version-history":[{"count":2,"href":"https:\/\/ttemsa.com\/industria\/index.php\/wp-json\/wp\/v2\/pages\/2057\/revisions"}],"predecessor-version":[{"id":3068,"href":"https:\/\/ttemsa.com\/industria\/index.php\/wp-json\/wp\/v2\/pages\/2057\/revisions\/3068"}],"up":[{"embeddable":true,"href":"https:\/\/ttemsa.com\/industria\/index.php\/wp-json\/wp\/v2\/pages\/1531"}],"wp:attachment":[{"href":"https:\/\/ttemsa.com\/industria\/index.php\/wp-json\/wp\/v2\/media?parent=2057"}],"wp:term":[{"taxonomy":"category","embeddable":true,"href":"https:\/\/ttemsa.com\/industria\/index.php\/wp-json\/wp\/v2\/categories?post=2057"},{"taxonomy":"post_tag","embeddable":true,"href":"https:\/\/ttemsa.com\/industria\/index.php\/wp-json\/wp\/v2\/tags?post=2057"}],"curies":[{"name":"wp","href":"https:\/\/api.w.org\/{rel}","templated":true}]}}