{"id":2058,"date":"2024-03-02T19:48:06","date_gmt":"2024-03-02T19:48:06","guid":{"rendered":"https:\/\/ttemsa.com\/industria\/index.php\/fife\/fife-sensores-de-alineacionp-copy-copy-copy-copy\/"},"modified":"2024-09-09T20:30:01","modified_gmt":"2024-09-09T20:30:01","slug":"329-sensor-se-33","status":"publish","type":"page","link":"https:\/\/ttemsa.com\/industria\/index.php\/fife\/32-fife-sensores\/329-sensor-se-33\/","title":{"rendered":"Sensor SE-26b"},"content":{"rendered":"<div class=\"wp-block-image\">\n<figure class=\"alignright size-full\"><img loading=\"lazy\" decoding=\"async\" width=\"591\" height=\"358\" src=\"https:\/\/ttemsa.com\/industria\/wp-content\/uploads\/2024\/03\/SE26B.jpg\" alt=\"\" class=\"wp-image-2097\" srcset=\"https:\/\/ttemsa.com\/industria\/wp-content\/uploads\/2024\/03\/SE26B.jpg 591w, https:\/\/ttemsa.com\/industria\/wp-content\/uploads\/2024\/03\/SE26B-300x182.jpg 300w\" sizes=\"auto, (max-width: 591px) 100vw, 591px\" \/><\/figure>\n<\/div>\n\n\n<figure class=\"wp-block-image size-full\"><img loading=\"lazy\" decoding=\"async\" width=\"147\" height=\"90\" src=\"https:\/\/ttemsa.com\/industria\/wp-content\/uploads\/2024\/03\/Ultrashaftimage006-1.png\" alt=\"\" class=\"wp-image-2079\"\/><\/figure>\n\n\n\n<p><strong>Fife SE-26B Digital Line Guide Sensor<\/strong><\/p>\n\n\n\n<p>The SE-26B is a visible white LED light sensor that can be used to guide to the center of a line or to an edge. The sensor provides two output signals to the Fife guiding controller, one for EDGE mode and&nbsp;one for LINE mode. Featuring 100,000 lifetime hours, the lens and cover components can be unscrewed and interchanged to change the sensing orientation.<\/p>\n\n\n\n<ul class=\"wp-block-list\">\n<li>Small, lightweight sensor for guiding to the center or edge of a line<\/li>\n\n\n\n<li>Especially good in applications where contrast between background and printed line is low<\/li>\n\n\n\n<li>Provides reliable operation for glossy, reflective, or shiny materials<\/li>\n\n\n\n<li>Lens position may be altered to allow the sensor to operate at 90\u00ba from standard<\/li>\n\n\n\n<li>Flexible mounting and positioning assemblies ensure quick and easy installation<\/li>\n\n\n\n<li>Electrostatic discharge protected<\/li>\n\n\n\n<li>LED light source provides 100,000 lifetime hours<\/li>\n<\/ul>\n","protected":false},"excerpt":{"rendered":"<p>Fife SE-26B Digital Line Guide Sensor The SE-26B is a visible white LED light sensor that can be used to guide to the center of a line or to an edge. The sensor provides two output signals to the Fife guiding controller, one for EDGE mode and&nbsp;one for LINE mode. Featuring 100,000 lifetime hours, the [&hellip;]<\/p>\n","protected":false},"author":1,"featured_media":0,"parent":3520,"menu_order":0,"comment_status":"closed","ping_status":"closed","template":"","meta":{"content-type":"","footnotes":""},"categories":[15],"tags":[],"class_list":["post-2058","page","type-page","status-publish","hentry","category-fifecat"],"yoast_head":"<!-- This site is optimized with the Yoast SEO plugin v26.6 - https:\/\/yoast.com\/wordpress\/plugins\/seo\/ -->\n<title>Sensor SE-26b - industria-de-la-conversion.ttemsa<\/title>\n<meta name=\"description\" content=\"Sensor peque\u00f1o y ligero para guiado hasta el centro o el borde de una l\u00ednea, The SE-26B is a visible. en ttemsa ofrecemos Soluciones. Solicite + info Tel\u00e9fonos: + 52 (55) 5352-0191 5352-1301 5352-6070 5352-0593\" \/>\n<meta name=\"robots\" content=\"index, follow, max-snippet:-1, max-image-preview:large, max-video-preview:-1\" \/>\n<link rel=\"canonical\" href=\"https:\/\/ttemsa.com\/industria\/index.php\/fife\/32-fife-sensores\/329-sensor-se-33\/\" \/>\n<meta property=\"og:locale\" content=\"es_MX\" \/>\n<meta property=\"og:type\" content=\"article\" \/>\n<meta property=\"og:title\" content=\"Sensor peque\u00f1o y ligero para guiado hasta el centro o el borde de una l\u00ednea, The SE-26B is a visible.\" \/>\n<meta property=\"og:description\" content=\"en ttemsa ofrecemos Soluciones. Solicite + info Tel\u00e9fonos: + 52 (55) 5352-0191 5352-1301 5352-6070 5352-0593\" \/>\n<meta property=\"og:url\" content=\"https:\/\/ttemsa.com\/industria\/index.php\/fife\/32-fife-sensores\/329-sensor-se-33\/\" \/>\n<meta property=\"og:site_name\" content=\"industria-de-la-conversion.ttemsa\" \/>\n<meta property=\"article:modified_time\" content=\"2024-09-09T20:30:01+00:00\" \/>\n<meta property=\"og:image\" content=\"https:\/\/ttemsa.com\/industria\/wp-content\/uploads\/2024\/03\/SE26B.jpg\" \/>\n\t<meta property=\"og:image:width\" content=\"591\" \/>\n\t<meta property=\"og:image:height\" content=\"358\" \/>\n\t<meta property=\"og:image:type\" content=\"image\/jpeg\" \/>\n<meta name=\"twitter:card\" content=\"summary_large_image\" \/>\n<meta name=\"twitter:label1\" content=\"Tiempo de lectura\" \/>\n\t<meta name=\"twitter:data1\" content=\"2 minutos\" \/>\n<script type=\"application\/ld+json\" class=\"yoast-schema-graph\">{\"@context\":\"https:\/\/schema.org\",\"@graph\":[{\"@type\":\"WebPage\",\"@id\":\"https:\/\/ttemsa.com\/industria\/index.php\/fife\/32-fife-sensores\/329-sensor-se-33\/\",\"url\":\"https:\/\/ttemsa.com\/industria\/index.php\/fife\/32-fife-sensores\/329-sensor-se-33\/\",\"name\":\"Sensor SE-26b - industria-de-la-conversion.ttemsa\",\"isPartOf\":{\"@id\":\"https:\/\/ttemsa.com\/industria\/#website\"},\"primaryImageOfPage\":{\"@id\":\"https:\/\/ttemsa.com\/industria\/index.php\/fife\/32-fife-sensores\/329-sensor-se-33\/#primaryimage\"},\"image\":{\"@id\":\"https:\/\/ttemsa.com\/industria\/index.php\/fife\/32-fife-sensores\/329-sensor-se-33\/#primaryimage\"},\"thumbnailUrl\":\"https:\/\/ttemsa.com\/industria\/wp-content\/uploads\/2024\/03\/SE26B.jpg\",\"datePublished\":\"2024-03-02T19:48:06+00:00\",\"dateModified\":\"2024-09-09T20:30:01+00:00\",\"description\":\"Sensor peque\u00f1o y ligero para guiado hasta el centro o el borde de una l\u00ednea, The SE-26B is a visible. en ttemsa ofrecemos Soluciones. Solicite + info Tel\u00e9fonos: + 52 (55) 5352-0191 5352-1301 5352-6070 5352-0593\",\"breadcrumb\":{\"@id\":\"https:\/\/ttemsa.com\/industria\/index.php\/fife\/32-fife-sensores\/329-sensor-se-33\/#breadcrumb\"},\"inLanguage\":\"es\",\"potentialAction\":[{\"@type\":\"ReadAction\",\"target\":[\"https:\/\/ttemsa.com\/industria\/index.php\/fife\/32-fife-sensores\/329-sensor-se-33\/\"]}]},{\"@type\":\"ImageObject\",\"inLanguage\":\"es\",\"@id\":\"https:\/\/ttemsa.com\/industria\/index.php\/fife\/32-fife-sensores\/329-sensor-se-33\/#primaryimage\",\"url\":\"https:\/\/ttemsa.com\/industria\/wp-content\/uploads\/2024\/03\/SE26B.jpg\",\"contentUrl\":\"https:\/\/ttemsa.com\/industria\/wp-content\/uploads\/2024\/03\/SE26B.jpg\",\"width\":591,\"height\":358},{\"@type\":\"BreadcrumbList\",\"@id\":\"https:\/\/ttemsa.com\/industria\/index.php\/fife\/32-fife-sensores\/329-sensor-se-33\/#breadcrumb\",\"itemListElement\":[{\"@type\":\"ListItem\",\"position\":1,\"name\":\"Inicio\",\"item\":\"https:\/\/ttemsa.com\/industria\/\"},{\"@type\":\"ListItem\",\"position\":2,\"name\":\"FIFE\",\"item\":\"https:\/\/ttemsa.com\/industria\/index.php\/fife\/\"},{\"@type\":\"ListItem\",\"position\":3,\"name\":\"32- Sensores de Alineaci\u00f3n FIFE\",\"item\":\"https:\/\/ttemsa.com\/industria\/index.php\/fife\/32-fife-sensores\/\"},{\"@type\":\"ListItem\",\"position\":4,\"name\":\"Sensor SE-26b\"}]},{\"@type\":\"WebSite\",\"@id\":\"https:\/\/ttemsa.com\/industria\/#website\",\"url\":\"https:\/\/ttemsa.com\/industria\/\",\"name\":\"industria-de-la-conversion.ttemsa\",\"description\":\"Designed Dianalacazadora.com\",\"alternateName\":\"ttemsa l\u00edderes en la industria de la conversi\u00f3n\",\"potentialAction\":[{\"@type\":\"SearchAction\",\"target\":{\"@type\":\"EntryPoint\",\"urlTemplate\":\"https:\/\/ttemsa.com\/industria\/?s={search_term_string}\"},\"query-input\":{\"@type\":\"PropertyValueSpecification\",\"valueRequired\":true,\"valueName\":\"search_term_string\"}}],\"inLanguage\":\"es\"}]}<\/script>\n<!-- \/ Yoast SEO plugin. -->","yoast_head_json":{"title":"Sensor SE-26b - industria-de-la-conversion.ttemsa","description":"Sensor peque\u00f1o y ligero para guiado hasta el centro o el borde de una l\u00ednea, The SE-26B is a visible. en ttemsa ofrecemos Soluciones. Solicite + info Tel\u00e9fonos: + 52 (55) 5352-0191 5352-1301 5352-6070 5352-0593","robots":{"index":"index","follow":"follow","max-snippet":"max-snippet:-1","max-image-preview":"max-image-preview:large","max-video-preview":"max-video-preview:-1"},"canonical":"https:\/\/ttemsa.com\/industria\/index.php\/fife\/32-fife-sensores\/329-sensor-se-33\/","og_locale":"es_MX","og_type":"article","og_title":"Sensor peque\u00f1o y ligero para guiado hasta el centro o el borde de una l\u00ednea, The SE-26B is a visible.","og_description":"en ttemsa ofrecemos Soluciones. Solicite + info Tel\u00e9fonos: + 52 (55) 5352-0191 5352-1301 5352-6070 5352-0593","og_url":"https:\/\/ttemsa.com\/industria\/index.php\/fife\/32-fife-sensores\/329-sensor-se-33\/","og_site_name":"industria-de-la-conversion.ttemsa","article_modified_time":"2024-09-09T20:30:01+00:00","og_image":[{"width":591,"height":358,"url":"https:\/\/ttemsa.com\/industria\/wp-content\/uploads\/2024\/03\/SE26B.jpg","type":"image\/jpeg"}],"twitter_card":"summary_large_image","twitter_misc":{"Tiempo de lectura":"2 minutos"},"schema":{"@context":"https:\/\/schema.org","@graph":[{"@type":"WebPage","@id":"https:\/\/ttemsa.com\/industria\/index.php\/fife\/32-fife-sensores\/329-sensor-se-33\/","url":"https:\/\/ttemsa.com\/industria\/index.php\/fife\/32-fife-sensores\/329-sensor-se-33\/","name":"Sensor SE-26b - industria-de-la-conversion.ttemsa","isPartOf":{"@id":"https:\/\/ttemsa.com\/industria\/#website"},"primaryImageOfPage":{"@id":"https:\/\/ttemsa.com\/industria\/index.php\/fife\/32-fife-sensores\/329-sensor-se-33\/#primaryimage"},"image":{"@id":"https:\/\/ttemsa.com\/industria\/index.php\/fife\/32-fife-sensores\/329-sensor-se-33\/#primaryimage"},"thumbnailUrl":"https:\/\/ttemsa.com\/industria\/wp-content\/uploads\/2024\/03\/SE26B.jpg","datePublished":"2024-03-02T19:48:06+00:00","dateModified":"2024-09-09T20:30:01+00:00","description":"Sensor peque\u00f1o y ligero para guiado hasta el centro o el borde de una l\u00ednea, The SE-26B is a visible. en ttemsa ofrecemos Soluciones. Solicite + info Tel\u00e9fonos: + 52 (55) 5352-0191 5352-1301 5352-6070 5352-0593","breadcrumb":{"@id":"https:\/\/ttemsa.com\/industria\/index.php\/fife\/32-fife-sensores\/329-sensor-se-33\/#breadcrumb"},"inLanguage":"es","potentialAction":[{"@type":"ReadAction","target":["https:\/\/ttemsa.com\/industria\/index.php\/fife\/32-fife-sensores\/329-sensor-se-33\/"]}]},{"@type":"ImageObject","inLanguage":"es","@id":"https:\/\/ttemsa.com\/industria\/index.php\/fife\/32-fife-sensores\/329-sensor-se-33\/#primaryimage","url":"https:\/\/ttemsa.com\/industria\/wp-content\/uploads\/2024\/03\/SE26B.jpg","contentUrl":"https:\/\/ttemsa.com\/industria\/wp-content\/uploads\/2024\/03\/SE26B.jpg","width":591,"height":358},{"@type":"BreadcrumbList","@id":"https:\/\/ttemsa.com\/industria\/index.php\/fife\/32-fife-sensores\/329-sensor-se-33\/#breadcrumb","itemListElement":[{"@type":"ListItem","position":1,"name":"Inicio","item":"https:\/\/ttemsa.com\/industria\/"},{"@type":"ListItem","position":2,"name":"FIFE","item":"https:\/\/ttemsa.com\/industria\/index.php\/fife\/"},{"@type":"ListItem","position":3,"name":"32- Sensores de Alineaci\u00f3n FIFE","item":"https:\/\/ttemsa.com\/industria\/index.php\/fife\/32-fife-sensores\/"},{"@type":"ListItem","position":4,"name":"Sensor SE-26b"}]},{"@type":"WebSite","@id":"https:\/\/ttemsa.com\/industria\/#website","url":"https:\/\/ttemsa.com\/industria\/","name":"industria-de-la-conversion.ttemsa","description":"Designed Dianalacazadora.com","alternateName":"ttemsa l\u00edderes en la industria de la conversi\u00f3n","potentialAction":[{"@type":"SearchAction","target":{"@type":"EntryPoint","urlTemplate":"https:\/\/ttemsa.com\/industria\/?s={search_term_string}"},"query-input":{"@type":"PropertyValueSpecification","valueRequired":true,"valueName":"search_term_string"}}],"inLanguage":"es"}]}},"_links":{"self":[{"href":"https:\/\/ttemsa.com\/industria\/index.php\/wp-json\/wp\/v2\/pages\/2058","targetHints":{"allow":["GET"]}}],"collection":[{"href":"https:\/\/ttemsa.com\/industria\/index.php\/wp-json\/wp\/v2\/pages"}],"about":[{"href":"https:\/\/ttemsa.com\/industria\/index.php\/wp-json\/wp\/v2\/types\/page"}],"author":[{"embeddable":true,"href":"https:\/\/ttemsa.com\/industria\/index.php\/wp-json\/wp\/v2\/users\/1"}],"replies":[{"embeddable":true,"href":"https:\/\/ttemsa.com\/industria\/index.php\/wp-json\/wp\/v2\/comments?post=2058"}],"version-history":[{"count":1,"href":"https:\/\/ttemsa.com\/industria\/index.php\/wp-json\/wp\/v2\/pages\/2058\/revisions"}],"predecessor-version":[{"id":2099,"href":"https:\/\/ttemsa.com\/industria\/index.php\/wp-json\/wp\/v2\/pages\/2058\/revisions\/2099"}],"up":[{"embeddable":true,"href":"https:\/\/ttemsa.com\/industria\/index.php\/wp-json\/wp\/v2\/pages\/3520"}],"wp:attachment":[{"href":"https:\/\/ttemsa.com\/industria\/index.php\/wp-json\/wp\/v2\/media?parent=2058"}],"wp:term":[{"taxonomy":"category","embeddable":true,"href":"https:\/\/ttemsa.com\/industria\/index.php\/wp-json\/wp\/v2\/categories?post=2058"},{"taxonomy":"post_tag","embeddable":true,"href":"https:\/\/ttemsa.com\/industria\/index.php\/wp-json\/wp\/v2\/tags?post=2058"}],"curies":[{"name":"wp","href":"https:\/\/api.w.org\/{rel}","templated":true}]}}