{"id":2060,"date":"2024-03-02T19:48:21","date_gmt":"2024-03-02T19:48:21","guid":{"rendered":"https:\/\/ttemsa.com\/industria\/index.php\/fife\/fife-sensores-de-alineacionp-copy-copy-copy-copy-copy-copy\/"},"modified":"2024-09-09T20:32:24","modified_gmt":"2024-09-09T20:32:24","slug":"sensor-se-42","status":"publish","type":"page","link":"https:\/\/ttemsa.com\/industria\/index.php\/fife-alineacion\/fife-sensores-de-alineacion\/sensor-se-42\/","title":{"rendered":"Sensor SE-42 luz infraroja modulada"},"content":{"rendered":"<div class=\"wp-block-image\">\n<figure class=\"aligncenter size-full\"><img loading=\"lazy\" decoding=\"async\" width=\"313\" height=\"403\" src=\"https:\/\/ttemsa.com\/industria\/wp-content\/uploads\/2024\/03\/se422.png\" alt=\"\" class=\"wp-image-2105\" srcset=\"https:\/\/ttemsa.com\/industria\/wp-content\/uploads\/2024\/03\/se422.png 313w, https:\/\/ttemsa.com\/industria\/wp-content\/uploads\/2024\/03\/se422-233x300.png 233w\" sizes=\"auto, (max-width: 313px) 100vw, 313px\" \/><\/figure>\n<\/div>\n\n<div class=\"wp-block-image\">\n<figure class=\"alignright size-full\"><img loading=\"lazy\" decoding=\"async\" width=\"527\" height=\"58\" src=\"https:\/\/ttemsa.com\/industria\/wp-content\/uploads\/2024\/03\/se42.png\" alt=\"\" class=\"wp-image-2106\" srcset=\"https:\/\/ttemsa.com\/industria\/wp-content\/uploads\/2024\/03\/se42.png 527w, https:\/\/ttemsa.com\/industria\/wp-content\/uploads\/2024\/03\/se42-300x33.png 300w\" sizes=\"auto, (max-width: 527px) 100vw, 527px\" \/><\/figure>\n<\/div>\n\n\n<p><\/p>\n\n\n<div class=\"wp-block-image\">\n<figure class=\"alignleft size-full\"><img loading=\"lazy\" decoding=\"async\" width=\"147\" height=\"90\" src=\"https:\/\/ttemsa.com\/industria\/wp-content\/uploads\/2024\/03\/Ultrashaftimage006-1.png\" alt=\"\" class=\"wp-image-2079\"\/><\/figure>\n<\/div>\n\n\n<p>El sensor de bordes modelo SE\u2009-\u200942 utiliza una luz infraroja modulada.<\/p>\n\n\n\n<p>Sus dimensiones reducidas, su bajo peso y su insensibilidad a la luz ambiente le permiten adaptarse a la mayor\u00eda de las aplicaciones.<\/p>\n\n\n\n<p>El SE\u2009-\u200942 utiliza un haz de luz infraroja para medir la posici\u00f3n de la banda, y envia una se\u00f1al lineal basada en la posici\u00f3n de esta. La zona de medici\u00f3n (banda proporcional) es de 17\u2009mm y permite un ajuste importante del punto de guiado.<\/p>\n\n\n\n<p>Utilizando dos sensores SE\u2009-\u200942 se puede guiar por el centro de una banda con una d\u00e9bil variaci\u00f3n de ancho.<\/p>\n\n\n\n<p>El SE\u2009-\u200942 se utiliza para materiales opacos o semi-transparentes. Fife ofrece una gran variedad de soportes y posicionadores para utilizar con el SE\u2009-\u200942.<\/p>\n\n\n\n<p>Dependiendo de la aplicaci\u00f3n, se pueden suministrar soportes estandar o a medida, para asegurar una instalaci\u00f3n r\u00e1pida y f\u00e1cil. &nbsp;<\/p>\n\n\n\n<p>El sensor SE\u2009-\u200942 puede utilizarse con cualquiera de nuestros sistemas de guiado nuevos o para mejorar los existentes. El sensor SE\u2009-\u200942 puede utilizarse con todos los procesadores de se\u00f1al de Fife.<\/p>\n\n\n\n<p><strong>Especificaciones: SENSOR SE-42<\/strong>&nbsp;<\/p>\n\n\n\n<figure class=\"wp-block-image size-full\"><img loading=\"lazy\" decoding=\"async\" width=\"743\" height=\"828\" src=\"https:\/\/ttemsa.com\/industria\/wp-content\/uploads\/2024\/05\/se42c.png\" alt=\"\" class=\"wp-image-3059\" srcset=\"https:\/\/ttemsa.com\/industria\/wp-content\/uploads\/2024\/05\/se42c.png 743w, https:\/\/ttemsa.com\/industria\/wp-content\/uploads\/2024\/05\/se42c-269x300.png 269w\" sizes=\"auto, (max-width: 743px) 100vw, 743px\" \/><\/figure>\n","protected":false},"excerpt":{"rendered":"<p>El sensor de bordes modelo SE\u2009-\u200942 utiliza una luz infraroja modulada. Sus dimensiones reducidas, su bajo peso y su insensibilidad a la luz ambiente le permiten adaptarse a la mayor\u00eda de las aplicaciones. El SE\u2009-\u200942 utiliza un haz de luz infraroja para medir la posici\u00f3n de la banda, y envia una se\u00f1al lineal basada en [&hellip;]<\/p>\n","protected":false},"author":1,"featured_media":0,"parent":1531,"menu_order":0,"comment_status":"closed","ping_status":"closed","template":"","meta":{"content-type":"","footnotes":""},"categories":[15],"tags":[],"class_list":["post-2060","page","type-page","status-publish","hentry","category-fifecat"],"yoast_head":"<!-- This site is optimized with the Yoast SEO plugin v26.6 - https:\/\/yoast.com\/wordpress\/plugins\/seo\/ -->\n<title>Sensor SE-42 luz infraroja modulada - industria-de-la-conversion.ttemsa<\/title>\n<meta name=\"description\" content=\"El sensor de bordes modelo SE - 42 utiliza una luz infraroja modulada. Sus dimensiones reducidas, su bajo peso. En ttemsa ofrecemos Soluciones. Solicite + info Tel\u00e9fonos: + 52 (55) 5352-0191 5352-1301 5352-6070 5352-0593\" \/>\n<meta name=\"robots\" content=\"index, follow, max-snippet:-1, max-image-preview:large, max-video-preview:-1\" \/>\n<link rel=\"canonical\" href=\"https:\/\/ttemsa.com\/industria\/index.php\/fife-alineacion\/fife-sensores-de-alineacion\/sensor-se-42\/\" \/>\n<meta property=\"og:locale\" content=\"es_MX\" \/>\n<meta property=\"og:type\" content=\"article\" \/>\n<meta property=\"og:title\" content=\"El sensor de bordes modelo SE - 42 utiliza una luz infraroja modulada. Sus dimensiones reducidas, su bajo peso.\" \/>\n<meta property=\"og:description\" content=\"en ttemsa ofrecemos Soluciones. Solicite + info Tel\u00e9fonos: + 52 (55) 5352-0191 5352-1301 5352-6070 5352-0593\" \/>\n<meta property=\"og:url\" content=\"https:\/\/ttemsa.com\/industria\/index.php\/fife-alineacion\/fife-sensores-de-alineacion\/sensor-se-42\/\" \/>\n<meta property=\"og:site_name\" content=\"industria-de-la-conversion.ttemsa\" \/>\n<meta property=\"article:modified_time\" content=\"2024-09-09T20:32:24+00:00\" \/>\n<meta property=\"og:image\" content=\"https:\/\/ttemsa.com\/industria\/wp-content\/uploads\/2024\/03\/se422.png\" \/>\n\t<meta property=\"og:image:width\" content=\"313\" \/>\n\t<meta property=\"og:image:height\" content=\"403\" \/>\n\t<meta property=\"og:image:type\" content=\"image\/png\" \/>\n<meta name=\"twitter:card\" content=\"summary_large_image\" \/>\n<meta name=\"twitter:label1\" content=\"Tiempo de lectura\" \/>\n\t<meta name=\"twitter:data1\" content=\"2 minutos\" \/>\n<script type=\"application\/ld+json\" class=\"yoast-schema-graph\">{\"@context\":\"https:\/\/schema.org\",\"@graph\":[{\"@type\":\"WebPage\",\"@id\":\"https:\/\/ttemsa.com\/industria\/index.php\/fife-alineacion\/fife-sensores-de-alineacion\/sensor-se-42\/\",\"url\":\"https:\/\/ttemsa.com\/industria\/index.php\/fife-alineacion\/fife-sensores-de-alineacion\/sensor-se-42\/\",\"name\":\"Sensor SE-42 luz infraroja modulada - industria-de-la-conversion.ttemsa\",\"isPartOf\":{\"@id\":\"https:\/\/ttemsa.com\/industria\/#website\"},\"primaryImageOfPage\":{\"@id\":\"https:\/\/ttemsa.com\/industria\/index.php\/fife-alineacion\/fife-sensores-de-alineacion\/sensor-se-42\/#primaryimage\"},\"image\":{\"@id\":\"https:\/\/ttemsa.com\/industria\/index.php\/fife-alineacion\/fife-sensores-de-alineacion\/sensor-se-42\/#primaryimage\"},\"thumbnailUrl\":\"https:\/\/ttemsa.com\/industria\/wp-content\/uploads\/2024\/03\/se422.png\",\"datePublished\":\"2024-03-02T19:48:21+00:00\",\"dateModified\":\"2024-09-09T20:32:24+00:00\",\"description\":\"El sensor de bordes modelo SE - 42 utiliza una luz infraroja modulada. Sus dimensiones reducidas, su bajo peso. En ttemsa ofrecemos Soluciones. Solicite + info Tel\u00e9fonos: + 52 (55) 5352-0191 5352-1301 5352-6070 5352-0593\",\"breadcrumb\":{\"@id\":\"https:\/\/ttemsa.com\/industria\/index.php\/fife-alineacion\/fife-sensores-de-alineacion\/sensor-se-42\/#breadcrumb\"},\"inLanguage\":\"es\",\"potentialAction\":[{\"@type\":\"ReadAction\",\"target\":[\"https:\/\/ttemsa.com\/industria\/index.php\/fife-alineacion\/fife-sensores-de-alineacion\/sensor-se-42\/\"]}]},{\"@type\":\"ImageObject\",\"inLanguage\":\"es\",\"@id\":\"https:\/\/ttemsa.com\/industria\/index.php\/fife-alineacion\/fife-sensores-de-alineacion\/sensor-se-42\/#primaryimage\",\"url\":\"https:\/\/ttemsa.com\/industria\/wp-content\/uploads\/2024\/03\/se422.png\",\"contentUrl\":\"https:\/\/ttemsa.com\/industria\/wp-content\/uploads\/2024\/03\/se422.png\",\"width\":313,\"height\":403},{\"@type\":\"BreadcrumbList\",\"@id\":\"https:\/\/ttemsa.com\/industria\/index.php\/fife-alineacion\/fife-sensores-de-alineacion\/sensor-se-42\/#breadcrumb\",\"itemListElement\":[{\"@type\":\"ListItem\",\"position\":1,\"name\":\"Inicio\",\"item\":\"https:\/\/ttemsa.com\/industria\/\"},{\"@type\":\"ListItem\",\"position\":2,\"name\":\"fife-alineacion FIFE Funciones\",\"item\":\"https:\/\/ttemsa.com\/industria\/index.php\/fife-alineacion\/\"},{\"@type\":\"ListItem\",\"position\":3,\"name\":\"Sensores de Alineaci\u00f3n FIFE\",\"item\":\"https:\/\/ttemsa.com\/industria\/index.php\/fife-alineacion\/fife-sensores-de-alineacion\/\"},{\"@type\":\"ListItem\",\"position\":4,\"name\":\"Sensor SE-42 luz infraroja modulada\"}]},{\"@type\":\"WebSite\",\"@id\":\"https:\/\/ttemsa.com\/industria\/#website\",\"url\":\"https:\/\/ttemsa.com\/industria\/\",\"name\":\"industria-de-la-conversion.ttemsa\",\"description\":\"Designed Dianalacazadora.com\",\"alternateName\":\"ttemsa l\u00edderes en la industria de la conversi\u00f3n\",\"potentialAction\":[{\"@type\":\"SearchAction\",\"target\":{\"@type\":\"EntryPoint\",\"urlTemplate\":\"https:\/\/ttemsa.com\/industria\/?s={search_term_string}\"},\"query-input\":{\"@type\":\"PropertyValueSpecification\",\"valueRequired\":true,\"valueName\":\"search_term_string\"}}],\"inLanguage\":\"es\"}]}<\/script>\n<!-- \/ Yoast SEO plugin. -->","yoast_head_json":{"title":"Sensor SE-42 luz infraroja modulada - industria-de-la-conversion.ttemsa","description":"El sensor de bordes modelo SE - 42 utiliza una luz infraroja modulada. Sus dimensiones reducidas, su bajo peso. En ttemsa ofrecemos Soluciones. Solicite + info Tel\u00e9fonos: + 52 (55) 5352-0191 5352-1301 5352-6070 5352-0593","robots":{"index":"index","follow":"follow","max-snippet":"max-snippet:-1","max-image-preview":"max-image-preview:large","max-video-preview":"max-video-preview:-1"},"canonical":"https:\/\/ttemsa.com\/industria\/index.php\/fife-alineacion\/fife-sensores-de-alineacion\/sensor-se-42\/","og_locale":"es_MX","og_type":"article","og_title":"El sensor de bordes modelo SE - 42 utiliza una luz infraroja modulada. Sus dimensiones reducidas, su bajo peso.","og_description":"en ttemsa ofrecemos Soluciones. Solicite + info Tel\u00e9fonos: + 52 (55) 5352-0191 5352-1301 5352-6070 5352-0593","og_url":"https:\/\/ttemsa.com\/industria\/index.php\/fife-alineacion\/fife-sensores-de-alineacion\/sensor-se-42\/","og_site_name":"industria-de-la-conversion.ttemsa","article_modified_time":"2024-09-09T20:32:24+00:00","og_image":[{"width":313,"height":403,"url":"https:\/\/ttemsa.com\/industria\/wp-content\/uploads\/2024\/03\/se422.png","type":"image\/png"}],"twitter_card":"summary_large_image","twitter_misc":{"Tiempo de lectura":"2 minutos"},"schema":{"@context":"https:\/\/schema.org","@graph":[{"@type":"WebPage","@id":"https:\/\/ttemsa.com\/industria\/index.php\/fife-alineacion\/fife-sensores-de-alineacion\/sensor-se-42\/","url":"https:\/\/ttemsa.com\/industria\/index.php\/fife-alineacion\/fife-sensores-de-alineacion\/sensor-se-42\/","name":"Sensor SE-42 luz infraroja modulada - industria-de-la-conversion.ttemsa","isPartOf":{"@id":"https:\/\/ttemsa.com\/industria\/#website"},"primaryImageOfPage":{"@id":"https:\/\/ttemsa.com\/industria\/index.php\/fife-alineacion\/fife-sensores-de-alineacion\/sensor-se-42\/#primaryimage"},"image":{"@id":"https:\/\/ttemsa.com\/industria\/index.php\/fife-alineacion\/fife-sensores-de-alineacion\/sensor-se-42\/#primaryimage"},"thumbnailUrl":"https:\/\/ttemsa.com\/industria\/wp-content\/uploads\/2024\/03\/se422.png","datePublished":"2024-03-02T19:48:21+00:00","dateModified":"2024-09-09T20:32:24+00:00","description":"El sensor de bordes modelo SE - 42 utiliza una luz infraroja modulada. Sus dimensiones reducidas, su bajo peso. En ttemsa ofrecemos Soluciones. Solicite + info Tel\u00e9fonos: + 52 (55) 5352-0191 5352-1301 5352-6070 5352-0593","breadcrumb":{"@id":"https:\/\/ttemsa.com\/industria\/index.php\/fife-alineacion\/fife-sensores-de-alineacion\/sensor-se-42\/#breadcrumb"},"inLanguage":"es","potentialAction":[{"@type":"ReadAction","target":["https:\/\/ttemsa.com\/industria\/index.php\/fife-alineacion\/fife-sensores-de-alineacion\/sensor-se-42\/"]}]},{"@type":"ImageObject","inLanguage":"es","@id":"https:\/\/ttemsa.com\/industria\/index.php\/fife-alineacion\/fife-sensores-de-alineacion\/sensor-se-42\/#primaryimage","url":"https:\/\/ttemsa.com\/industria\/wp-content\/uploads\/2024\/03\/se422.png","contentUrl":"https:\/\/ttemsa.com\/industria\/wp-content\/uploads\/2024\/03\/se422.png","width":313,"height":403},{"@type":"BreadcrumbList","@id":"https:\/\/ttemsa.com\/industria\/index.php\/fife-alineacion\/fife-sensores-de-alineacion\/sensor-se-42\/#breadcrumb","itemListElement":[{"@type":"ListItem","position":1,"name":"Inicio","item":"https:\/\/ttemsa.com\/industria\/"},{"@type":"ListItem","position":2,"name":"fife-alineacion FIFE Funciones","item":"https:\/\/ttemsa.com\/industria\/index.php\/fife-alineacion\/"},{"@type":"ListItem","position":3,"name":"Sensores de Alineaci\u00f3n FIFE","item":"https:\/\/ttemsa.com\/industria\/index.php\/fife-alineacion\/fife-sensores-de-alineacion\/"},{"@type":"ListItem","position":4,"name":"Sensor SE-42 luz infraroja modulada"}]},{"@type":"WebSite","@id":"https:\/\/ttemsa.com\/industria\/#website","url":"https:\/\/ttemsa.com\/industria\/","name":"industria-de-la-conversion.ttemsa","description":"Designed Dianalacazadora.com","alternateName":"ttemsa l\u00edderes en la industria de la conversi\u00f3n","potentialAction":[{"@type":"SearchAction","target":{"@type":"EntryPoint","urlTemplate":"https:\/\/ttemsa.com\/industria\/?s={search_term_string}"},"query-input":{"@type":"PropertyValueSpecification","valueRequired":true,"valueName":"search_term_string"}}],"inLanguage":"es"}]}},"_links":{"self":[{"href":"https:\/\/ttemsa.com\/industria\/index.php\/wp-json\/wp\/v2\/pages\/2060","targetHints":{"allow":["GET"]}}],"collection":[{"href":"https:\/\/ttemsa.com\/industria\/index.php\/wp-json\/wp\/v2\/pages"}],"about":[{"href":"https:\/\/ttemsa.com\/industria\/index.php\/wp-json\/wp\/v2\/types\/page"}],"author":[{"embeddable":true,"href":"https:\/\/ttemsa.com\/industria\/index.php\/wp-json\/wp\/v2\/users\/1"}],"replies":[{"embeddable":true,"href":"https:\/\/ttemsa.com\/industria\/index.php\/wp-json\/wp\/v2\/comments?post=2060"}],"version-history":[{"count":3,"href":"https:\/\/ttemsa.com\/industria\/index.php\/wp-json\/wp\/v2\/pages\/2060\/revisions"}],"predecessor-version":[{"id":3062,"href":"https:\/\/ttemsa.com\/industria\/index.php\/wp-json\/wp\/v2\/pages\/2060\/revisions\/3062"}],"up":[{"embeddable":true,"href":"https:\/\/ttemsa.com\/industria\/index.php\/wp-json\/wp\/v2\/pages\/1531"}],"wp:attachment":[{"href":"https:\/\/ttemsa.com\/industria\/index.php\/wp-json\/wp\/v2\/media?parent=2060"}],"wp:term":[{"taxonomy":"category","embeddable":true,"href":"https:\/\/ttemsa.com\/industria\/index.php\/wp-json\/wp\/v2\/categories?post=2060"},{"taxonomy":"post_tag","embeddable":true,"href":"https:\/\/ttemsa.com\/industria\/index.php\/wp-json\/wp\/v2\/tags?post=2060"}],"curies":[{"name":"wp","href":"https:\/\/api.w.org\/{rel}","templated":true}]}}