{"id":2062,"date":"2024-03-02T19:48:40","date_gmt":"2024-03-02T19:48:40","guid":{"rendered":"https:\/\/ttemsa.com\/industria\/index.php\/fife\/fife-sensores-de-alineacionp-copy-copy-copy-copy-copy-copy-copy-copy\/"},"modified":"2024-09-09T19:23:50","modified_gmt":"2024-09-09T19:23:50","slug":"fife-se38","status":"publish","type":"page","link":"https:\/\/ttemsa.com\/industria\/index.php\/fife-alineacion\/fife-sensores-de-alineacion\/fife-se38\/","title":{"rendered":"Sensor de Banda Digital SE-38 Firstedge"},"content":{"rendered":"<div class=\"wp-block-image\">\n<figure class=\"aligncenter size-full is-resized\"><img loading=\"lazy\" decoding=\"async\" width=\"364\" height=\"364\" src=\"https:\/\/ttemsa.com\/industria\/wp-content\/uploads\/2024\/03\/se38.png\" alt=\"\" class=\"wp-image-2113\" style=\"width:472px;height:auto\" srcset=\"https:\/\/ttemsa.com\/industria\/wp-content\/uploads\/2024\/03\/se38.png 364w, https:\/\/ttemsa.com\/industria\/wp-content\/uploads\/2024\/03\/se38-300x300.png 300w, https:\/\/ttemsa.com\/industria\/wp-content\/uploads\/2024\/03\/se38-150x150.png 150w\" sizes=\"auto, (max-width: 364px) 100vw, 364px\" \/><\/figure>\n<\/div>\n\n<div class=\"wp-block-image\">\n<figure class=\"alignright size-full\"><img loading=\"lazy\" decoding=\"async\" width=\"544\" height=\"53\" src=\"https:\/\/ttemsa.com\/industria\/wp-content\/uploads\/2024\/03\/se.png\" alt=\"\" class=\"wp-image-2114\" srcset=\"https:\/\/ttemsa.com\/industria\/wp-content\/uploads\/2024\/03\/se.png 544w, https:\/\/ttemsa.com\/industria\/wp-content\/uploads\/2024\/03\/se-300x29.png 300w\" sizes=\"auto, (max-width: 544px) 100vw, 544px\" \/><\/figure>\n<\/div>\n\n\n<figure class=\"wp-block-image size-full\"><img loading=\"lazy\" decoding=\"async\" width=\"147\" height=\"90\" src=\"https:\/\/ttemsa.com\/industria\/wp-content\/uploads\/2024\/03\/Ultrashaftimage006-1.png\" alt=\"\" class=\"wp-image-2079\"\/><\/figure>\n\n\n\n<p>EL SE-38&nbsp;First*Edge&nbsp;es un sensor de banda digital espec\u00edficamente dise\u00f1ado para materiales de dif\u00edcil Sensado<\/p>\n\n\n\n<p>Normalmente resulta complicado detectar estos espacios vac\u00edos, comunes en materiales de fibras no tejidas y tejidos libremente, a menudo son dif\u00edciles de detectar con sensores infrarrojos t\u00edpicos y casi imposibles de detectar con aire o ultrasonido.<\/p>\n\n\n\n<p>Con su exclusivo prisma posterior de 180\u00ba, el SE-38 puede detectar el primer borde de una banda y, a continuaci\u00f3n, ignorar cualquier variaci\u00f3n subsiguiente.<\/p>\n\n\n\n<p>Presenta una distancia de detecci\u00f3n est\u00e1ndar de 50.8 mm (2 pulgadas) y un rango de control de 43.2 mm (1.7 pulgadas) para proporcionar un control preciso y vers\u00e1til para aplicaciones de guiado por borde individual o por el centro.<\/p>\n\n\n\n<p><strong>Especificaciones: SE38<\/strong><\/p>\n\n\n\n<figure class=\"wp-block-image size-full\"><img loading=\"lazy\" decoding=\"async\" width=\"964\" height=\"557\" src=\"https:\/\/ttemsa.com\/industria\/wp-content\/uploads\/2024\/05\/Fife_SE38a.png\" alt=\"\" class=\"wp-image-3052\" srcset=\"https:\/\/ttemsa.com\/industria\/wp-content\/uploads\/2024\/05\/Fife_SE38a.png 964w, https:\/\/ttemsa.com\/industria\/wp-content\/uploads\/2024\/05\/Fife_SE38a-300x173.png 300w, https:\/\/ttemsa.com\/industria\/wp-content\/uploads\/2024\/05\/Fife_SE38a-768x444.png 768w\" sizes=\"auto, (max-width: 964px) 100vw, 964px\" \/><\/figure>\n\n\n\n<figure class=\"wp-block-image size-large\"><img loading=\"lazy\" decoding=\"async\" width=\"1024\" height=\"714\" src=\"https:\/\/ttemsa.com\/industria\/wp-content\/uploads\/2024\/05\/Fife_SE38b-1024x714.png\" alt=\"\" class=\"wp-image-3053\" srcset=\"https:\/\/ttemsa.com\/industria\/wp-content\/uploads\/2024\/05\/Fife_SE38b-1024x714.png 1024w, https:\/\/ttemsa.com\/industria\/wp-content\/uploads\/2024\/05\/Fife_SE38b-300x209.png 300w, https:\/\/ttemsa.com\/industria\/wp-content\/uploads\/2024\/05\/Fife_SE38b-768x536.png 768w, https:\/\/ttemsa.com\/industria\/wp-content\/uploads\/2024\/05\/Fife_SE38b.png 1085w\" sizes=\"auto, (max-width: 1024px) 100vw, 1024px\" \/><\/figure>\n","protected":false},"excerpt":{"rendered":"<p>EL SE-38&nbsp;First*Edge&nbsp;es un sensor de banda digital espec\u00edficamente dise\u00f1ado para materiales de dif\u00edcil Sensado Normalmente resulta complicado detectar estos espacios vac\u00edos, comunes en materiales de fibras no tejidas y tejidos libremente, a menudo son dif\u00edciles de detectar con sensores infrarrojos t\u00edpicos y casi imposibles de detectar con aire o ultrasonido. Con su exclusivo prisma posterior [&hellip;]<\/p>\n","protected":false},"author":1,"featured_media":0,"parent":1531,"menu_order":0,"comment_status":"closed","ping_status":"closed","template":"","meta":{"content-type":"","footnotes":""},"categories":[15],"tags":[],"class_list":["post-2062","page","type-page","status-publish","hentry","category-fifecat"],"yoast_head":"<!-- This site is optimized with the Yoast SEO plugin v26.6 - https:\/\/yoast.com\/wordpress\/plugins\/seo\/ -->\n<title>Sensor de Banda Digital SE-38 Firstedge - industria-de-la-conversion.ttemsa<\/title>\n<meta name=\"description\" content=\"El SE-38 First*Edge es un sensor de banda digital espec\u00edficamente dise\u00f1ado para materiales de dif\u00edcil Sensado. En ttemsa ofrecemos Soluciones. Solicite + info Tel\u00e9fonos: + 52 (55) 5352-0191 5352-1301 5352-6070 5352-0593\" \/>\n<meta name=\"robots\" content=\"index, follow, max-snippet:-1, max-image-preview:large, max-video-preview:-1\" \/>\n<link rel=\"canonical\" href=\"https:\/\/ttemsa.com\/industria\/index.php\/fife-alineacion\/fife-sensores-de-alineacion\/fife-se38\/\" \/>\n<meta property=\"og:locale\" content=\"es_MX\" \/>\n<meta property=\"og:type\" content=\"article\" \/>\n<meta property=\"og:title\" content=\"El SE-38 First*Edge es un sensor de banda digital espec\u00edficamente dise\u00f1ado para materiales de dif\u00edcil Sensado\" \/>\n<meta property=\"og:description\" content=\"en ttemsa ofrecemos Soluciones. Solicite + info Tel\u00e9fonos: + 52 (55) 5352-0191 5352-1301 5352-6070 5352-0593\" \/>\n<meta property=\"og:url\" content=\"https:\/\/ttemsa.com\/industria\/index.php\/fife-alineacion\/fife-sensores-de-alineacion\/fife-se38\/\" \/>\n<meta property=\"og:site_name\" content=\"industria-de-la-conversion.ttemsa\" \/>\n<meta property=\"article:modified_time\" content=\"2024-09-09T19:23:50+00:00\" \/>\n<meta property=\"og:image\" content=\"https:\/\/ttemsa.com\/industria\/wp-content\/uploads\/2024\/03\/se38.png\" \/>\n\t<meta property=\"og:image:width\" content=\"364\" \/>\n\t<meta property=\"og:image:height\" content=\"364\" \/>\n\t<meta property=\"og:image:type\" content=\"image\/png\" \/>\n<meta name=\"twitter:card\" content=\"summary_large_image\" \/>\n<meta name=\"twitter:label1\" content=\"Tiempo de lectura\" \/>\n\t<meta name=\"twitter:data1\" content=\"2 minutos\" \/>\n<script type=\"application\/ld+json\" class=\"yoast-schema-graph\">{\"@context\":\"https:\/\/schema.org\",\"@graph\":[{\"@type\":\"WebPage\",\"@id\":\"https:\/\/ttemsa.com\/industria\/index.php\/fife-alineacion\/fife-sensores-de-alineacion\/fife-se38\/\",\"url\":\"https:\/\/ttemsa.com\/industria\/index.php\/fife-alineacion\/fife-sensores-de-alineacion\/fife-se38\/\",\"name\":\"Sensor de Banda Digital SE-38 Firstedge - industria-de-la-conversion.ttemsa\",\"isPartOf\":{\"@id\":\"https:\/\/ttemsa.com\/industria\/#website\"},\"primaryImageOfPage\":{\"@id\":\"https:\/\/ttemsa.com\/industria\/index.php\/fife-alineacion\/fife-sensores-de-alineacion\/fife-se38\/#primaryimage\"},\"image\":{\"@id\":\"https:\/\/ttemsa.com\/industria\/index.php\/fife-alineacion\/fife-sensores-de-alineacion\/fife-se38\/#primaryimage\"},\"thumbnailUrl\":\"https:\/\/ttemsa.com\/industria\/wp-content\/uploads\/2024\/03\/se38.png\",\"datePublished\":\"2024-03-02T19:48:40+00:00\",\"dateModified\":\"2024-09-09T19:23:50+00:00\",\"description\":\"El SE-38 First*Edge es un sensor de banda digital espec\u00edficamente dise\u00f1ado para materiales de dif\u00edcil Sensado. En ttemsa ofrecemos Soluciones. Solicite + info Tel\u00e9fonos: + 52 (55) 5352-0191 5352-1301 5352-6070 5352-0593\",\"breadcrumb\":{\"@id\":\"https:\/\/ttemsa.com\/industria\/index.php\/fife-alineacion\/fife-sensores-de-alineacion\/fife-se38\/#breadcrumb\"},\"inLanguage\":\"es\",\"potentialAction\":[{\"@type\":\"ReadAction\",\"target\":[\"https:\/\/ttemsa.com\/industria\/index.php\/fife-alineacion\/fife-sensores-de-alineacion\/fife-se38\/\"]}]},{\"@type\":\"ImageObject\",\"inLanguage\":\"es\",\"@id\":\"https:\/\/ttemsa.com\/industria\/index.php\/fife-alineacion\/fife-sensores-de-alineacion\/fife-se38\/#primaryimage\",\"url\":\"https:\/\/ttemsa.com\/industria\/wp-content\/uploads\/2024\/03\/se38.png\",\"contentUrl\":\"https:\/\/ttemsa.com\/industria\/wp-content\/uploads\/2024\/03\/se38.png\",\"width\":364,\"height\":364},{\"@type\":\"BreadcrumbList\",\"@id\":\"https:\/\/ttemsa.com\/industria\/index.php\/fife-alineacion\/fife-sensores-de-alineacion\/fife-se38\/#breadcrumb\",\"itemListElement\":[{\"@type\":\"ListItem\",\"position\":1,\"name\":\"Inicio\",\"item\":\"https:\/\/ttemsa.com\/industria\/\"},{\"@type\":\"ListItem\",\"position\":2,\"name\":\"fife-alineacion FIFE Funciones\",\"item\":\"https:\/\/ttemsa.com\/industria\/index.php\/fife-alineacion\/\"},{\"@type\":\"ListItem\",\"position\":3,\"name\":\"Sensores de Alineaci\u00f3n FIFE\",\"item\":\"https:\/\/ttemsa.com\/industria\/index.php\/fife-alineacion\/fife-sensores-de-alineacion\/\"},{\"@type\":\"ListItem\",\"position\":4,\"name\":\"Sensor de Banda Digital SE-38 Firstedge\"}]},{\"@type\":\"WebSite\",\"@id\":\"https:\/\/ttemsa.com\/industria\/#website\",\"url\":\"https:\/\/ttemsa.com\/industria\/\",\"name\":\"industria-de-la-conversion.ttemsa\",\"description\":\"Designed Dianalacazadora.com\",\"alternateName\":\"ttemsa l\u00edderes en la industria de la conversi\u00f3n\",\"potentialAction\":[{\"@type\":\"SearchAction\",\"target\":{\"@type\":\"EntryPoint\",\"urlTemplate\":\"https:\/\/ttemsa.com\/industria\/?s={search_term_string}\"},\"query-input\":{\"@type\":\"PropertyValueSpecification\",\"valueRequired\":true,\"valueName\":\"search_term_string\"}}],\"inLanguage\":\"es\"}]}<\/script>\n<!-- \/ Yoast SEO plugin. -->","yoast_head_json":{"title":"Sensor de Banda Digital SE-38 Firstedge - industria-de-la-conversion.ttemsa","description":"El SE-38 First*Edge es un sensor de banda digital espec\u00edficamente dise\u00f1ado para materiales de dif\u00edcil Sensado. En ttemsa ofrecemos Soluciones. Solicite + info Tel\u00e9fonos: + 52 (55) 5352-0191 5352-1301 5352-6070 5352-0593","robots":{"index":"index","follow":"follow","max-snippet":"max-snippet:-1","max-image-preview":"max-image-preview:large","max-video-preview":"max-video-preview:-1"},"canonical":"https:\/\/ttemsa.com\/industria\/index.php\/fife-alineacion\/fife-sensores-de-alineacion\/fife-se38\/","og_locale":"es_MX","og_type":"article","og_title":"El SE-38 First*Edge es un sensor de banda digital espec\u00edficamente dise\u00f1ado para materiales de dif\u00edcil Sensado","og_description":"en ttemsa ofrecemos Soluciones. Solicite + info Tel\u00e9fonos: + 52 (55) 5352-0191 5352-1301 5352-6070 5352-0593","og_url":"https:\/\/ttemsa.com\/industria\/index.php\/fife-alineacion\/fife-sensores-de-alineacion\/fife-se38\/","og_site_name":"industria-de-la-conversion.ttemsa","article_modified_time":"2024-09-09T19:23:50+00:00","og_image":[{"width":364,"height":364,"url":"https:\/\/ttemsa.com\/industria\/wp-content\/uploads\/2024\/03\/se38.png","type":"image\/png"}],"twitter_card":"summary_large_image","twitter_misc":{"Tiempo de lectura":"2 minutos"},"schema":{"@context":"https:\/\/schema.org","@graph":[{"@type":"WebPage","@id":"https:\/\/ttemsa.com\/industria\/index.php\/fife-alineacion\/fife-sensores-de-alineacion\/fife-se38\/","url":"https:\/\/ttemsa.com\/industria\/index.php\/fife-alineacion\/fife-sensores-de-alineacion\/fife-se38\/","name":"Sensor de Banda Digital SE-38 Firstedge - industria-de-la-conversion.ttemsa","isPartOf":{"@id":"https:\/\/ttemsa.com\/industria\/#website"},"primaryImageOfPage":{"@id":"https:\/\/ttemsa.com\/industria\/index.php\/fife-alineacion\/fife-sensores-de-alineacion\/fife-se38\/#primaryimage"},"image":{"@id":"https:\/\/ttemsa.com\/industria\/index.php\/fife-alineacion\/fife-sensores-de-alineacion\/fife-se38\/#primaryimage"},"thumbnailUrl":"https:\/\/ttemsa.com\/industria\/wp-content\/uploads\/2024\/03\/se38.png","datePublished":"2024-03-02T19:48:40+00:00","dateModified":"2024-09-09T19:23:50+00:00","description":"El SE-38 First*Edge es un sensor de banda digital espec\u00edficamente dise\u00f1ado para materiales de dif\u00edcil Sensado. En ttemsa ofrecemos Soluciones. Solicite + info Tel\u00e9fonos: + 52 (55) 5352-0191 5352-1301 5352-6070 5352-0593","breadcrumb":{"@id":"https:\/\/ttemsa.com\/industria\/index.php\/fife-alineacion\/fife-sensores-de-alineacion\/fife-se38\/#breadcrumb"},"inLanguage":"es","potentialAction":[{"@type":"ReadAction","target":["https:\/\/ttemsa.com\/industria\/index.php\/fife-alineacion\/fife-sensores-de-alineacion\/fife-se38\/"]}]},{"@type":"ImageObject","inLanguage":"es","@id":"https:\/\/ttemsa.com\/industria\/index.php\/fife-alineacion\/fife-sensores-de-alineacion\/fife-se38\/#primaryimage","url":"https:\/\/ttemsa.com\/industria\/wp-content\/uploads\/2024\/03\/se38.png","contentUrl":"https:\/\/ttemsa.com\/industria\/wp-content\/uploads\/2024\/03\/se38.png","width":364,"height":364},{"@type":"BreadcrumbList","@id":"https:\/\/ttemsa.com\/industria\/index.php\/fife-alineacion\/fife-sensores-de-alineacion\/fife-se38\/#breadcrumb","itemListElement":[{"@type":"ListItem","position":1,"name":"Inicio","item":"https:\/\/ttemsa.com\/industria\/"},{"@type":"ListItem","position":2,"name":"fife-alineacion FIFE Funciones","item":"https:\/\/ttemsa.com\/industria\/index.php\/fife-alineacion\/"},{"@type":"ListItem","position":3,"name":"Sensores de Alineaci\u00f3n FIFE","item":"https:\/\/ttemsa.com\/industria\/index.php\/fife-alineacion\/fife-sensores-de-alineacion\/"},{"@type":"ListItem","position":4,"name":"Sensor de Banda Digital SE-38 Firstedge"}]},{"@type":"WebSite","@id":"https:\/\/ttemsa.com\/industria\/#website","url":"https:\/\/ttemsa.com\/industria\/","name":"industria-de-la-conversion.ttemsa","description":"Designed Dianalacazadora.com","alternateName":"ttemsa l\u00edderes en la industria de la conversi\u00f3n","potentialAction":[{"@type":"SearchAction","target":{"@type":"EntryPoint","urlTemplate":"https:\/\/ttemsa.com\/industria\/?s={search_term_string}"},"query-input":{"@type":"PropertyValueSpecification","valueRequired":true,"valueName":"search_term_string"}}],"inLanguage":"es"}]}},"_links":{"self":[{"href":"https:\/\/ttemsa.com\/industria\/index.php\/wp-json\/wp\/v2\/pages\/2062","targetHints":{"allow":["GET"]}}],"collection":[{"href":"https:\/\/ttemsa.com\/industria\/index.php\/wp-json\/wp\/v2\/pages"}],"about":[{"href":"https:\/\/ttemsa.com\/industria\/index.php\/wp-json\/wp\/v2\/types\/page"}],"author":[{"embeddable":true,"href":"https:\/\/ttemsa.com\/industria\/index.php\/wp-json\/wp\/v2\/users\/1"}],"replies":[{"embeddable":true,"href":"https:\/\/ttemsa.com\/industria\/index.php\/wp-json\/wp\/v2\/comments?post=2062"}],"version-history":[{"count":2,"href":"https:\/\/ttemsa.com\/industria\/index.php\/wp-json\/wp\/v2\/pages\/2062\/revisions"}],"predecessor-version":[{"id":3054,"href":"https:\/\/ttemsa.com\/industria\/index.php\/wp-json\/wp\/v2\/pages\/2062\/revisions\/3054"}],"up":[{"embeddable":true,"href":"https:\/\/ttemsa.com\/industria\/index.php\/wp-json\/wp\/v2\/pages\/1531"}],"wp:attachment":[{"href":"https:\/\/ttemsa.com\/industria\/index.php\/wp-json\/wp\/v2\/media?parent=2062"}],"wp:term":[{"taxonomy":"category","embeddable":true,"href":"https:\/\/ttemsa.com\/industria\/index.php\/wp-json\/wp\/v2\/categories?post=2062"},{"taxonomy":"post_tag","embeddable":true,"href":"https:\/\/ttemsa.com\/industria\/index.php\/wp-json\/wp\/v2\/tags?post=2062"}],"curies":[{"name":"wp","href":"https:\/\/api.w.org\/{rel}","templated":true}]}}