{"id":3260,"date":"2024-05-03T22:31:21","date_gmt":"2024-05-03T22:31:21","guid":{"rendered":"https:\/\/ttemsa.com\/industria\/index.php\/simco-ion\/pistolas-ionizadoras-con-aire-comprimido-pr55-copy\/"},"modified":"2024-09-06T20:56:25","modified_gmt":"2024-09-06T20:56:25","slug":"pistola-ionizadora-top-gun","status":"publish","type":"page","link":"https:\/\/ttemsa.com\/industria\/index.php\/simco-ion\/pistola-ionizadora-top-gun\/","title":{"rendered":"PISTOLAS IONIZADORAS Top Gun"},"content":{"rendered":"<div class=\"wp-block-image\">\n<figure class=\"aligncenter size-full is-resized\"><img loading=\"lazy\" decoding=\"async\" width=\"584\" height=\"585\" src=\"https:\/\/ttemsa.com\/industria\/wp-content\/uploads\/2023\/12\/top.png\" alt=\"\" class=\"wp-image-1051\" style=\"width:401px;height:auto\" srcset=\"https:\/\/ttemsa.com\/industria\/wp-content\/uploads\/2023\/12\/top.png 584w, https:\/\/ttemsa.com\/industria\/wp-content\/uploads\/2023\/12\/top-300x300.png 300w, https:\/\/ttemsa.com\/industria\/wp-content\/uploads\/2023\/12\/top-150x150.png 150w\" sizes=\"auto, (max-width: 584px) 100vw, 584px\" \/><\/figure>\n<\/div>\n\n<div class=\"wp-block-image\">\n<figure class=\"aligncenter size-full is-resized\"><img loading=\"lazy\" decoding=\"async\" width=\"640\" height=\"169\" src=\"https:\/\/ttemsa.com\/industria\/wp-content\/uploads\/2023\/12\/logo-simco.png\" alt=\"\" class=\"wp-image-940\" style=\"width:222px;height:auto\" srcset=\"https:\/\/ttemsa.com\/industria\/wp-content\/uploads\/2023\/12\/logo-simco.png 640w, https:\/\/ttemsa.com\/industria\/wp-content\/uploads\/2023\/12\/logo-simco-300x79.png 300w\" sizes=\"auto, (max-width: 640px) 100vw, 640px\" \/><\/figure>\n<\/div>\n\n\n<p>La Top Gun III de Simco-Ion est\u00e1 pensada para aplicaciones industriales ligeras.<\/p>\n\n\n\n<p>Una alta generaci\u00f3n de iones permite neutralizar \u00f3ptimamente las cargas electrost\u00e1ticas. Adem\u00e1s, gracias a su alta fuerza de soplado y bajo consumo de aire, se logra una limpieza muy eficiente.<\/p>\n\n\n\n<p>A la salida de la pistola hay un filtro que garantiza la limpieza del aire. La carcasa de la pistola es ligera y muy resistente. Contiene un gatillo muy f\u00e1cil de accionar y c\u00f3modo, incluso durante el uso prolongado.<\/p>\n\n\n\n<p>La pistola incorpora todas las funciones, incluida una v\u00e1lvula de control del caudal y un LED de dos etapas que indica si la pistola est\u00e1 &#8220;en espera&#8221; y si est\u00e1 activada la alta tensi\u00f3n.<\/p>\n\n\n\n<p>Tanto la pistola como el cable disipan la electricidad est\u00e1tica. Tambi\u00e9n dispone de un colgador para facilitar el montaje. Se puede conectar una pistola por unidad de alimentaci\u00f3n.<\/p>\n\n\n<div class=\"wp-block-image\">\n<figure class=\"aligncenter size-large is-resized\"><img loading=\"lazy\" decoding=\"async\" width=\"1024\" height=\"600\" src=\"https:\/\/ttemsa.com\/industria\/wp-content\/uploads\/2023\/12\/sidekick-1024x600.jpg\" alt=\"\" class=\"wp-image-1052\" style=\"width:566px;height:auto\" srcset=\"https:\/\/ttemsa.com\/industria\/wp-content\/uploads\/2023\/12\/sidekick-1024x600.jpg 1024w, https:\/\/ttemsa.com\/industria\/wp-content\/uploads\/2023\/12\/sidekick-300x176.jpg 300w, https:\/\/ttemsa.com\/industria\/wp-content\/uploads\/2023\/12\/sidekick-768x450.jpg 768w, https:\/\/ttemsa.com\/industria\/wp-content\/uploads\/2023\/12\/sidekick.jpg 1100w\" sizes=\"auto, (max-width: 1024px) 100vw, 1024px\" \/><\/figure>\n<\/div>","protected":false},"excerpt":{"rendered":"<p>La Top Gun III de Simco-Ion est\u00e1 pensada para aplicaciones industriales ligeras. Una alta generaci\u00f3n de iones permite neutralizar \u00f3ptimamente las cargas electrost\u00e1ticas. Adem\u00e1s, gracias a su alta fuerza de soplado y bajo consumo de aire, se logra una limpieza muy eficiente. A la salida de la pistola hay un filtro que garantiza la limpieza [&hellip;]<\/p>\n","protected":false},"author":1,"featured_media":0,"parent":35,"menu_order":0,"comment_status":"closed","ping_status":"closed","template":"","meta":{"content-type":"","footnotes":""},"categories":[18],"tags":[],"class_list":["post-3260","page","type-page","status-publish","hentry","category-simco-ion"],"yoast_head":"<!-- This site is optimized with the Yoast SEO plugin v26.6 - https:\/\/yoast.com\/wordpress\/plugins\/seo\/ -->\n<title>PISTOLAS IONIZADORAS Top Gun - industria-de-la-conversion.ttemsa<\/title>\n<meta name=\"description\" content=\"Las pistolas ionizadoras neutralizan las cargas electrost\u00e1ticas en varios materiales y limpian la superficie con aire comprimido ionizado.\" \/>\n<meta name=\"robots\" content=\"index, follow, max-snippet:-1, max-image-preview:large, max-video-preview:-1\" \/>\n<link rel=\"canonical\" href=\"https:\/\/ttemsa.com\/industria\/index.php\/simco-ion\/pistola-ionizadora-top-gun\/\" \/>\n<meta property=\"og:locale\" content=\"es_MX\" \/>\n<meta property=\"og:type\" content=\"article\" \/>\n<meta property=\"og:title\" content=\"Pistolas ionizadoras con aire comprimido PR55, Las pistolas ionizadoras neutralizan las cargas electrost\u00e1ticas en varios materiales y limpian la superficie con aire comprimido ionizado.\" \/>\n<meta property=\"og:description\" content=\"En ttemsa ofrecemos Soluciones. Solicite + info Tel\u00e9fonos: + 52 (55) 5352-0191 5352-1301 5352-6070 5352-0593\" \/>\n<meta property=\"og:url\" content=\"https:\/\/ttemsa.com\/industria\/index.php\/simco-ion\/pistola-ionizadora-top-gun\/\" \/>\n<meta property=\"og:site_name\" content=\"industria-de-la-conversion.ttemsa\" \/>\n<meta property=\"article:modified_time\" content=\"2024-09-06T20:56:25+00:00\" \/>\n<meta property=\"og:image\" content=\"https:\/\/ttemsa.com\/industria\/wp-content\/uploads\/2023\/12\/SIMCOPISTOLAS_clip_image004.gif\" \/>\n\t<meta property=\"og:image:width\" content=\"276\" \/>\n\t<meta property=\"og:image:height\" content=\"271\" \/>\n\t<meta property=\"og:image:type\" content=\"image\/gif\" \/>\n<meta name=\"twitter:card\" content=\"summary_large_image\" \/>\n<meta name=\"twitter:label1\" content=\"Tiempo de lectura\" \/>\n\t<meta name=\"twitter:data1\" content=\"2 minutos\" \/>\n<script type=\"application\/ld+json\" class=\"yoast-schema-graph\">{\"@context\":\"https:\/\/schema.org\",\"@graph\":[{\"@type\":\"WebPage\",\"@id\":\"https:\/\/ttemsa.com\/industria\/index.php\/simco-ion\/pistola-ionizadora-top-gun\/\",\"url\":\"https:\/\/ttemsa.com\/industria\/index.php\/simco-ion\/pistola-ionizadora-top-gun\/\",\"name\":\"PISTOLAS IONIZADORAS Top Gun - industria-de-la-conversion.ttemsa\",\"isPartOf\":{\"@id\":\"https:\/\/ttemsa.com\/industria\/#website\"},\"primaryImageOfPage\":{\"@id\":\"https:\/\/ttemsa.com\/industria\/index.php\/simco-ion\/pistola-ionizadora-top-gun\/#primaryimage\"},\"image\":{\"@id\":\"https:\/\/ttemsa.com\/industria\/index.php\/simco-ion\/pistola-ionizadora-top-gun\/#primaryimage\"},\"thumbnailUrl\":\"https:\/\/ttemsa.com\/industria\/wp-content\/uploads\/2023\/12\/top.png\",\"datePublished\":\"2024-05-03T22:31:21+00:00\",\"dateModified\":\"2024-09-06T20:56:25+00:00\",\"description\":\"Las pistolas ionizadoras neutralizan las cargas electrost\u00e1ticas en varios materiales y limpian la superficie con aire comprimido ionizado.\",\"breadcrumb\":{\"@id\":\"https:\/\/ttemsa.com\/industria\/index.php\/simco-ion\/pistola-ionizadora-top-gun\/#breadcrumb\"},\"inLanguage\":\"es\",\"potentialAction\":[{\"@type\":\"ReadAction\",\"target\":[\"https:\/\/ttemsa.com\/industria\/index.php\/simco-ion\/pistola-ionizadora-top-gun\/\"]}]},{\"@type\":\"ImageObject\",\"inLanguage\":\"es\",\"@id\":\"https:\/\/ttemsa.com\/industria\/index.php\/simco-ion\/pistola-ionizadora-top-gun\/#primaryimage\",\"url\":\"https:\/\/ttemsa.com\/industria\/wp-content\/uploads\/2023\/12\/top.png\",\"contentUrl\":\"https:\/\/ttemsa.com\/industria\/wp-content\/uploads\/2023\/12\/top.png\",\"width\":584,\"height\":585},{\"@type\":\"BreadcrumbList\",\"@id\":\"https:\/\/ttemsa.com\/industria\/index.php\/simco-ion\/pistola-ionizadora-top-gun\/#breadcrumb\",\"itemListElement\":[{\"@type\":\"ListItem\",\"position\":1,\"name\":\"Inicio\",\"item\":\"https:\/\/ttemsa.com\/industria\/\"},{\"@type\":\"ListItem\",\"position\":2,\"name\":\"SIMCO-ION\",\"item\":\"https:\/\/ttemsa.com\/industria\/index.php\/simco-ion\/\"},{\"@type\":\"ListItem\",\"position\":3,\"name\":\"PISTOLAS IONIZADORAS Top Gun\"}]},{\"@type\":\"WebSite\",\"@id\":\"https:\/\/ttemsa.com\/industria\/#website\",\"url\":\"https:\/\/ttemsa.com\/industria\/\",\"name\":\"industria-de-la-conversion.ttemsa\",\"description\":\"Designed Dianalacazadora.com\",\"alternateName\":\"ttemsa l\u00edderes en la industria de la conversi\u00f3n\",\"potentialAction\":[{\"@type\":\"SearchAction\",\"target\":{\"@type\":\"EntryPoint\",\"urlTemplate\":\"https:\/\/ttemsa.com\/industria\/?s={search_term_string}\"},\"query-input\":{\"@type\":\"PropertyValueSpecification\",\"valueRequired\":true,\"valueName\":\"search_term_string\"}}],\"inLanguage\":\"es\"}]}<\/script>\n<!-- \/ Yoast SEO plugin. -->","yoast_head_json":{"title":"PISTOLAS IONIZADORAS Top Gun - industria-de-la-conversion.ttemsa","description":"Las pistolas ionizadoras neutralizan las cargas electrost\u00e1ticas en varios materiales y limpian la superficie con aire comprimido ionizado.","robots":{"index":"index","follow":"follow","max-snippet":"max-snippet:-1","max-image-preview":"max-image-preview:large","max-video-preview":"max-video-preview:-1"},"canonical":"https:\/\/ttemsa.com\/industria\/index.php\/simco-ion\/pistola-ionizadora-top-gun\/","og_locale":"es_MX","og_type":"article","og_title":"Pistolas ionizadoras con aire comprimido PR55, Las pistolas ionizadoras neutralizan las cargas electrost\u00e1ticas en varios materiales y limpian la superficie con aire comprimido ionizado.","og_description":"En ttemsa ofrecemos Soluciones. Solicite + info Tel\u00e9fonos: + 52 (55) 5352-0191 5352-1301 5352-6070 5352-0593","og_url":"https:\/\/ttemsa.com\/industria\/index.php\/simco-ion\/pistola-ionizadora-top-gun\/","og_site_name":"industria-de-la-conversion.ttemsa","article_modified_time":"2024-09-06T20:56:25+00:00","og_image":[{"width":276,"height":271,"url":"https:\/\/ttemsa.com\/industria\/wp-content\/uploads\/2023\/12\/SIMCOPISTOLAS_clip_image004.gif","type":"image\/gif"}],"twitter_card":"summary_large_image","twitter_misc":{"Tiempo de lectura":"2 minutos"},"schema":{"@context":"https:\/\/schema.org","@graph":[{"@type":"WebPage","@id":"https:\/\/ttemsa.com\/industria\/index.php\/simco-ion\/pistola-ionizadora-top-gun\/","url":"https:\/\/ttemsa.com\/industria\/index.php\/simco-ion\/pistola-ionizadora-top-gun\/","name":"PISTOLAS IONIZADORAS Top Gun - industria-de-la-conversion.ttemsa","isPartOf":{"@id":"https:\/\/ttemsa.com\/industria\/#website"},"primaryImageOfPage":{"@id":"https:\/\/ttemsa.com\/industria\/index.php\/simco-ion\/pistola-ionizadora-top-gun\/#primaryimage"},"image":{"@id":"https:\/\/ttemsa.com\/industria\/index.php\/simco-ion\/pistola-ionizadora-top-gun\/#primaryimage"},"thumbnailUrl":"https:\/\/ttemsa.com\/industria\/wp-content\/uploads\/2023\/12\/top.png","datePublished":"2024-05-03T22:31:21+00:00","dateModified":"2024-09-06T20:56:25+00:00","description":"Las pistolas ionizadoras neutralizan las cargas electrost\u00e1ticas en varios materiales y limpian la superficie con aire comprimido ionizado.","breadcrumb":{"@id":"https:\/\/ttemsa.com\/industria\/index.php\/simco-ion\/pistola-ionizadora-top-gun\/#breadcrumb"},"inLanguage":"es","potentialAction":[{"@type":"ReadAction","target":["https:\/\/ttemsa.com\/industria\/index.php\/simco-ion\/pistola-ionizadora-top-gun\/"]}]},{"@type":"ImageObject","inLanguage":"es","@id":"https:\/\/ttemsa.com\/industria\/index.php\/simco-ion\/pistola-ionizadora-top-gun\/#primaryimage","url":"https:\/\/ttemsa.com\/industria\/wp-content\/uploads\/2023\/12\/top.png","contentUrl":"https:\/\/ttemsa.com\/industria\/wp-content\/uploads\/2023\/12\/top.png","width":584,"height":585},{"@type":"BreadcrumbList","@id":"https:\/\/ttemsa.com\/industria\/index.php\/simco-ion\/pistola-ionizadora-top-gun\/#breadcrumb","itemListElement":[{"@type":"ListItem","position":1,"name":"Inicio","item":"https:\/\/ttemsa.com\/industria\/"},{"@type":"ListItem","position":2,"name":"SIMCO-ION","item":"https:\/\/ttemsa.com\/industria\/index.php\/simco-ion\/"},{"@type":"ListItem","position":3,"name":"PISTOLAS IONIZADORAS Top Gun"}]},{"@type":"WebSite","@id":"https:\/\/ttemsa.com\/industria\/#website","url":"https:\/\/ttemsa.com\/industria\/","name":"industria-de-la-conversion.ttemsa","description":"Designed Dianalacazadora.com","alternateName":"ttemsa l\u00edderes en la industria de la conversi\u00f3n","potentialAction":[{"@type":"SearchAction","target":{"@type":"EntryPoint","urlTemplate":"https:\/\/ttemsa.com\/industria\/?s={search_term_string}"},"query-input":{"@type":"PropertyValueSpecification","valueRequired":true,"valueName":"search_term_string"}}],"inLanguage":"es"}]}},"_links":{"self":[{"href":"https:\/\/ttemsa.com\/industria\/index.php\/wp-json\/wp\/v2\/pages\/3260","targetHints":{"allow":["GET"]}}],"collection":[{"href":"https:\/\/ttemsa.com\/industria\/index.php\/wp-json\/wp\/v2\/pages"}],"about":[{"href":"https:\/\/ttemsa.com\/industria\/index.php\/wp-json\/wp\/v2\/types\/page"}],"author":[{"embeddable":true,"href":"https:\/\/ttemsa.com\/industria\/index.php\/wp-json\/wp\/v2\/users\/1"}],"replies":[{"embeddable":true,"href":"https:\/\/ttemsa.com\/industria\/index.php\/wp-json\/wp\/v2\/comments?post=3260"}],"version-history":[{"count":3,"href":"https:\/\/ttemsa.com\/industria\/index.php\/wp-json\/wp\/v2\/pages\/3260\/revisions"}],"predecessor-version":[{"id":3276,"href":"https:\/\/ttemsa.com\/industria\/index.php\/wp-json\/wp\/v2\/pages\/3260\/revisions\/3276"}],"up":[{"embeddable":true,"href":"https:\/\/ttemsa.com\/industria\/index.php\/wp-json\/wp\/v2\/pages\/35"}],"wp:attachment":[{"href":"https:\/\/ttemsa.com\/industria\/index.php\/wp-json\/wp\/v2\/media?parent=3260"}],"wp:term":[{"taxonomy":"category","embeddable":true,"href":"https:\/\/ttemsa.com\/industria\/index.php\/wp-json\/wp\/v2\/categories?post=3260"},{"taxonomy":"post_tag","embeddable":true,"href":"https:\/\/ttemsa.com\/industria\/index.php\/wp-json\/wp\/v2\/tags?post=3260"}],"curies":[{"name":"wp","href":"https:\/\/api.w.org\/{rel}","templated":true}]}}