{"id":3634,"date":"2024-09-10T22:46:27","date_gmt":"2024-09-10T22:46:27","guid":{"rendered":"https:\/\/ttemsa.com\/industria\/index.php\/tidland\/sistemas-de-corte-longitudinal\/corte-de-presion-copy\/"},"modified":"2024-09-10T22:47:20","modified_gmt":"2024-09-10T22:47:20","slug":"322-msp-cortadora-de-posicionamiento-manual-7","status":"publish","type":"page","link":"https:\/\/ttemsa.com\/industria\/index.php\/tidland\/322-msp-cortadora-de-posicionamiento-manual-7\/","title":{"rendered":"322 Corte de presi\u00f3n"},"content":{"rendered":"<div class=\"wp-block-image\">\n<figure class=\"aligncenter size-full\"><img loading=\"lazy\" decoding=\"async\" width=\"424\" height=\"407\" src=\"https:\/\/ttemsa.com\/industria\/wp-content\/uploads\/2023\/12\/sp500.png\" alt=\"\" class=\"wp-image-669\" srcset=\"https:\/\/ttemsa.com\/industria\/wp-content\/uploads\/2023\/12\/sp500.png 424w, https:\/\/ttemsa.com\/industria\/wp-content\/uploads\/2023\/12\/sp500-300x288.png 300w\" sizes=\"auto, (max-width: 424px) 100vw, 424px\" \/><\/figure>\n<\/div>\n\n<div class=\"wp-block-image\">\n<figure class=\"aligncenter size-full is-resized\"><img loading=\"lazy\" decoding=\"async\" width=\"351\" height=\"156\" src=\"https:\/\/ttemsa.com\/industria\/wp-content\/uploads\/2023\/12\/tidland-1.jpg\" alt=\"\" class=\"wp-image-574\" style=\"width:200px;height:auto\" srcset=\"https:\/\/ttemsa.com\/industria\/wp-content\/uploads\/2023\/12\/tidland-1.jpg 351w, https:\/\/ttemsa.com\/industria\/wp-content\/uploads\/2023\/12\/tidland-1-300x133.jpg 300w\" sizes=\"auto, (max-width: 351px) 100vw, 351px\" \/><\/figure>\n<\/div>\n\n\n<hr class=\"wp-block-separator has-alpha-channel-opacity\" \/>\n\n\n\n<p class=\"has-text-align-center\"><strong>Una Excelente soluci\u00f3n de costo-efectividad para bandas angostas.<\/strong><\/p>\n\n\n\n<p>Esta portacuchillas de corte de presi\u00f3n es robusta y ventajosa.<\/p>\n\n\n\n<p>Fabricada de metal fundido de alta calidad.<\/p>\n\n\n\n<p>La sujeci\u00f3n de precisi\u00f3n es adecuada para la aplicaciones de corte de banda angosta.<\/p>\n\n\n\n<p>Hechas con los mejores materiales, los cuales le brindan una vida duradera, las portacuchillas de corte a presi\u00f3n son las mejores trabajando en bandas angostas.<\/p>\n\n\n\n<p>El sistema m\u00e1s ventajoso de corte del mercado, esta portanavajas permite la colocaci\u00f3n con espacios incrementales de 1mm (0.04\u201d) y el potencial ladeo de la portanavajas es significativamente reducido, por su verdadera alineaci\u00f3n vertical sobre la gu\u00eda. (La gu\u00eda lleva ranuras).<\/p>\n\n\n\n<p>Su montaje, instalaci\u00f3n y ajuste son r\u00e1pidos y sencillos, al utilizar una articulaci\u00f3n de fijaci\u00f3n r\u00e1pida y efectiva.<\/p>\n\n\n\n<figure class=\"wp-block-image size-full is-resized\"><img loading=\"lazy\" decoding=\"async\" width=\"580\" height=\"376\" src=\"https:\/\/ttemsa.com\/industria\/wp-content\/uploads\/2023\/12\/sp1.png\" alt=\"\" class=\"wp-image-670\" style=\"width:542px;height:auto\" srcset=\"https:\/\/ttemsa.com\/industria\/wp-content\/uploads\/2023\/12\/sp1.png 580w, https:\/\/ttemsa.com\/industria\/wp-content\/uploads\/2023\/12\/sp1-300x194.png 300w\" sizes=\"auto, (max-width: 580px) 100vw, 580px\" \/><\/figure>\n\n\n\n<p><\/p>\n","protected":false},"excerpt":{"rendered":"<p>Una Excelente soluci\u00f3n de costo-efectividad para bandas angostas. Esta portacuchillas de corte de presi\u00f3n es robusta y ventajosa. Fabricada de metal fundido de alta calidad. La sujeci\u00f3n de precisi\u00f3n es adecuada para la aplicaciones de corte de banda angosta. Hechas con los mejores materiales, los cuales le brindan una vida duradera, las portacuchillas de corte [&hellip;]<\/p>\n","protected":false},"author":1,"featured_media":0,"parent":302,"menu_order":0,"comment_status":"closed","ping_status":"closed","template":"","meta":{"content-type":"","footnotes":""},"categories":[16],"tags":[],"class_list":["post-3634","page","type-page","status-publish","hentry","category-tidland"],"yoast_head":"<!-- This site is optimized with the Yoast SEO plugin v26.6 - https:\/\/yoast.com\/wordpress\/plugins\/seo\/ -->\n<title>322 Corte de presi\u00f3n - industria-de-la-conversion.ttemsa<\/title>\n<meta name=\"description\" content=\"Corte de presi\u00f3n: Una Excelente soluci\u00f3n de costo-efectividad para bandas angostas. Esta portacuchillas de corte de presi\u00f3n es robusta y ventajosa.\" \/>\n<meta name=\"robots\" content=\"index, follow, max-snippet:-1, max-image-preview:large, max-video-preview:-1\" \/>\n<link rel=\"canonical\" href=\"https:\/\/ttemsa.com\/industria\/index.php\/tidland\/322-msp-cortadora-de-posicionamiento-manual-7\/\" \/>\n<meta property=\"og:locale\" content=\"es_MX\" \/>\n<meta property=\"og:type\" content=\"article\" \/>\n<meta property=\"og:title\" content=\"Corte de presi\u00f3n: Corte de presi\u00f3n: Una Excelente soluci\u00f3n de costo-efectividad para bandas angostas. Esta portacuchillas de corte de presi\u00f3n es robusta y ventajosa\" \/>\n<meta property=\"og:description\" content=\"En ttemsa ofrecemos Soluciones. Solicite + info Tel\u00e9fonos: + 52 (55) 5352-0191 5352-1301 5352-6070 5352-0593\" \/>\n<meta property=\"og:url\" content=\"https:\/\/ttemsa.com\/industria\/index.php\/tidland\/322-msp-cortadora-de-posicionamiento-manual-7\/\" \/>\n<meta property=\"og:site_name\" content=\"industria-de-la-conversion.ttemsa\" \/>\n<meta property=\"article:modified_time\" content=\"2024-09-10T22:47:20+00:00\" \/>\n<meta property=\"og:image\" content=\"https:\/\/ttemsa.com\/industria\/wp-content\/uploads\/2023\/12\/sp500.png\" \/>\n\t<meta property=\"og:image:width\" content=\"424\" \/>\n\t<meta property=\"og:image:height\" content=\"407\" \/>\n\t<meta property=\"og:image:type\" content=\"image\/png\" \/>\n<meta name=\"twitter:card\" content=\"summary_large_image\" \/>\n<meta name=\"twitter:label1\" content=\"Tiempo de lectura\" \/>\n\t<meta name=\"twitter:data1\" content=\"2 minutos\" \/>\n<script type=\"application\/ld+json\" class=\"yoast-schema-graph\">{\"@context\":\"https:\/\/schema.org\",\"@graph\":[{\"@type\":\"WebPage\",\"@id\":\"https:\/\/ttemsa.com\/industria\/index.php\/tidland\/322-msp-cortadora-de-posicionamiento-manual-7\/\",\"url\":\"https:\/\/ttemsa.com\/industria\/index.php\/tidland\/322-msp-cortadora-de-posicionamiento-manual-7\/\",\"name\":\"322 Corte de presi\u00f3n - industria-de-la-conversion.ttemsa\",\"isPartOf\":{\"@id\":\"https:\/\/ttemsa.com\/industria\/#website\"},\"primaryImageOfPage\":{\"@id\":\"https:\/\/ttemsa.com\/industria\/index.php\/tidland\/322-msp-cortadora-de-posicionamiento-manual-7\/#primaryimage\"},\"image\":{\"@id\":\"https:\/\/ttemsa.com\/industria\/index.php\/tidland\/322-msp-cortadora-de-posicionamiento-manual-7\/#primaryimage\"},\"thumbnailUrl\":\"https:\/\/ttemsa.com\/industria\/wp-content\/uploads\/2023\/12\/sp500.png\",\"datePublished\":\"2024-09-10T22:46:27+00:00\",\"dateModified\":\"2024-09-10T22:47:20+00:00\",\"description\":\"Corte de presi\u00f3n: Una Excelente soluci\u00f3n de costo-efectividad para bandas angostas. Esta portacuchillas de corte de presi\u00f3n es robusta y ventajosa.\",\"breadcrumb\":{\"@id\":\"https:\/\/ttemsa.com\/industria\/index.php\/tidland\/322-msp-cortadora-de-posicionamiento-manual-7\/#breadcrumb\"},\"inLanguage\":\"es\",\"potentialAction\":[{\"@type\":\"ReadAction\",\"target\":[\"https:\/\/ttemsa.com\/industria\/index.php\/tidland\/322-msp-cortadora-de-posicionamiento-manual-7\/\"]}]},{\"@type\":\"ImageObject\",\"inLanguage\":\"es\",\"@id\":\"https:\/\/ttemsa.com\/industria\/index.php\/tidland\/322-msp-cortadora-de-posicionamiento-manual-7\/#primaryimage\",\"url\":\"https:\/\/ttemsa.com\/industria\/wp-content\/uploads\/2023\/12\/sp500.png\",\"contentUrl\":\"https:\/\/ttemsa.com\/industria\/wp-content\/uploads\/2023\/12\/sp500.png\",\"width\":424,\"height\":407},{\"@type\":\"BreadcrumbList\",\"@id\":\"https:\/\/ttemsa.com\/industria\/index.php\/tidland\/322-msp-cortadora-de-posicionamiento-manual-7\/#breadcrumb\",\"itemListElement\":[{\"@type\":\"ListItem\",\"position\":1,\"name\":\"Inicio\",\"item\":\"https:\/\/ttemsa.com\/industria\/\"},{\"@type\":\"ListItem\",\"position\":2,\"name\":\"TIDLAND\",\"item\":\"https:\/\/ttemsa.com\/industria\/index.php\/tidland\/\"},{\"@type\":\"ListItem\",\"position\":3,\"name\":\"322 Corte de presi\u00f3n\"}]},{\"@type\":\"WebSite\",\"@id\":\"https:\/\/ttemsa.com\/industria\/#website\",\"url\":\"https:\/\/ttemsa.com\/industria\/\",\"name\":\"industria-de-la-conversion.ttemsa\",\"description\":\"Designed Dianalacazadora.com\",\"alternateName\":\"ttemsa l\u00edderes en la industria de la conversi\u00f3n\",\"potentialAction\":[{\"@type\":\"SearchAction\",\"target\":{\"@type\":\"EntryPoint\",\"urlTemplate\":\"https:\/\/ttemsa.com\/industria\/?s={search_term_string}\"},\"query-input\":{\"@type\":\"PropertyValueSpecification\",\"valueRequired\":true,\"valueName\":\"search_term_string\"}}],\"inLanguage\":\"es\"}]}<\/script>\n<!-- \/ Yoast SEO plugin. -->","yoast_head_json":{"title":"322 Corte de presi\u00f3n - industria-de-la-conversion.ttemsa","description":"Corte de presi\u00f3n: Una Excelente soluci\u00f3n de costo-efectividad para bandas angostas. Esta portacuchillas de corte de presi\u00f3n es robusta y ventajosa.","robots":{"index":"index","follow":"follow","max-snippet":"max-snippet:-1","max-image-preview":"max-image-preview:large","max-video-preview":"max-video-preview:-1"},"canonical":"https:\/\/ttemsa.com\/industria\/index.php\/tidland\/322-msp-cortadora-de-posicionamiento-manual-7\/","og_locale":"es_MX","og_type":"article","og_title":"Corte de presi\u00f3n: Corte de presi\u00f3n: Una Excelente soluci\u00f3n de costo-efectividad para bandas angostas. Esta portacuchillas de corte de presi\u00f3n es robusta y ventajosa","og_description":"En ttemsa ofrecemos Soluciones. Solicite + info Tel\u00e9fonos: + 52 (55) 5352-0191 5352-1301 5352-6070 5352-0593","og_url":"https:\/\/ttemsa.com\/industria\/index.php\/tidland\/322-msp-cortadora-de-posicionamiento-manual-7\/","og_site_name":"industria-de-la-conversion.ttemsa","article_modified_time":"2024-09-10T22:47:20+00:00","og_image":[{"width":424,"height":407,"url":"https:\/\/ttemsa.com\/industria\/wp-content\/uploads\/2023\/12\/sp500.png","type":"image\/png"}],"twitter_card":"summary_large_image","twitter_misc":{"Tiempo de lectura":"2 minutos"},"schema":{"@context":"https:\/\/schema.org","@graph":[{"@type":"WebPage","@id":"https:\/\/ttemsa.com\/industria\/index.php\/tidland\/322-msp-cortadora-de-posicionamiento-manual-7\/","url":"https:\/\/ttemsa.com\/industria\/index.php\/tidland\/322-msp-cortadora-de-posicionamiento-manual-7\/","name":"322 Corte de presi\u00f3n - industria-de-la-conversion.ttemsa","isPartOf":{"@id":"https:\/\/ttemsa.com\/industria\/#website"},"primaryImageOfPage":{"@id":"https:\/\/ttemsa.com\/industria\/index.php\/tidland\/322-msp-cortadora-de-posicionamiento-manual-7\/#primaryimage"},"image":{"@id":"https:\/\/ttemsa.com\/industria\/index.php\/tidland\/322-msp-cortadora-de-posicionamiento-manual-7\/#primaryimage"},"thumbnailUrl":"https:\/\/ttemsa.com\/industria\/wp-content\/uploads\/2023\/12\/sp500.png","datePublished":"2024-09-10T22:46:27+00:00","dateModified":"2024-09-10T22:47:20+00:00","description":"Corte de presi\u00f3n: Una Excelente soluci\u00f3n de costo-efectividad para bandas angostas. Esta portacuchillas de corte de presi\u00f3n es robusta y ventajosa.","breadcrumb":{"@id":"https:\/\/ttemsa.com\/industria\/index.php\/tidland\/322-msp-cortadora-de-posicionamiento-manual-7\/#breadcrumb"},"inLanguage":"es","potentialAction":[{"@type":"ReadAction","target":["https:\/\/ttemsa.com\/industria\/index.php\/tidland\/322-msp-cortadora-de-posicionamiento-manual-7\/"]}]},{"@type":"ImageObject","inLanguage":"es","@id":"https:\/\/ttemsa.com\/industria\/index.php\/tidland\/322-msp-cortadora-de-posicionamiento-manual-7\/#primaryimage","url":"https:\/\/ttemsa.com\/industria\/wp-content\/uploads\/2023\/12\/sp500.png","contentUrl":"https:\/\/ttemsa.com\/industria\/wp-content\/uploads\/2023\/12\/sp500.png","width":424,"height":407},{"@type":"BreadcrumbList","@id":"https:\/\/ttemsa.com\/industria\/index.php\/tidland\/322-msp-cortadora-de-posicionamiento-manual-7\/#breadcrumb","itemListElement":[{"@type":"ListItem","position":1,"name":"Inicio","item":"https:\/\/ttemsa.com\/industria\/"},{"@type":"ListItem","position":2,"name":"TIDLAND","item":"https:\/\/ttemsa.com\/industria\/index.php\/tidland\/"},{"@type":"ListItem","position":3,"name":"322 Corte de presi\u00f3n"}]},{"@type":"WebSite","@id":"https:\/\/ttemsa.com\/industria\/#website","url":"https:\/\/ttemsa.com\/industria\/","name":"industria-de-la-conversion.ttemsa","description":"Designed Dianalacazadora.com","alternateName":"ttemsa l\u00edderes en la industria de la conversi\u00f3n","potentialAction":[{"@type":"SearchAction","target":{"@type":"EntryPoint","urlTemplate":"https:\/\/ttemsa.com\/industria\/?s={search_term_string}"},"query-input":{"@type":"PropertyValueSpecification","valueRequired":true,"valueName":"search_term_string"}}],"inLanguage":"es"}]}},"_links":{"self":[{"href":"https:\/\/ttemsa.com\/industria\/index.php\/wp-json\/wp\/v2\/pages\/3634","targetHints":{"allow":["GET"]}}],"collection":[{"href":"https:\/\/ttemsa.com\/industria\/index.php\/wp-json\/wp\/v2\/pages"}],"about":[{"href":"https:\/\/ttemsa.com\/industria\/index.php\/wp-json\/wp\/v2\/types\/page"}],"author":[{"embeddable":true,"href":"https:\/\/ttemsa.com\/industria\/index.php\/wp-json\/wp\/v2\/users\/1"}],"replies":[{"embeddable":true,"href":"https:\/\/ttemsa.com\/industria\/index.php\/wp-json\/wp\/v2\/comments?post=3634"}],"version-history":[{"count":2,"href":"https:\/\/ttemsa.com\/industria\/index.php\/wp-json\/wp\/v2\/pages\/3634\/revisions"}],"predecessor-version":[{"id":3636,"href":"https:\/\/ttemsa.com\/industria\/index.php\/wp-json\/wp\/v2\/pages\/3634\/revisions\/3636"}],"up":[{"embeddable":true,"href":"https:\/\/ttemsa.com\/industria\/index.php\/wp-json\/wp\/v2\/pages\/302"}],"wp:attachment":[{"href":"https:\/\/ttemsa.com\/industria\/index.php\/wp-json\/wp\/v2\/media?parent=3634"}],"wp:term":[{"taxonomy":"category","embeddable":true,"href":"https:\/\/ttemsa.com\/industria\/index.php\/wp-json\/wp\/v2\/categories?post=3634"},{"taxonomy":"post_tag","embeddable":true,"href":"https:\/\/ttemsa.com\/industria\/index.php\/wp-json\/wp\/v2\/tags?post=3634"}],"curies":[{"name":"wp","href":"https:\/\/api.w.org\/{rel}","templated":true}]}}