{"id":3818,"date":"2024-11-19T19:10:58","date_gmt":"2024-11-19T19:10:58","guid":{"rendered":"https:\/\/ttemsa.com\/industria\/index.php\/12-pages-copy\/"},"modified":"2025-12-30T23:02:24","modified_gmt":"2025-12-30T23:02:24","slug":"363-ttemsacatgen","status":"publish","type":"page","link":"https:\/\/ttemsa.com\/industria\/index.php\/12-pages\/363-ttemsacatgen\/","title":{"rendered":"Cat\u00e1logo General 2026 industria de la conversi\u00f3n"},"content":{"rendered":"<div class=\"wp-block-image\">\n<figure class=\"aligncenter size-full is-resized\"><img loading=\"lazy\" decoding=\"async\" width=\"380\" height=\"511\" src=\"https:\/\/ttemsa.com\/industria\/wp-content\/uploads\/2024\/11\/Captura-de-pantalla-2024-11-19-a-las-12.59.34.png\" alt=\"\" class=\"wp-image-3815\" style=\"width:497px;height:auto\" srcset=\"https:\/\/ttemsa.com\/industria\/wp-content\/uploads\/2024\/11\/Captura-de-pantalla-2024-11-19-a-las-12.59.34.png 380w, https:\/\/ttemsa.com\/industria\/wp-content\/uploads\/2024\/11\/Captura-de-pantalla-2024-11-19-a-las-12.59.34-223x300.png 223w\" sizes=\"auto, (max-width: 380px) 100vw, 380px\" \/><\/figure>\n<\/div>\n\n<div class=\"wp-block-image\">\n<figure class=\"aligncenter size-full is-resized\"><a href=\"https:\/\/ttemsa.com\/pdf\/ttemsa2024.pdf\" target=\"_blank\" rel=\"noreferrer noopener\"><img loading=\"lazy\" decoding=\"async\" width=\"70\" height=\"70\" src=\"https:\/\/ttemsa.com\/industria\/wp-content\/uploads\/2023\/12\/pdf.png\" alt=\"\" class=\"wp-image-494\" style=\"width:126px;height:auto\" \/><\/a><\/figure>\n<\/div>\n\n\n<p class=\"has-text-align-center\"><a href=\"https:\/\/ttemsa.com\/industria\/pdf\/BOSHERT\/CatGralBoschertEsp1LOW.pdf\" target=\"_blank\" rel=\"noreferrer noopener\">ver PDF<\/a><\/p>\n\n\n\n<p><\/p>\n","protected":false},"excerpt":{"rendered":"<p>ver PDF<\/p>\n","protected":false},"author":1,"featured_media":0,"parent":3813,"menu_order":0,"comment_status":"closed","ping_status":"closed","template":"","meta":{"content-type":"","footnotes":""},"categories":[],"tags":[],"class_list":["post-3818","page","type-page","status-publish","hentry"],"yoast_head":"<!-- This site is optimized with the Yoast SEO plugin v26.6 - https:\/\/yoast.com\/wordpress\/plugins\/seo\/ -->\n<title>Cat\u00e1logo General 2026 industria de la conversi\u00f3n - industria-de-la-conversion.ttemsa<\/title>\n<meta name=\"description\" content=\"Cat\u00e1logo General industria de la conversi\u00f3n. En ttemsa ofrecemos Soluciones. Solicite + info Tel\u00e9fonos: + 52 (55) 5352-0191 5352-1301 5352-6070 5352-0593\" \/>\n<meta name=\"robots\" content=\"index, follow, max-snippet:-1, max-image-preview:large, max-video-preview:-1\" \/>\n<link rel=\"canonical\" href=\"https:\/\/ttemsa.com\/industria\/index.php\/12-pages\/363-ttemsacatgen\/\" \/>\n<meta property=\"og:locale\" content=\"es_MX\" \/>\n<meta property=\"og:type\" content=\"article\" \/>\n<meta property=\"og:title\" content=\"Cat\u00e1logo General\" \/>\n<meta property=\"og:description\" content=\"Cat\u00e1logo General En ttemsa ofrecos Soluciones. Solicite + info Tel\u00e9fonos: + 52 (55) 5352-0191 5352-1301 5352-6070 5352-059\" \/>\n<meta property=\"og:url\" content=\"https:\/\/ttemsa.com\/industria\/index.php\/12-pages\/363-ttemsacatgen\/\" \/>\n<meta property=\"og:site_name\" content=\"industria-de-la-conversion.ttemsa\" \/>\n<meta property=\"article:modified_time\" content=\"2025-12-30T23:02:24+00:00\" \/>\n<meta property=\"og:image\" content=\"https:\/\/ttemsa.com\/industria\/wp-content\/uploads\/2024\/11\/Captura-de-pantalla-2024-11-19-a-las-12.59.34-1.png\" \/>\n\t<meta property=\"og:image:width\" content=\"380\" \/>\n\t<meta property=\"og:image:height\" content=\"511\" \/>\n\t<meta property=\"og:image:type\" content=\"image\/png\" \/>\n<meta name=\"twitter:card\" content=\"summary_large_image\" \/>\n<meta name=\"twitter:label1\" content=\"Tiempo de lectura\" \/>\n\t<meta name=\"twitter:data1\" content=\"1 minuto\" \/>\n<script type=\"application\/ld+json\" class=\"yoast-schema-graph\">{\"@context\":\"https:\/\/schema.org\",\"@graph\":[{\"@type\":\"WebPage\",\"@id\":\"https:\/\/ttemsa.com\/industria\/index.php\/12-pages\/363-ttemsacatgen\/\",\"url\":\"https:\/\/ttemsa.com\/industria\/index.php\/12-pages\/363-ttemsacatgen\/\",\"name\":\"Cat\u00e1logo General 2026 industria de la conversi\u00f3n - industria-de-la-conversion.ttemsa\",\"isPartOf\":{\"@id\":\"https:\/\/ttemsa.com\/industria\/#website\"},\"primaryImageOfPage\":{\"@id\":\"https:\/\/ttemsa.com\/industria\/index.php\/12-pages\/363-ttemsacatgen\/#primaryimage\"},\"image\":{\"@id\":\"https:\/\/ttemsa.com\/industria\/index.php\/12-pages\/363-ttemsacatgen\/#primaryimage\"},\"thumbnailUrl\":\"https:\/\/ttemsa.com\/industria\/wp-content\/uploads\/2024\/11\/Captura-de-pantalla-2024-11-19-a-las-12.59.34.png\",\"datePublished\":\"2024-11-19T19:10:58+00:00\",\"dateModified\":\"2025-12-30T23:02:24+00:00\",\"description\":\"Cat\u00e1logo General industria de la conversi\u00f3n. En ttemsa ofrecemos Soluciones. Solicite + info Tel\u00e9fonos: + 52 (55) 5352-0191 5352-1301 5352-6070 5352-0593\",\"breadcrumb\":{\"@id\":\"https:\/\/ttemsa.com\/industria\/index.php\/12-pages\/363-ttemsacatgen\/#breadcrumb\"},\"inLanguage\":\"es\",\"potentialAction\":[{\"@type\":\"ReadAction\",\"target\":[\"https:\/\/ttemsa.com\/industria\/index.php\/12-pages\/363-ttemsacatgen\/\"]}]},{\"@type\":\"ImageObject\",\"inLanguage\":\"es\",\"@id\":\"https:\/\/ttemsa.com\/industria\/index.php\/12-pages\/363-ttemsacatgen\/#primaryimage\",\"url\":\"https:\/\/ttemsa.com\/industria\/wp-content\/uploads\/2024\/11\/Captura-de-pantalla-2024-11-19-a-las-12.59.34.png\",\"contentUrl\":\"https:\/\/ttemsa.com\/industria\/wp-content\/uploads\/2024\/11\/Captura-de-pantalla-2024-11-19-a-las-12.59.34.png\",\"width\":380,\"height\":511},{\"@type\":\"BreadcrumbList\",\"@id\":\"https:\/\/ttemsa.com\/industria\/index.php\/12-pages\/363-ttemsacatgen\/#breadcrumb\",\"itemListElement\":[{\"@type\":\"ListItem\",\"position\":1,\"name\":\"Inicio\",\"item\":\"https:\/\/ttemsa.com\/industria\/\"},{\"@type\":\"ListItem\",\"position\":2,\"name\":\"Cat\u00e1logo General 2026\",\"item\":\"https:\/\/ttemsa.com\/industria\/index.php\/12-pages\/\"},{\"@type\":\"ListItem\",\"position\":3,\"name\":\"Cat\u00e1logo General 2026 industria de la conversi\u00f3n\"}]},{\"@type\":\"WebSite\",\"@id\":\"https:\/\/ttemsa.com\/industria\/#website\",\"url\":\"https:\/\/ttemsa.com\/industria\/\",\"name\":\"industria-de-la-conversion.ttemsa\",\"description\":\"Designed Dianalacazadora.com\",\"alternateName\":\"ttemsa l\u00edderes en la industria de la conversi\u00f3n\",\"potentialAction\":[{\"@type\":\"SearchAction\",\"target\":{\"@type\":\"EntryPoint\",\"urlTemplate\":\"https:\/\/ttemsa.com\/industria\/?s={search_term_string}\"},\"query-input\":{\"@type\":\"PropertyValueSpecification\",\"valueRequired\":true,\"valueName\":\"search_term_string\"}}],\"inLanguage\":\"es\"}]}<\/script>\n<!-- \/ Yoast SEO plugin. -->","yoast_head_json":{"title":"Cat\u00e1logo General 2026 industria de la conversi\u00f3n - industria-de-la-conversion.ttemsa","description":"Cat\u00e1logo General industria de la conversi\u00f3n. En ttemsa ofrecemos Soluciones. Solicite + info Tel\u00e9fonos: + 52 (55) 5352-0191 5352-1301 5352-6070 5352-0593","robots":{"index":"index","follow":"follow","max-snippet":"max-snippet:-1","max-image-preview":"max-image-preview:large","max-video-preview":"max-video-preview:-1"},"canonical":"https:\/\/ttemsa.com\/industria\/index.php\/12-pages\/363-ttemsacatgen\/","og_locale":"es_MX","og_type":"article","og_title":"Cat\u00e1logo General","og_description":"Cat\u00e1logo General En ttemsa ofrecos Soluciones. Solicite + info Tel\u00e9fonos: + 52 (55) 5352-0191 5352-1301 5352-6070 5352-059","og_url":"https:\/\/ttemsa.com\/industria\/index.php\/12-pages\/363-ttemsacatgen\/","og_site_name":"industria-de-la-conversion.ttemsa","article_modified_time":"2025-12-30T23:02:24+00:00","og_image":[{"width":380,"height":511,"url":"https:\/\/ttemsa.com\/industria\/wp-content\/uploads\/2024\/11\/Captura-de-pantalla-2024-11-19-a-las-12.59.34-1.png","type":"image\/png"}],"twitter_card":"summary_large_image","twitter_misc":{"Tiempo de lectura":"1 minuto"},"schema":{"@context":"https:\/\/schema.org","@graph":[{"@type":"WebPage","@id":"https:\/\/ttemsa.com\/industria\/index.php\/12-pages\/363-ttemsacatgen\/","url":"https:\/\/ttemsa.com\/industria\/index.php\/12-pages\/363-ttemsacatgen\/","name":"Cat\u00e1logo General 2026 industria de la conversi\u00f3n - industria-de-la-conversion.ttemsa","isPartOf":{"@id":"https:\/\/ttemsa.com\/industria\/#website"},"primaryImageOfPage":{"@id":"https:\/\/ttemsa.com\/industria\/index.php\/12-pages\/363-ttemsacatgen\/#primaryimage"},"image":{"@id":"https:\/\/ttemsa.com\/industria\/index.php\/12-pages\/363-ttemsacatgen\/#primaryimage"},"thumbnailUrl":"https:\/\/ttemsa.com\/industria\/wp-content\/uploads\/2024\/11\/Captura-de-pantalla-2024-11-19-a-las-12.59.34.png","datePublished":"2024-11-19T19:10:58+00:00","dateModified":"2025-12-30T23:02:24+00:00","description":"Cat\u00e1logo General industria de la conversi\u00f3n. En ttemsa ofrecemos Soluciones. Solicite + info Tel\u00e9fonos: + 52 (55) 5352-0191 5352-1301 5352-6070 5352-0593","breadcrumb":{"@id":"https:\/\/ttemsa.com\/industria\/index.php\/12-pages\/363-ttemsacatgen\/#breadcrumb"},"inLanguage":"es","potentialAction":[{"@type":"ReadAction","target":["https:\/\/ttemsa.com\/industria\/index.php\/12-pages\/363-ttemsacatgen\/"]}]},{"@type":"ImageObject","inLanguage":"es","@id":"https:\/\/ttemsa.com\/industria\/index.php\/12-pages\/363-ttemsacatgen\/#primaryimage","url":"https:\/\/ttemsa.com\/industria\/wp-content\/uploads\/2024\/11\/Captura-de-pantalla-2024-11-19-a-las-12.59.34.png","contentUrl":"https:\/\/ttemsa.com\/industria\/wp-content\/uploads\/2024\/11\/Captura-de-pantalla-2024-11-19-a-las-12.59.34.png","width":380,"height":511},{"@type":"BreadcrumbList","@id":"https:\/\/ttemsa.com\/industria\/index.php\/12-pages\/363-ttemsacatgen\/#breadcrumb","itemListElement":[{"@type":"ListItem","position":1,"name":"Inicio","item":"https:\/\/ttemsa.com\/industria\/"},{"@type":"ListItem","position":2,"name":"Cat\u00e1logo General 2026","item":"https:\/\/ttemsa.com\/industria\/index.php\/12-pages\/"},{"@type":"ListItem","position":3,"name":"Cat\u00e1logo General 2026 industria de la conversi\u00f3n"}]},{"@type":"WebSite","@id":"https:\/\/ttemsa.com\/industria\/#website","url":"https:\/\/ttemsa.com\/industria\/","name":"industria-de-la-conversion.ttemsa","description":"Designed Dianalacazadora.com","alternateName":"ttemsa l\u00edderes en la industria de la conversi\u00f3n","potentialAction":[{"@type":"SearchAction","target":{"@type":"EntryPoint","urlTemplate":"https:\/\/ttemsa.com\/industria\/?s={search_term_string}"},"query-input":{"@type":"PropertyValueSpecification","valueRequired":true,"valueName":"search_term_string"}}],"inLanguage":"es"}]}},"_links":{"self":[{"href":"https:\/\/ttemsa.com\/industria\/index.php\/wp-json\/wp\/v2\/pages\/3818","targetHints":{"allow":["GET"]}}],"collection":[{"href":"https:\/\/ttemsa.com\/industria\/index.php\/wp-json\/wp\/v2\/pages"}],"about":[{"href":"https:\/\/ttemsa.com\/industria\/index.php\/wp-json\/wp\/v2\/types\/page"}],"author":[{"embeddable":true,"href":"https:\/\/ttemsa.com\/industria\/index.php\/wp-json\/wp\/v2\/users\/1"}],"replies":[{"embeddable":true,"href":"https:\/\/ttemsa.com\/industria\/index.php\/wp-json\/wp\/v2\/comments?post=3818"}],"version-history":[{"count":4,"href":"https:\/\/ttemsa.com\/industria\/index.php\/wp-json\/wp\/v2\/pages\/3818\/revisions"}],"predecessor-version":[{"id":4148,"href":"https:\/\/ttemsa.com\/industria\/index.php\/wp-json\/wp\/v2\/pages\/3818\/revisions\/4148"}],"up":[{"embeddable":true,"href":"https:\/\/ttemsa.com\/industria\/index.php\/wp-json\/wp\/v2\/pages\/3813"}],"wp:attachment":[{"href":"https:\/\/ttemsa.com\/industria\/index.php\/wp-json\/wp\/v2\/media?parent=3818"}],"wp:term":[{"taxonomy":"category","embeddable":true,"href":"https:\/\/ttemsa.com\/industria\/index.php\/wp-json\/wp\/v2\/categories?post=3818"},{"taxonomy":"post_tag","embeddable":true,"href":"https:\/\/ttemsa.com\/industria\/index.php\/wp-json\/wp\/v2\/tags?post=3818"}],"curies":[{"name":"wp","href":"https:\/\/api.w.org\/{rel}","templated":true}]}}