{"id":3839,"date":"2024-11-21T15:10:24","date_gmt":"2024-11-21T15:10:24","guid":{"rendered":"https:\/\/ttemsa.com\/industria\/index.php\/aplicaciones-para-la-industria-copy\/"},"modified":"2024-11-21T16:03:08","modified_gmt":"2024-11-21T16:03:08","slug":"aviso-de-privacidad","status":"publish","type":"page","link":"https:\/\/ttemsa.com\/industria\/index.php\/home\/aviso-de-privacidad\/","title":{"rendered":"Home Aviso de Privacidad"},"content":{"rendered":"<p><span style=\"font-size: revert; color: initial; font-family: -apple-system, BlinkMacSystemFont, 'Segoe UI', Roboto, Oxygen-Sans, Ubuntu, Cantarell, 'Helvetica Neue', sans-serif;\">De conformidad en lo dispuesto por la Ley Federal de Protecci\u00f3n de Datos Personales en Posesi\u00f3n de Particulares (en lo sucesivo la \u201c<\/span><u style=\"font-size: revert; color: initial; font-family: -apple-system, BlinkMacSystemFont, 'Segoe UI', Roboto, Oxygen-Sans, Ubuntu, Cantarell, 'Helvetica Neue', sans-serif;\">Ley<\/u><span style=\"font-size: revert; color: initial; font-family: -apple-system, BlinkMacSystemFont, 'Segoe UI', Roboto, Oxygen-Sans, Ubuntu, Cantarell, 'Helvetica Neue', sans-serif;\">\u201d) y su Reglamento, se pone a disposici\u00f3n de nuestros clientes, proveedores, empleados y p\u00fablico en general, el presente Aviso de Privacidad en los siguientes t\u00e9rminos:<\/span><strong style=\"font-size: revert; color: initial; font-family: -apple-system, BlinkMacSystemFont, 'Segoe UI', Roboto, Oxygen-Sans, Ubuntu, Cantarell, 'Helvetica Neue', sans-serif;\">\u00a0<\/strong><\/p>\n<div>\n<p><strong>RESPONSABLE DE LA PROTECCI\u00d3N DE SUS DATOS PERSONALES<\/strong><\/p>\n<p><strong>TECNICOS EN TRANSMISIONES ELECTRO-MEC\u00c1NICAS, S.A DE C.V.,<\/strong>\u00a0(en lo sucesivo se le denominar\u00e1 como el \u201c<u>Responsable<\/u>\u201d), con domicilio ubicado en Calle Santa Cruz, Acayucan, n\u00famero 165, n\u00famero 001, Colonia Santa Apolonia, Alcald\u00eda Azcapotzalco, C.P. 02790, Ciudad de M\u00e9xico, tiene como objetivo informarle sobre el tratamiento que se le dar\u00e1 a su informaci\u00f3n personal (en adelante, \u201c<u>Datos Personales<\/u>\u201d), los cuales ser\u00e1n proporcionados por sus usuarios (clientes, proveedores, empleados y p\u00fablico en general) (en adelante, \u201c<u>Titulares\u201d<\/u>) cuando los mismos sean utilizados, almacenados, transferidos y\/o recabados, a trav\u00e9s de medios impresos, v\u00eda telef\u00f3nica, medios electr\u00f3nicos, \u00f3pticos o por cualquier otra tecnolog\u00eda, o por signos inequ\u00edvocos, de conformidad con lo establecido en la Ley.<\/p>\n<p><strong>CONSENTIMIENTO.<\/strong><\/p>\n<p>De acuerdo a lo dispuesto en el Art\u00edculo 8 de la Ley, se entiende que el Titular consiente t\u00e1citamente el tratamiento de sus Datos Personales cuando se pone a su disposici\u00f3n el presente Aviso de Privacidad, y el Titular no manifiesta su oposici\u00f3n.<\/p>\n<p>El consentimiento de los Titulares para acceder al tratamiento de sus Datos Personales, ser\u00e1 expreso pleno y sin reservas cuando la voluntad se manifieste verbalmente, por escrito, de forma personal, por medios electr\u00f3nicos, \u00f3pticos, por cualquier otra tecnolog\u00eda, por signos inequ\u00edvocos o por cualquier otro medio. Los datos financieros o patrimoniales requerir\u00e1n el consentimiento expreso del Titular, salvo las excepciones a que se refieren los art\u00edculos 10 y 37 de la Ley.<\/p>\n<p>El Titular de los Datos Personales manifiesta que es mayor de edad a la fecha en que se proporcionan los mismos y cuenta con plena capacidad jur\u00eddica. En el caso de que, como excepci\u00f3n, se traten datos de menores de edad o de personas que se encuentren en estado de interdicci\u00f3n o incapacidad establecida por ley, no se recabar\u00e1n Datos Personales de dicho Titular, a excepci\u00f3n de contar con el consentimiento previo de la persona que ejerce la patria potestad, o en su caso, del tutor o curador, de conformidad con las reglas de representaci\u00f3n aplicables en cada caso.<\/p>\n<p>En caso de recopilar Datos Personales de menores de edad o incapaces por alg\u00fan tipo de error por parte del Responsable, dichos datos ser\u00e1n eliminados inmediatamente de las bases de datos que los contengan en cuanto se tenga conocimiento de lo mismo.<\/p>\n<p>No ser\u00e1 necesario el consentimiento para el tratamiento de los Datos Personales cuando:<\/p>\n<ol>\n<li>Est\u00e9 previsto en una Ley.<\/li>\n<li>Sean de acceso p\u00fablico.<\/li>\n<li>Se sometan a un procedimiento previo de disociaci\u00f3n.<\/li>\n<li>Tenga el prop\u00f3sito de cumplir obligaciones derivadas de una relaci\u00f3n jur\u00eddica entre el Titular y el Responsable.<\/li>\n<li>Exista una situaci\u00f3n de emergencia que potencialmente pueda da\u00f1ar a un individuo en su persona o en sus bienes.<\/li>\n<li>Sean indispensables para la atenci\u00f3n m\u00e9dica, la prevenci\u00f3n, diagn\u00f3stico, la prestaci\u00f3n de asistencia sanitaria, tratamientos m\u00e9dicos o la gesti\u00f3n de servicios sanitarios, mientras el Titular no est\u00e9 en condiciones de otorgar el consentimiento, en los t\u00e9rminos que establece la Ley General de Salud y dem\u00e1s disposiciones jur\u00eddicas aplicables y que dicho tratamiento de Datos Personales se realice por una persona sujeta al secreto profesional u obligaci\u00f3n equivalente.<\/li>\n<li>Se dicte resoluci\u00f3n de autoridad competente.<\/li>\n<\/ol>\n<p><strong>DATOS PERSONALES QUE SER\u00c1N SOMETIDOS A TRATAMIENTO<\/strong><\/p>\n<p>Los Datos Personales que se someter\u00e1n a tratamiento por el Responsable y que se recabar\u00e1n a trav\u00e9s de los medios anteriormente establecidos, son los siguientes:<\/p>\n<ul>\n<li><u>Datos personales de identificaci\u00f3n<\/u>: nombre completo, apellidos, fecha de nacimiento, CURP y domicilio.<\/li>\n<li><u>Datos acad\u00e9micos<\/u>: trayectoria educativa, instituciones de estudio, t\u00edtulo, n\u00famero de c\u00e9dula profesional, especialidad, certificados y reconocimientos en general.<\/li>\n<li><u>Datos personales de comunicaci\u00f3n o contacto<\/u>: correo electr\u00f3nico, redes sociales, p\u00e1gina web, n\u00famero de tel\u00e9fono fijo o m\u00f3vil.<\/li>\n<li><u>Datos personales laborales<\/u>: empresa o persona para la cual labora, puesto que ejerce, direcci\u00f3n y tel\u00e9fono de trabajo.<\/li>\n<li><u>Datos de facturaci\u00f3n:<\/u>\u00a0entidad a la que se har\u00e1 el cargo, domicilio fiscal y RFC.<\/li>\n<li><u>Datos financieros:<\/u>\u00a0informaci\u00f3n de cuentas bancarias y formas de pago.<\/li>\n<\/ul>\n<p>Los Datos Personales que el Titular nos proporciona, son utilizados estrictamente en la realizaci\u00f3n de funciones propias de nuestra empresa.<strong>\u00a0<\/strong><\/p>\n<p><strong>FINALIDADES DEL TRATAMIENTO.<\/strong><\/p>\n<p>El Tratamiento de Datos Personales del Titular que se recaben, y salvo que el Titular disponga lo contrario a trav\u00e9s del medio descrito en el presente Aviso de Privacidad, tienen como \ufb01nalidad enunciativa m\u00e1s no limitativamente:<\/p>\n<ol>\n<li>Ofrecer nuestros servicios y\/o productos.<\/li>\n<li>Comunicarnos con el Titular para atender sus dudas y\/o comentarios.<\/li>\n<li>Celebrar contratos, convenios u otros documentos.<\/li>\n<li>Contratar servicios necesarios que se requieran para la empresa.<\/li>\n<\/ol>\n<p>Sus Datos Personales podr\u00edan utilizarse para finalidades distintas a las antes mencionadas siempre y cuando dichas finalidades sean compatibles con las anteriormente descritas y puedan considerarse an\u00e1logas o similares.<\/p>\n<p><strong>NEGATIVA PARA EL TRATAMIENTO DE SUS DATOS PERSONALES\u00a0RESPECTO DE AQUELLAS FINALIDADES QUE NO SON NECESARIAS NI HAYAN DADO ORIGEN A LA RELACI\u00d3N JUR\u00cdDICA CON EL RESPONSABLE.<\/strong><\/p>\n<p>El Responsable no recabar\u00e1 Datos Personales que no son necesarios para la existencia, mantenimiento y cumplimiento de la relaci\u00f3n jur\u00eddica, cuya finalidad no sea necesaria, por lo que su negativa respecto a este punto no es necesaria.<\/p>\n<p><strong>TRANSFERENCIA DE DATOS PERSONALES.<\/strong><\/p>\n<p>El Responsable podr\u00e1, sin consentimiento del Titular, revelar, divulgar y\/o transferir dentro y fuera de los Estados Unidos Mexicanos (en adelante\u00a0<u>\u201cM\u00e9xico<\/u>\u201d) los Datos Personales proporcionados por los Titulares, a sus empresas filiales, subsidiarias y\/o relacionadas, as\u00ed como para dar cumplimiento con disposiciones legales que as\u00ed lo requieran, o bien cuando sea solicitado por autoridades competentes en los siguientes casos:<\/p>\n<ol>\n<li>Cuando la transferencia est\u00e9 prevista en las Leyes mexicanas o Tratados Internacionales en los que M\u00e9xico sea parte.<\/li>\n<li>Cuando la transferencia sea necesaria para la prevenci\u00f3n o el diagn\u00f3stico m\u00e9dico, la prestaci\u00f3n de asistencia sanitaria, tratamiento m\u00e9dico o la gesti\u00f3n de servicios sanitarios.<\/li>\n<li>Cuando la transferencia sea efectuada a sociedades controladoras, subsidiarias o afiliadas bajo el control com\u00fan del Responsable, o a una sociedad matriz o a cualquier sociedad del mismo grupo del Responsable que opere bajo los mismos procesos y pol\u00edticas internas.<\/li>\n<li>Cuando la transferencia sea necesaria, por virtud de un contrato celebrado o por celebrar en inter\u00e9s del Titular, por el Responsable y un tercero.<\/li>\n<li>Cuando la transferencia sea necesaria o legalmente exigida para la salvaguarda de un inter\u00e9s p\u00fablico, o para la procuraci\u00f3n o administraci\u00f3n de justicia.<\/li>\n<li>Cuando la transferencia sea precisa para el reconocimiento, ejercicio o defensa de un derecho en un proceso judicial.<\/li>\n<li>Cuando la transferencia sea precisa para el mantenimiento o cumplimiento de una relaci\u00f3n jur\u00eddica entre el Responsable y el Titular.<\/li>\n<\/ol>\n<p>De igual forma podr\u00e1 revelar, divulgar y\/o transferir dentro y fuera de M\u00e9xico los Datos Personales a proveedores, patrocinadores, publicistas, contratistas y\/o socios para fines comerciales. Los terceros que reciban la informaci\u00f3n relacionada con los Datos Personales de los Titulares est\u00e1n obligados a cumplir con lo previsto en este Aviso de Privacidad y de la legislaci\u00f3n aplicable en M\u00e9xico.<\/p>\n<p><strong>MEDIOS Y PROCEDIMIENTO PARA EJERCER DERECHOS DE ACCESO, RECTIFICACI\u00d3N, CANCELACI\u00d3N Y OPOSICI\u00d3N (ARCO).<\/strong><\/p>\n<p>En cualquier momento el Titular, o su representante legal, puede limitar el uso o divulgaci\u00f3n de sus Datos Personales, as\u00ed como negar o revocar la autorizaci\u00f3n para su tratamiento, mediante el ejercicio de los derechos de acceso, recti\ufb01caci\u00f3n, cancelaci\u00f3n u oposici\u00f3n que la Ley prev\u00e9, mediante los siguientes medios:<\/p>\n<ol>\n<li>Presentar su solicitud por correo electr\u00f3nico a la direcci\u00f3n electr\u00f3nica\u00a0<span id=\"cloak1b2c1532810979247b80480652ffc5c6\"><a href=\"mailto:datospersonales@ttemsa.com\">datospersonales@ttemsa.com<\/a><\/span>\u00a0dirigida al Departamento de Datos Personales o presentar su solicitud\u00a0directamente en el domicilio del Responsable.<\/li>\n<li>La solicitud que se env\u00ede por correo electr\u00f3nico o se presente f\u00edsicamente en el domicilio del Responsable, deber\u00e1 contener al menos lo siguiente:<\/li>\n<\/ol>\n<ul>\n<li>El nombre del Titular, domicilio, correo electr\u00f3nico u otro medio para comunicarle la respuesta a su solicitud;<\/li>\n<li>Los documentos que acrediten la identidad o, en su caso, la representaci\u00f3n legal del Titular;<\/li>\n<li>La descripci\u00f3n clara y precisa de los Datos Personales respecto de los que se busca ejercer alguno de los derechos antes mencionados.<\/li>\n<li>Cualquier otro elemento o documento que facilite la localizaci\u00f3n de los Datos Personales.<\/li>\n<\/ul>\n<p>En el caso de Rectificaci\u00f3n, adem\u00e1s de los 4 puntos anteriores, deber\u00e1 indicar las modificaciones a realizar y aportar la documentaci\u00f3n que sustente su petici\u00f3n.<\/p>\n<p>En el caso de Acceso, se dar\u00e1 por cumplida la obligaci\u00f3n cuando se pongan a disposici\u00f3n del Titular los Datos Personales; o bien, mediante la expedici\u00f3n de copias simples, documentos electr\u00f3nicos o cualquier otro medio que determine el Responsable en el Aviso de Privacidad.<\/p>\n<p><strong>MECANISMO Y PROCEDIMIENTO PARA REVOCAR EL CONSENTIMIENTO AL TRATAMIENTO DE DATOS PERSONALES.<\/strong><\/p>\n<p>El Titular podr\u00e1 revocar su consentimiento en cualquier momento sin que se le atribuyan efectos retroactivos, lo cual puede realizar a trav\u00e9s de los medios y procedimientos implementados por el Responsable, en este Aviso de Privacidad.<\/p>\n<p><strong>OPCIONES Y MEDIOS PARA LIMITAR EL USO O DIVULGACI\u00d3N DE LOS DATOS PERSONALES.<\/strong><\/p>\n<p>Si desea limitar el uso o divulgaci\u00f3n de dichos Datos Personales podr\u00e1 solicitarlo por correo electr\u00f3nico a nuestra \u00c1rea de Datos Personales a la direcci\u00f3n electr\u00f3nica\u00a0<span id=\"cloak0d31e050bbe2b14abc1a205309238104\"><a href=\"mailto:datospersonales@ttemsa.com\">datospersonales@ttemsa.com<\/a><\/span>\u00a0o bien podr\u00e1 realizarlo por escrito directamente en el domicilio de Responsable.<\/p>\n<p><strong>\u00a0CAMBIOS AL PRESENTE AVISO DE PRIVACIDAD.<\/strong><\/p>\n<p>Cualquier cambio o actualizaci\u00f3n al presente Aviso de Privacidad,\u00a0<strong>T\u00c9CNICOS EN TRANSMISIONES ELECTRO-MEC\u00c1NICAS, S.A DE C.V.,<\/strong>\u00a0se comunicar\u00e1 a trav\u00e9s de la p\u00e1gina web\u00a0<a href=\"https:\/\/ttemsa.com\/industria\/\">https:\/\/ttemsa.com<\/a>\u00a0y el Titular podr\u00e1 solicitar los cambios o actualizaciones a trav\u00e9s del correo electr\u00f3nico:\u00a0<span id=\"cloak2a2667f76134ca69759da522f4fa782b\"><a href=\"mailto:datospersonales@ttemsa.com\">datospersonales@ttemsa.com<\/a><\/span><\/p>\n<p>Se recomienda al Titular consultar el Aviso de Privacidad, por lo menos semestralmente, para estar actualizado de las condiciones y t\u00e9rminos del mismo. De cualquier forma, el mismo se encuentra a su disposici\u00f3n, de forma directa y personal en nuestro domicilio.<\/p>\n<p><strong>AVISO DE PRIVACIDAD SIMPLIFICADO O PARA ESPACIOS REDUCIDOS<\/strong><\/p>\n<p><strong>T\u00c9CNICOS EN TRANSMISIONES ELECTRO-MEC\u00c1NICAS, S.A DE C.V.,<\/strong>\u00a0con domicilio ubicado en Calle Santa Cruz, Acayucan, n\u00famero 165, n\u00famero 001, Colonia Santa Apolonia, Alcald\u00eda Azcapotzalco, C.P. 02790, Ciudad de M\u00e9xico, ser\u00e1 el Responsable del tratamiento de los Datos Personales que le sean confiados y que se obtengan de forma t\u00e1cita o expresa a trav\u00e9s de cualquier medio para finalidades de ofrecimiento de nuestros servicios y\/o productos, entablar comunicaci\u00f3n con usted para atender sus dudas y\/o comentarios., celebrar contratos, convenios u otros documentos y\/o contratar servicios necesarios que se requieran para nuestra empresa. Si desea conocer nuestro aviso de privacidad integral, lo podr\u00e1 consultar en el portal\u00a0<a href=\"https:\/\/ttemsa.com\/industria\/\">https:\/\/ttemsa.com<\/a>\u00a0o en el domicilio del Responsable.<\/p>\n<\/div>\n","protected":false},"excerpt":{"rendered":"<p>De conformidad en lo dispuesto por la Ley Federal de Protecci\u00f3n de Datos Personales en Posesi\u00f3n de Particulares (en lo sucesivo la \u201cLey\u201d) y su Reglamento, se pone a disposici\u00f3n de nuestros clientes, proveedores, empleados y p\u00fablico en general, el presente Aviso de Privacidad en los siguientes t\u00e9rminos:\u00a0 RESPONSABLE DE LA PROTECCI\u00d3N DE SUS DATOS [&hellip;]<\/p>\n","protected":false},"author":1,"featured_media":0,"parent":264,"menu_order":0,"comment_status":"closed","ping_status":"closed","template":"","meta":{"content-type":"","footnotes":""},"categories":[32],"tags":[],"class_list":["post-3839","page","type-page","status-publish","hentry","category-home"],"yoast_head":"<!-- This site is optimized with the Yoast SEO plugin v26.6 - https:\/\/yoast.com\/wordpress\/plugins\/seo\/ -->\n<title>Home Aviso de Privacidad - industria-de-la-conversion.ttemsa<\/title>\n<meta name=\"robots\" content=\"index, follow, max-snippet:-1, max-image-preview:large, max-video-preview:-1\" \/>\n<link rel=\"canonical\" href=\"https:\/\/ttemsa.com\/industria\/index.php\/home\/aviso-de-privacidad\/\" \/>\n<meta property=\"og:locale\" content=\"es_MX\" \/>\n<meta property=\"og:type\" content=\"article\" \/>\n<meta property=\"og:title\" content=\"Home Aviso de Privacidad - industria-de-la-conversion.ttemsa\" \/>\n<meta property=\"og:description\" content=\"De conformidad en lo dispuesto por la Ley Federal de Protecci\u00f3n de Datos Personales en Posesi\u00f3n de Particulares (en lo sucesivo la \u201cLey\u201d) y su Reglamento, se pone a disposici\u00f3n de nuestros clientes, proveedores, empleados y p\u00fablico en general, el presente Aviso de Privacidad en los siguientes t\u00e9rminos:\u00a0 RESPONSABLE DE LA PROTECCI\u00d3N DE SUS DATOS [&hellip;]\" \/>\n<meta property=\"og:url\" content=\"https:\/\/ttemsa.com\/industria\/index.php\/home\/aviso-de-privacidad\/\" \/>\n<meta property=\"og:site_name\" content=\"industria-de-la-conversion.ttemsa\" \/>\n<meta property=\"article:modified_time\" content=\"2024-11-21T16:03:08+00:00\" \/>\n<meta property=\"og:image\" content=\"https:\/\/ttemsa.com\/industria\/wp-content\/uploads\/2022\/08\/cropped-logo-ttemsa-redondo-final-copy.jpg\" \/>\n\t<meta property=\"og:image:width\" content=\"512\" \/>\n\t<meta property=\"og:image:height\" content=\"512\" \/>\n\t<meta property=\"og:image:type\" content=\"image\/jpeg\" \/>\n<meta name=\"twitter:card\" content=\"summary_large_image\" \/>\n<meta name=\"twitter:label1\" content=\"Tiempo de lectura\" \/>\n\t<meta name=\"twitter:data1\" content=\"8 minutos\" \/>\n<script type=\"application\/ld+json\" class=\"yoast-schema-graph\">{\"@context\":\"https:\/\/schema.org\",\"@graph\":[{\"@type\":\"WebPage\",\"@id\":\"https:\/\/ttemsa.com\/industria\/index.php\/home\/aviso-de-privacidad\/\",\"url\":\"https:\/\/ttemsa.com\/industria\/index.php\/home\/aviso-de-privacidad\/\",\"name\":\"Home Aviso de Privacidad - industria-de-la-conversion.ttemsa\",\"isPartOf\":{\"@id\":\"https:\/\/ttemsa.com\/industria\/#website\"},\"datePublished\":\"2024-11-21T15:10:24+00:00\",\"dateModified\":\"2024-11-21T16:03:08+00:00\",\"breadcrumb\":{\"@id\":\"https:\/\/ttemsa.com\/industria\/index.php\/home\/aviso-de-privacidad\/#breadcrumb\"},\"inLanguage\":\"es\",\"potentialAction\":[{\"@type\":\"ReadAction\",\"target\":[\"https:\/\/ttemsa.com\/industria\/index.php\/home\/aviso-de-privacidad\/\"]}]},{\"@type\":\"BreadcrumbList\",\"@id\":\"https:\/\/ttemsa.com\/industria\/index.php\/home\/aviso-de-privacidad\/#breadcrumb\",\"itemListElement\":[{\"@type\":\"ListItem\",\"position\":1,\"name\":\"Inicio\",\"item\":\"https:\/\/ttemsa.com\/industria\/\"},{\"@type\":\"ListItem\",\"position\":2,\"name\":\"ttemsa L\u00edderes en el mercado de la Industria de la Conversi\u00f3n\",\"item\":\"https:\/\/ttemsa.com\/industria\/\"},{\"@type\":\"ListItem\",\"position\":3,\"name\":\"Home Aviso de Privacidad\"}]},{\"@type\":\"WebSite\",\"@id\":\"https:\/\/ttemsa.com\/industria\/#website\",\"url\":\"https:\/\/ttemsa.com\/industria\/\",\"name\":\"industria-de-la-conversion.ttemsa\",\"description\":\"Designed Dianalacazadora.com\",\"alternateName\":\"ttemsa l\u00edderes en la industria de la conversi\u00f3n\",\"potentialAction\":[{\"@type\":\"SearchAction\",\"target\":{\"@type\":\"EntryPoint\",\"urlTemplate\":\"https:\/\/ttemsa.com\/industria\/?s={search_term_string}\"},\"query-input\":{\"@type\":\"PropertyValueSpecification\",\"valueRequired\":true,\"valueName\":\"search_term_string\"}}],\"inLanguage\":\"es\"}]}<\/script>\n<!-- \/ Yoast SEO plugin. -->","yoast_head_json":{"title":"Home Aviso de Privacidad - industria-de-la-conversion.ttemsa","robots":{"index":"index","follow":"follow","max-snippet":"max-snippet:-1","max-image-preview":"max-image-preview:large","max-video-preview":"max-video-preview:-1"},"canonical":"https:\/\/ttemsa.com\/industria\/index.php\/home\/aviso-de-privacidad\/","og_locale":"es_MX","og_type":"article","og_title":"Home Aviso de Privacidad - industria-de-la-conversion.ttemsa","og_description":"De conformidad en lo dispuesto por la Ley Federal de Protecci\u00f3n de Datos Personales en Posesi\u00f3n de Particulares (en lo sucesivo la \u201cLey\u201d) y su Reglamento, se pone a disposici\u00f3n de nuestros clientes, proveedores, empleados y p\u00fablico en general, el presente Aviso de Privacidad en los siguientes t\u00e9rminos:\u00a0 RESPONSABLE DE LA PROTECCI\u00d3N DE SUS DATOS [&hellip;]","og_url":"https:\/\/ttemsa.com\/industria\/index.php\/home\/aviso-de-privacidad\/","og_site_name":"industria-de-la-conversion.ttemsa","article_modified_time":"2024-11-21T16:03:08+00:00","og_image":[{"width":512,"height":512,"url":"https:\/\/ttemsa.com\/industria\/wp-content\/uploads\/2022\/08\/cropped-logo-ttemsa-redondo-final-copy.jpg","type":"image\/jpeg"}],"twitter_card":"summary_large_image","twitter_misc":{"Tiempo de lectura":"8 minutos"},"schema":{"@context":"https:\/\/schema.org","@graph":[{"@type":"WebPage","@id":"https:\/\/ttemsa.com\/industria\/index.php\/home\/aviso-de-privacidad\/","url":"https:\/\/ttemsa.com\/industria\/index.php\/home\/aviso-de-privacidad\/","name":"Home Aviso de Privacidad - industria-de-la-conversion.ttemsa","isPartOf":{"@id":"https:\/\/ttemsa.com\/industria\/#website"},"datePublished":"2024-11-21T15:10:24+00:00","dateModified":"2024-11-21T16:03:08+00:00","breadcrumb":{"@id":"https:\/\/ttemsa.com\/industria\/index.php\/home\/aviso-de-privacidad\/#breadcrumb"},"inLanguage":"es","potentialAction":[{"@type":"ReadAction","target":["https:\/\/ttemsa.com\/industria\/index.php\/home\/aviso-de-privacidad\/"]}]},{"@type":"BreadcrumbList","@id":"https:\/\/ttemsa.com\/industria\/index.php\/home\/aviso-de-privacidad\/#breadcrumb","itemListElement":[{"@type":"ListItem","position":1,"name":"Inicio","item":"https:\/\/ttemsa.com\/industria\/"},{"@type":"ListItem","position":2,"name":"ttemsa L\u00edderes en el mercado de la Industria de la Conversi\u00f3n","item":"https:\/\/ttemsa.com\/industria\/"},{"@type":"ListItem","position":3,"name":"Home Aviso de Privacidad"}]},{"@type":"WebSite","@id":"https:\/\/ttemsa.com\/industria\/#website","url":"https:\/\/ttemsa.com\/industria\/","name":"industria-de-la-conversion.ttemsa","description":"Designed Dianalacazadora.com","alternateName":"ttemsa l\u00edderes en la industria de la conversi\u00f3n","potentialAction":[{"@type":"SearchAction","target":{"@type":"EntryPoint","urlTemplate":"https:\/\/ttemsa.com\/industria\/?s={search_term_string}"},"query-input":{"@type":"PropertyValueSpecification","valueRequired":true,"valueName":"search_term_string"}}],"inLanguage":"es"}]}},"_links":{"self":[{"href":"https:\/\/ttemsa.com\/industria\/index.php\/wp-json\/wp\/v2\/pages\/3839","targetHints":{"allow":["GET"]}}],"collection":[{"href":"https:\/\/ttemsa.com\/industria\/index.php\/wp-json\/wp\/v2\/pages"}],"about":[{"href":"https:\/\/ttemsa.com\/industria\/index.php\/wp-json\/wp\/v2\/types\/page"}],"author":[{"embeddable":true,"href":"https:\/\/ttemsa.com\/industria\/index.php\/wp-json\/wp\/v2\/users\/1"}],"replies":[{"embeddable":true,"href":"https:\/\/ttemsa.com\/industria\/index.php\/wp-json\/wp\/v2\/comments?post=3839"}],"version-history":[{"count":3,"href":"https:\/\/ttemsa.com\/industria\/index.php\/wp-json\/wp\/v2\/pages\/3839\/revisions"}],"predecessor-version":[{"id":3844,"href":"https:\/\/ttemsa.com\/industria\/index.php\/wp-json\/wp\/v2\/pages\/3839\/revisions\/3844"}],"up":[{"embeddable":true,"href":"https:\/\/ttemsa.com\/industria\/index.php\/wp-json\/wp\/v2\/pages\/264"}],"wp:attachment":[{"href":"https:\/\/ttemsa.com\/industria\/index.php\/wp-json\/wp\/v2\/media?parent=3839"}],"wp:term":[{"taxonomy":"category","embeddable":true,"href":"https:\/\/ttemsa.com\/industria\/index.php\/wp-json\/wp\/v2\/categories?post=3839"},{"taxonomy":"post_tag","embeddable":true,"href":"https:\/\/ttemsa.com\/industria\/index.php\/wp-json\/wp\/v2\/tags?post=3839"}],"curies":[{"name":"wp","href":"https:\/\/api.w.org\/{rel}","templated":true}]}}