{"id":3893,"date":"2024-11-28T23:02:36","date_gmt":"2024-11-28T23:02:36","guid":{"rendered":"https:\/\/ttemsa.com\/industria\/index.php\/simco-ion\/59-neutralizacion-de-estatica-copy\/"},"modified":"2024-11-28T23:03:37","modified_gmt":"2024-11-28T23:03:37","slug":"181-neutralizacion-de-estatica-4","status":"publish","type":"page","link":"https:\/\/ttemsa.com\/industria\/index.php\/simco-ion\/181-neutralizacion-de-estatica-4\/","title":{"rendered":"NEUTRALIZACI\u00d3N DE EST\u00c1TICA Y ELECTROEST\u00c1TICA Copy"},"content":{"rendered":"\n<h1 class=\"wp-block-heading has-text-align-center\">Equipos\u00a0Neutralizadores de Est\u00e1tica y Electroest\u00e1tica<\/h1>\n\n\n<div class=\"wp-block-image\">\n<figure class=\"aligncenter size-full is-resized\"><img loading=\"lazy\" decoding=\"async\" width=\"640\" height=\"169\" src=\"https:\/\/ttemsa.com\/industria\/wp-content\/uploads\/2023\/12\/logo-simco.png\" alt=\"\" class=\"wp-image-940\" style=\"width:304px;height:auto\" srcset=\"https:\/\/ttemsa.com\/industria\/wp-content\/uploads\/2023\/12\/logo-simco.png 640w, https:\/\/ttemsa.com\/industria\/wp-content\/uploads\/2023\/12\/logo-simco-300x79.png 300w\" sizes=\"auto, (max-width: 640px) 100vw, 640px\" \/><figcaption class=\"wp-element-caption\"><strong>Barras antiest\u00e1ticas<\/strong><br><\/figcaption><\/figure>\n<\/div>\n\n\n<p><strong>Protecci\u00f3n frente a cargas electroest\u00e1ticas<\/strong><\/p>\n\n\n\n<p><strong>\u00bfQu\u00e9 son?<\/strong><\/p>\n\n\n\n<p>Para eliminar (neutralizar) cargas positivas y negativas de una pieza; normalmente utilizadas en pel\u00edcula pl\u00e1stica o papel que se desembobina, embobina o durante el proceso. Todas las barras requieren de una fuente (suministro de poder) que se surte por separado. (en la mayor parte de los equipos).<\/p>\n\n\n\n<p>En las barras se manejan la longitud de trabajo o efectiva y la longitud total, la cual es mayor a la efectiva, normalmente estas barras deben conectarse a tierra excepto la Blue Bar R50, la cual debe estar a una distancia mayor a 2\u201d (51mm) de una referencia a tierra, es muy importante usar el conector adecuado del cable para conectarla a la fuente, para evitar p\u00e9rdidas en el sistema<strong>.<\/strong><\/p>\n\n\n\n<p><strong>USO<\/strong><\/p>\n\n\n\n<p>Materiales no conductivos como pel\u00edcula pl\u00e1stica o papel (en banda continua) si tiene est\u00e1tica atrae el polvo, se ensucia, puede producir chispa se incendiar la m\u00e1quina con presencia de solventes, al hojear (apartir de rollo) si tiene est\u00e1tica se atasca la m\u00e1quina, etc.<\/p>\n\n\n\n<p>En materiales conductivos se les puede pegar part\u00edculas con carga est\u00e1tica, que muchas veces hay que neutralizar.&nbsp;<\/p>\n\n\n\n<figure class=\"wp-block-image size-large\"><img loading=\"lazy\" decoding=\"async\" width=\"1024\" height=\"894\" src=\"https:\/\/ttemsa.com\/industria\/wp-content\/uploads\/2023\/12\/PRINCIPAL-SIMCO-TTEMSA-1024x894.jpg\" alt=\"\" class=\"wp-image-949\" srcset=\"https:\/\/ttemsa.com\/industria\/wp-content\/uploads\/2023\/12\/PRINCIPAL-SIMCO-TTEMSA-1024x894.jpg 1024w, https:\/\/ttemsa.com\/industria\/wp-content\/uploads\/2023\/12\/PRINCIPAL-SIMCO-TTEMSA-300x262.jpg 300w, https:\/\/ttemsa.com\/industria\/wp-content\/uploads\/2023\/12\/PRINCIPAL-SIMCO-TTEMSA-768x670.jpg 768w, https:\/\/ttemsa.com\/industria\/wp-content\/uploads\/2023\/12\/PRINCIPAL-SIMCO-TTEMSA-1536x1341.jpg 1536w, https:\/\/ttemsa.com\/industria\/wp-content\/uploads\/2023\/12\/PRINCIPAL-SIMCO-TTEMSA-2048x1788.jpg 2048w\" sizes=\"auto, (max-width: 1024px) 100vw, 1024px\" \/><\/figure>\n\n\n<div class=\"wp-block-image\">\n<figure class=\"alignleft size-full is-resized\"><img loading=\"lazy\" decoding=\"async\" width=\"70\" height=\"70\" src=\"https:\/\/ttemsa.com\/industria\/wp-content\/uploads\/2023\/12\/pdf.png\" alt=\"\" class=\"wp-image-494\" style=\"width:108px;height:auto\" \/><\/figure>\n<\/div>\n\n\n<p>Cat\u00e1logo 2024<\/p>\n\n\n\n<p><strong><a href=\"https:\/\/ttemsa.com\/industria\/images\/pdfs2021\/simco-aplicaciones.pdf\">Ver PDF<\/a><\/strong><\/p>\n","protected":false},"excerpt":{"rendered":"<p>Equipos\u00a0Neutralizadores de Est\u00e1tica y Electroest\u00e1tica Protecci\u00f3n frente a cargas electroest\u00e1ticas \u00bfQu\u00e9 son? Para eliminar (neutralizar) cargas positivas y negativas de una pieza; normalmente utilizadas en pel\u00edcula pl\u00e1stica o papel que se desembobina, embobina o durante el proceso. Todas las barras requieren de una fuente (suministro de poder) que se surte por separado. (en la mayor [&hellip;]<\/p>\n","protected":false},"author":1,"featured_media":0,"parent":35,"menu_order":0,"comment_status":"closed","ping_status":"closed","template":"","meta":{"content-type":"","footnotes":""},"categories":[18],"tags":[],"class_list":["post-3893","page","type-page","status-publish","hentry","category-simco-ion"],"yoast_head":"<!-- This site is optimized with the Yoast SEO plugin v26.6 - https:\/\/yoast.com\/wordpress\/plugins\/seo\/ -->\n<title>NEUTRALIZACI\u00d3N DE EST\u00c1TICA Y ELECTROEST\u00c1TICA Copy - industria-de-la-conversion.ttemsa<\/title>\n<meta name=\"description\" content=\"Barras antiest\u00e1ticas \u00bfQu\u00e9 son? Para eliminar (neutralizar) cargas positivas y negativas.\" \/>\n<meta name=\"robots\" content=\"index, follow, max-snippet:-1, max-image-preview:large, max-video-preview:-1\" \/>\n<link rel=\"canonical\" href=\"https:\/\/ttemsa.com\/industria\/index.php\/simco-ion\/181-neutralizacion-de-estatica-4\/\" \/>\n<meta property=\"og:locale\" content=\"es_MX\" \/>\n<meta property=\"og:type\" content=\"article\" \/>\n<meta property=\"og:title\" content=\"Equipos Neutralizadores de Est\u00e1tica y electroest\u00e1tica Barras antiest\u00e1ticas. \u00bfQu\u00e9 son? Para eliminar (neutralizar) cargas positivas y negativas.\" \/>\n<meta property=\"og:description\" content=\"En ttemsa ofrecemos Soluciones. Solicite + info Tel\u00e9fonos: + 52 (55) 5352-0191 5352-1301 5352-6070 5352-0593\" \/>\n<meta property=\"og:url\" content=\"https:\/\/ttemsa.com\/industria\/index.php\/simco-ion\/181-neutralizacion-de-estatica-4\/\" \/>\n<meta property=\"og:site_name\" content=\"industria-de-la-conversion.ttemsa\" \/>\n<meta property=\"article:modified_time\" content=\"2024-11-28T23:03:37+00:00\" \/>\n<meta property=\"og:image\" content=\"https:\/\/ttemsa.com\/industria\/wp-content\/uploads\/2023\/12\/PRINCIPAL-SIMCO-TTEMSA-1.jpg\" \/>\n\t<meta property=\"og:image:width\" content=\"2124\" \/>\n\t<meta property=\"og:image:height\" content=\"1854\" \/>\n\t<meta property=\"og:image:type\" content=\"image\/jpeg\" \/>\n<meta name=\"twitter:card\" content=\"summary_large_image\" \/>\n<meta name=\"twitter:label1\" content=\"Tiempo de lectura\" \/>\n\t<meta name=\"twitter:data1\" content=\"2 minutos\" \/>\n<script type=\"application\/ld+json\" class=\"yoast-schema-graph\">{\"@context\":\"https:\/\/schema.org\",\"@graph\":[{\"@type\":\"WebPage\",\"@id\":\"https:\/\/ttemsa.com\/industria\/index.php\/simco-ion\/181-neutralizacion-de-estatica-4\/\",\"url\":\"https:\/\/ttemsa.com\/industria\/index.php\/simco-ion\/181-neutralizacion-de-estatica-4\/\",\"name\":\"NEUTRALIZACI\u00d3N DE EST\u00c1TICA Y ELECTROEST\u00c1TICA Copy - industria-de-la-conversion.ttemsa\",\"isPartOf\":{\"@id\":\"https:\/\/ttemsa.com\/industria\/#website\"},\"primaryImageOfPage\":{\"@id\":\"https:\/\/ttemsa.com\/industria\/index.php\/simco-ion\/181-neutralizacion-de-estatica-4\/#primaryimage\"},\"image\":{\"@id\":\"https:\/\/ttemsa.com\/industria\/index.php\/simco-ion\/181-neutralizacion-de-estatica-4\/#primaryimage\"},\"thumbnailUrl\":\"https:\/\/ttemsa.com\/industria\/wp-content\/uploads\/2023\/12\/logo-simco.png\",\"datePublished\":\"2024-11-28T23:02:36+00:00\",\"dateModified\":\"2024-11-28T23:03:37+00:00\",\"description\":\"Barras antiest\u00e1ticas \u00bfQu\u00e9 son? Para eliminar (neutralizar) cargas positivas y negativas.\",\"breadcrumb\":{\"@id\":\"https:\/\/ttemsa.com\/industria\/index.php\/simco-ion\/181-neutralizacion-de-estatica-4\/#breadcrumb\"},\"inLanguage\":\"es\",\"potentialAction\":[{\"@type\":\"ReadAction\",\"target\":[\"https:\/\/ttemsa.com\/industria\/index.php\/simco-ion\/181-neutralizacion-de-estatica-4\/\"]}]},{\"@type\":\"ImageObject\",\"inLanguage\":\"es\",\"@id\":\"https:\/\/ttemsa.com\/industria\/index.php\/simco-ion\/181-neutralizacion-de-estatica-4\/#primaryimage\",\"url\":\"https:\/\/ttemsa.com\/industria\/wp-content\/uploads\/2023\/12\/logo-simco.png\",\"contentUrl\":\"https:\/\/ttemsa.com\/industria\/wp-content\/uploads\/2023\/12\/logo-simco.png\",\"width\":640,\"height\":169},{\"@type\":\"BreadcrumbList\",\"@id\":\"https:\/\/ttemsa.com\/industria\/index.php\/simco-ion\/181-neutralizacion-de-estatica-4\/#breadcrumb\",\"itemListElement\":[{\"@type\":\"ListItem\",\"position\":1,\"name\":\"Inicio\",\"item\":\"https:\/\/ttemsa.com\/industria\/\"},{\"@type\":\"ListItem\",\"position\":2,\"name\":\"SIMCO-ION\",\"item\":\"https:\/\/ttemsa.com\/industria\/index.php\/simco-ion\/\"},{\"@type\":\"ListItem\",\"position\":3,\"name\":\"NEUTRALIZACI\u00d3N DE EST\u00c1TICA Y ELECTROEST\u00c1TICA Copy\"}]},{\"@type\":\"WebSite\",\"@id\":\"https:\/\/ttemsa.com\/industria\/#website\",\"url\":\"https:\/\/ttemsa.com\/industria\/\",\"name\":\"industria-de-la-conversion.ttemsa\",\"description\":\"Designed Dianalacazadora.com\",\"alternateName\":\"ttemsa l\u00edderes en la industria de la conversi\u00f3n\",\"potentialAction\":[{\"@type\":\"SearchAction\",\"target\":{\"@type\":\"EntryPoint\",\"urlTemplate\":\"https:\/\/ttemsa.com\/industria\/?s={search_term_string}\"},\"query-input\":{\"@type\":\"PropertyValueSpecification\",\"valueRequired\":true,\"valueName\":\"search_term_string\"}}],\"inLanguage\":\"es\"}]}<\/script>\n<!-- \/ Yoast SEO plugin. -->","yoast_head_json":{"title":"NEUTRALIZACI\u00d3N DE EST\u00c1TICA Y ELECTROEST\u00c1TICA Copy - industria-de-la-conversion.ttemsa","description":"Barras antiest\u00e1ticas \u00bfQu\u00e9 son? Para eliminar (neutralizar) cargas positivas y negativas.","robots":{"index":"index","follow":"follow","max-snippet":"max-snippet:-1","max-image-preview":"max-image-preview:large","max-video-preview":"max-video-preview:-1"},"canonical":"https:\/\/ttemsa.com\/industria\/index.php\/simco-ion\/181-neutralizacion-de-estatica-4\/","og_locale":"es_MX","og_type":"article","og_title":"Equipos Neutralizadores de Est\u00e1tica y electroest\u00e1tica Barras antiest\u00e1ticas. \u00bfQu\u00e9 son? Para eliminar (neutralizar) cargas positivas y negativas.","og_description":"En ttemsa ofrecemos Soluciones. Solicite + info Tel\u00e9fonos: + 52 (55) 5352-0191 5352-1301 5352-6070 5352-0593","og_url":"https:\/\/ttemsa.com\/industria\/index.php\/simco-ion\/181-neutralizacion-de-estatica-4\/","og_site_name":"industria-de-la-conversion.ttemsa","article_modified_time":"2024-11-28T23:03:37+00:00","og_image":[{"width":2124,"height":1854,"url":"https:\/\/ttemsa.com\/industria\/wp-content\/uploads\/2023\/12\/PRINCIPAL-SIMCO-TTEMSA-1.jpg","type":"image\/jpeg"}],"twitter_card":"summary_large_image","twitter_misc":{"Tiempo de lectura":"2 minutos"},"schema":{"@context":"https:\/\/schema.org","@graph":[{"@type":"WebPage","@id":"https:\/\/ttemsa.com\/industria\/index.php\/simco-ion\/181-neutralizacion-de-estatica-4\/","url":"https:\/\/ttemsa.com\/industria\/index.php\/simco-ion\/181-neutralizacion-de-estatica-4\/","name":"NEUTRALIZACI\u00d3N DE EST\u00c1TICA Y ELECTROEST\u00c1TICA Copy - industria-de-la-conversion.ttemsa","isPartOf":{"@id":"https:\/\/ttemsa.com\/industria\/#website"},"primaryImageOfPage":{"@id":"https:\/\/ttemsa.com\/industria\/index.php\/simco-ion\/181-neutralizacion-de-estatica-4\/#primaryimage"},"image":{"@id":"https:\/\/ttemsa.com\/industria\/index.php\/simco-ion\/181-neutralizacion-de-estatica-4\/#primaryimage"},"thumbnailUrl":"https:\/\/ttemsa.com\/industria\/wp-content\/uploads\/2023\/12\/logo-simco.png","datePublished":"2024-11-28T23:02:36+00:00","dateModified":"2024-11-28T23:03:37+00:00","description":"Barras antiest\u00e1ticas \u00bfQu\u00e9 son? Para eliminar (neutralizar) cargas positivas y negativas.","breadcrumb":{"@id":"https:\/\/ttemsa.com\/industria\/index.php\/simco-ion\/181-neutralizacion-de-estatica-4\/#breadcrumb"},"inLanguage":"es","potentialAction":[{"@type":"ReadAction","target":["https:\/\/ttemsa.com\/industria\/index.php\/simco-ion\/181-neutralizacion-de-estatica-4\/"]}]},{"@type":"ImageObject","inLanguage":"es","@id":"https:\/\/ttemsa.com\/industria\/index.php\/simco-ion\/181-neutralizacion-de-estatica-4\/#primaryimage","url":"https:\/\/ttemsa.com\/industria\/wp-content\/uploads\/2023\/12\/logo-simco.png","contentUrl":"https:\/\/ttemsa.com\/industria\/wp-content\/uploads\/2023\/12\/logo-simco.png","width":640,"height":169},{"@type":"BreadcrumbList","@id":"https:\/\/ttemsa.com\/industria\/index.php\/simco-ion\/181-neutralizacion-de-estatica-4\/#breadcrumb","itemListElement":[{"@type":"ListItem","position":1,"name":"Inicio","item":"https:\/\/ttemsa.com\/industria\/"},{"@type":"ListItem","position":2,"name":"SIMCO-ION","item":"https:\/\/ttemsa.com\/industria\/index.php\/simco-ion\/"},{"@type":"ListItem","position":3,"name":"NEUTRALIZACI\u00d3N DE EST\u00c1TICA Y ELECTROEST\u00c1TICA Copy"}]},{"@type":"WebSite","@id":"https:\/\/ttemsa.com\/industria\/#website","url":"https:\/\/ttemsa.com\/industria\/","name":"industria-de-la-conversion.ttemsa","description":"Designed Dianalacazadora.com","alternateName":"ttemsa l\u00edderes en la industria de la conversi\u00f3n","potentialAction":[{"@type":"SearchAction","target":{"@type":"EntryPoint","urlTemplate":"https:\/\/ttemsa.com\/industria\/?s={search_term_string}"},"query-input":{"@type":"PropertyValueSpecification","valueRequired":true,"valueName":"search_term_string"}}],"inLanguage":"es"}]}},"_links":{"self":[{"href":"https:\/\/ttemsa.com\/industria\/index.php\/wp-json\/wp\/v2\/pages\/3893","targetHints":{"allow":["GET"]}}],"collection":[{"href":"https:\/\/ttemsa.com\/industria\/index.php\/wp-json\/wp\/v2\/pages"}],"about":[{"href":"https:\/\/ttemsa.com\/industria\/index.php\/wp-json\/wp\/v2\/types\/page"}],"author":[{"embeddable":true,"href":"https:\/\/ttemsa.com\/industria\/index.php\/wp-json\/wp\/v2\/users\/1"}],"replies":[{"embeddable":true,"href":"https:\/\/ttemsa.com\/industria\/index.php\/wp-json\/wp\/v2\/comments?post=3893"}],"version-history":[{"count":1,"href":"https:\/\/ttemsa.com\/industria\/index.php\/wp-json\/wp\/v2\/pages\/3893\/revisions"}],"predecessor-version":[{"id":3894,"href":"https:\/\/ttemsa.com\/industria\/index.php\/wp-json\/wp\/v2\/pages\/3893\/revisions\/3894"}],"up":[{"embeddable":true,"href":"https:\/\/ttemsa.com\/industria\/index.php\/wp-json\/wp\/v2\/pages\/35"}],"wp:attachment":[{"href":"https:\/\/ttemsa.com\/industria\/index.php\/wp-json\/wp\/v2\/media?parent=3893"}],"wp:term":[{"taxonomy":"category","embeddable":true,"href":"https:\/\/ttemsa.com\/industria\/index.php\/wp-json\/wp\/v2\/categories?post=3893"},{"taxonomy":"post_tag","embeddable":true,"href":"https:\/\/ttemsa.com\/industria\/index.php\/wp-json\/wp\/v2\/tags?post=3893"}],"curies":[{"name":"wp","href":"https:\/\/api.w.org\/{rel}","templated":true}]}}