{"id":3916,"date":"2025-01-26T13:35:29","date_gmt":"2025-01-26T13:35:29","guid":{"rendered":"https:\/\/ttemsa.com\/industria\/index.php\/aplicaciones-para-la-industria\/sistema-de-video-para-inspeccion-de-impresion-copy-2-copy\/"},"modified":"2025-01-26T15:32:42","modified_gmt":"2025-01-26T15:32:42","slug":"maquinas-de-conversion-de-pelicula-plastica","status":"publish","type":"page","link":"https:\/\/ttemsa.com\/industria\/index.php\/maquinas-de-conversion-de-pelicula-plastica\/","title":{"rendered":"Mamata &#8211; M\u00e1quinas\u00a0para fabricar bolsas\u00a0y sobres."},"content":{"rendered":"\n<figure class=\"wp-block-image size-full\"><img loading=\"lazy\" decoding=\"async\" width=\"998\" height=\"449\" src=\"https:\/\/ttemsa.com\/industria\/wp-content\/uploads\/2025\/01\/maquinas-de-conversion-de-pelicula-plastica.png\" alt=\"\" class=\"wp-image-3919\" srcset=\"https:\/\/ttemsa.com\/industria\/wp-content\/uploads\/2025\/01\/maquinas-de-conversion-de-pelicula-plastica.png 998w, https:\/\/ttemsa.com\/industria\/wp-content\/uploads\/2025\/01\/maquinas-de-conversion-de-pelicula-plastica-300x135.png 300w, https:\/\/ttemsa.com\/industria\/wp-content\/uploads\/2025\/01\/maquinas-de-conversion-de-pelicula-plastica-768x346.png 768w\" sizes=\"auto, (max-width: 998px) 100vw, 998px\" \/><\/figure>\n\n\n<div class=\"wp-block-image\">\n<figure class=\"aligncenter size-full is-resized\"><img loading=\"lazy\" decoding=\"async\" width=\"550\" height=\"125\" src=\"https:\/\/ttemsa.com\/industria\/wp-content\/uploads\/2025\/01\/mamata-conversion-de-bolsas.png\" alt=\"\" class=\"wp-image-3921\" style=\"width:304px;height:auto\" srcset=\"https:\/\/ttemsa.com\/industria\/wp-content\/uploads\/2025\/01\/mamata-conversion-de-bolsas.png 550w, https:\/\/ttemsa.com\/industria\/wp-content\/uploads\/2025\/01\/mamata-conversion-de-bolsas-300x68.png 300w\" sizes=\"auto, (max-width: 550px) 100vw, 550px\" \/><\/figure>\n<\/div>\n\n\n<p class=\"has-text-align-center\">M\u00e1quinas&nbsp;de conversi\u00f3n<\/p>\n\n\n\n<p class=\"has-text-align-center\">Ofrecemos una gama completa de m\u00e1quinas\u00a0<strong>para fabricar bolsas<\/strong>\u00a0y <strong>sobres<\/strong>\u00a0accionadas por servo para satisfacer sus necesidades de conversi\u00f3n de bolsas\/sobres de pl\u00e1stico.<\/p>\n\n\n\n<p><\/p>\n","protected":false},"excerpt":{"rendered":"<p>M\u00e1quinas&nbsp;de conversi\u00f3n Ofrecemos una gama completa de m\u00e1quinas\u00a0para fabricar bolsas\u00a0y sobres\u00a0accionadas por servo para satisfacer sus necesidades de conversi\u00f3n de bolsas\/sobres de pl\u00e1stico.<\/p>\n","protected":false},"author":1,"featured_media":0,"parent":0,"menu_order":0,"comment_status":"closed","ping_status":"closed","template":"","meta":{"content-type":"","footnotes":""},"categories":[36],"tags":[],"class_list":["post-3916","page","type-page","status-publish","hentry","category-mamata"],"yoast_head":"<!-- This site is optimized with the Yoast SEO plugin v26.6 - https:\/\/yoast.com\/wordpress\/plugins\/seo\/ -->\n<title>Mamata - M\u00e1quinas\u00a0para fabricar bolsas\u00a0y sobres. - industria-de-la-conversion.ttemsa<\/title>\n<meta name=\"description\" content=\"Ofrecemos una gama completa de m\u00e1quinas para fabricar bolsas y sobres accionadas por servo para satisfacer sus necesidades de conversi\u00f3n de bolsas\/sobres de pl\u00e1stico.\" \/>\n<meta name=\"robots\" content=\"index, follow, max-snippet:-1, max-image-preview:large, max-video-preview:-1\" \/>\n<link rel=\"canonical\" href=\"https:\/\/ttemsa.com\/industria\/index.php\/maquinas-de-conversion-de-pelicula-plastica\/\" \/>\n<meta property=\"og:locale\" content=\"es_MX\" \/>\n<meta property=\"og:type\" content=\"article\" \/>\n<meta property=\"og:title\" content=\"M\u00e1quinas\u00a0para fabricar bolsas\u00a0y sobres\" \/>\n<meta property=\"og:description\" content=\"en ttemsa ofrecemos Soluciones. Solicite + info Tel\u00e9fonos: + 52 (55) 5352-0191 5352-1301 5352-6070 5352-0593\" \/>\n<meta property=\"og:url\" content=\"https:\/\/ttemsa.com\/industria\/index.php\/maquinas-de-conversion-de-pelicula-plastica\/\" \/>\n<meta property=\"og:site_name\" content=\"industria-de-la-conversion.ttemsa\" \/>\n<meta property=\"article:modified_time\" content=\"2025-01-26T15:32:42+00:00\" \/>\n<meta property=\"og:image\" content=\"https:\/\/ttemsa.com\/industria\/wp-content\/uploads\/2025\/01\/Maquina-de-sellado-inferior-con-cuchilla-voladora.jpg\" \/>\n\t<meta property=\"og:image:width\" content=\"750\" \/>\n\t<meta property=\"og:image:height\" content=\"500\" \/>\n\t<meta property=\"og:image:type\" content=\"image\/jpeg\" \/>\n<meta name=\"twitter:card\" content=\"summary_large_image\" \/>\n<meta name=\"twitter:label1\" content=\"Tiempo de lectura\" \/>\n\t<meta name=\"twitter:data1\" content=\"1 minuto\" \/>\n<script type=\"application\/ld+json\" class=\"yoast-schema-graph\">{\"@context\":\"https:\/\/schema.org\",\"@graph\":[{\"@type\":\"WebPage\",\"@id\":\"https:\/\/ttemsa.com\/industria\/index.php\/maquinas-de-conversion-de-pelicula-plastica\/\",\"url\":\"https:\/\/ttemsa.com\/industria\/index.php\/maquinas-de-conversion-de-pelicula-plastica\/\",\"name\":\"Mamata - M\u00e1quinas\u00a0para fabricar bolsas\u00a0y sobres. - industria-de-la-conversion.ttemsa\",\"isPartOf\":{\"@id\":\"https:\/\/ttemsa.com\/industria\/#website\"},\"primaryImageOfPage\":{\"@id\":\"https:\/\/ttemsa.com\/industria\/index.php\/maquinas-de-conversion-de-pelicula-plastica\/#primaryimage\"},\"image\":{\"@id\":\"https:\/\/ttemsa.com\/industria\/index.php\/maquinas-de-conversion-de-pelicula-plastica\/#primaryimage\"},\"thumbnailUrl\":\"https:\/\/ttemsa.com\/industria\/wp-content\/uploads\/2025\/01\/maquinas-de-conversion-de-pelicula-plastica.png\",\"datePublished\":\"2025-01-26T13:35:29+00:00\",\"dateModified\":\"2025-01-26T15:32:42+00:00\",\"description\":\"Ofrecemos una gama completa de m\u00e1quinas para fabricar bolsas y sobres accionadas por servo para satisfacer sus necesidades de conversi\u00f3n de bolsas\/sobres de pl\u00e1stico.\",\"breadcrumb\":{\"@id\":\"https:\/\/ttemsa.com\/industria\/index.php\/maquinas-de-conversion-de-pelicula-plastica\/#breadcrumb\"},\"inLanguage\":\"es\",\"potentialAction\":[{\"@type\":\"ReadAction\",\"target\":[\"https:\/\/ttemsa.com\/industria\/index.php\/maquinas-de-conversion-de-pelicula-plastica\/\"]}]},{\"@type\":\"ImageObject\",\"inLanguage\":\"es\",\"@id\":\"https:\/\/ttemsa.com\/industria\/index.php\/maquinas-de-conversion-de-pelicula-plastica\/#primaryimage\",\"url\":\"https:\/\/ttemsa.com\/industria\/wp-content\/uploads\/2025\/01\/maquinas-de-conversion-de-pelicula-plastica.png\",\"contentUrl\":\"https:\/\/ttemsa.com\/industria\/wp-content\/uploads\/2025\/01\/maquinas-de-conversion-de-pelicula-plastica.png\",\"width\":998,\"height\":449},{\"@type\":\"BreadcrumbList\",\"@id\":\"https:\/\/ttemsa.com\/industria\/index.php\/maquinas-de-conversion-de-pelicula-plastica\/#breadcrumb\",\"itemListElement\":[{\"@type\":\"ListItem\",\"position\":1,\"name\":\"Inicio\",\"item\":\"https:\/\/ttemsa.com\/industria\/\"},{\"@type\":\"ListItem\",\"position\":2,\"name\":\"Mamata &#8211; M\u00e1quinas\u00a0para fabricar bolsas\u00a0y sobres.\"}]},{\"@type\":\"WebSite\",\"@id\":\"https:\/\/ttemsa.com\/industria\/#website\",\"url\":\"https:\/\/ttemsa.com\/industria\/\",\"name\":\"industria-de-la-conversion.ttemsa\",\"description\":\"Designed Dianalacazadora.com\",\"alternateName\":\"ttemsa l\u00edderes en la industria de la conversi\u00f3n\",\"potentialAction\":[{\"@type\":\"SearchAction\",\"target\":{\"@type\":\"EntryPoint\",\"urlTemplate\":\"https:\/\/ttemsa.com\/industria\/?s={search_term_string}\"},\"query-input\":{\"@type\":\"PropertyValueSpecification\",\"valueRequired\":true,\"valueName\":\"search_term_string\"}}],\"inLanguage\":\"es\"}]}<\/script>\n<!-- \/ Yoast SEO plugin. -->","yoast_head_json":{"title":"Mamata - M\u00e1quinas\u00a0para fabricar bolsas\u00a0y sobres. - industria-de-la-conversion.ttemsa","description":"Ofrecemos una gama completa de m\u00e1quinas para fabricar bolsas y sobres accionadas por servo para satisfacer sus necesidades de conversi\u00f3n de bolsas\/sobres de pl\u00e1stico.","robots":{"index":"index","follow":"follow","max-snippet":"max-snippet:-1","max-image-preview":"max-image-preview:large","max-video-preview":"max-video-preview:-1"},"canonical":"https:\/\/ttemsa.com\/industria\/index.php\/maquinas-de-conversion-de-pelicula-plastica\/","og_locale":"es_MX","og_type":"article","og_title":"M\u00e1quinas\u00a0para fabricar bolsas\u00a0y sobres","og_description":"en ttemsa ofrecemos Soluciones. Solicite + info Tel\u00e9fonos: + 52 (55) 5352-0191 5352-1301 5352-6070 5352-0593","og_url":"https:\/\/ttemsa.com\/industria\/index.php\/maquinas-de-conversion-de-pelicula-plastica\/","og_site_name":"industria-de-la-conversion.ttemsa","article_modified_time":"2025-01-26T15:32:42+00:00","og_image":[{"width":750,"height":500,"url":"https:\/\/ttemsa.com\/industria\/wp-content\/uploads\/2025\/01\/Maquina-de-sellado-inferior-con-cuchilla-voladora.jpg","type":"image\/jpeg"}],"twitter_card":"summary_large_image","twitter_misc":{"Tiempo de lectura":"1 minuto"},"schema":{"@context":"https:\/\/schema.org","@graph":[{"@type":"WebPage","@id":"https:\/\/ttemsa.com\/industria\/index.php\/maquinas-de-conversion-de-pelicula-plastica\/","url":"https:\/\/ttemsa.com\/industria\/index.php\/maquinas-de-conversion-de-pelicula-plastica\/","name":"Mamata - M\u00e1quinas\u00a0para fabricar bolsas\u00a0y sobres. - industria-de-la-conversion.ttemsa","isPartOf":{"@id":"https:\/\/ttemsa.com\/industria\/#website"},"primaryImageOfPage":{"@id":"https:\/\/ttemsa.com\/industria\/index.php\/maquinas-de-conversion-de-pelicula-plastica\/#primaryimage"},"image":{"@id":"https:\/\/ttemsa.com\/industria\/index.php\/maquinas-de-conversion-de-pelicula-plastica\/#primaryimage"},"thumbnailUrl":"https:\/\/ttemsa.com\/industria\/wp-content\/uploads\/2025\/01\/maquinas-de-conversion-de-pelicula-plastica.png","datePublished":"2025-01-26T13:35:29+00:00","dateModified":"2025-01-26T15:32:42+00:00","description":"Ofrecemos una gama completa de m\u00e1quinas para fabricar bolsas y sobres accionadas por servo para satisfacer sus necesidades de conversi\u00f3n de bolsas\/sobres de pl\u00e1stico.","breadcrumb":{"@id":"https:\/\/ttemsa.com\/industria\/index.php\/maquinas-de-conversion-de-pelicula-plastica\/#breadcrumb"},"inLanguage":"es","potentialAction":[{"@type":"ReadAction","target":["https:\/\/ttemsa.com\/industria\/index.php\/maquinas-de-conversion-de-pelicula-plastica\/"]}]},{"@type":"ImageObject","inLanguage":"es","@id":"https:\/\/ttemsa.com\/industria\/index.php\/maquinas-de-conversion-de-pelicula-plastica\/#primaryimage","url":"https:\/\/ttemsa.com\/industria\/wp-content\/uploads\/2025\/01\/maquinas-de-conversion-de-pelicula-plastica.png","contentUrl":"https:\/\/ttemsa.com\/industria\/wp-content\/uploads\/2025\/01\/maquinas-de-conversion-de-pelicula-plastica.png","width":998,"height":449},{"@type":"BreadcrumbList","@id":"https:\/\/ttemsa.com\/industria\/index.php\/maquinas-de-conversion-de-pelicula-plastica\/#breadcrumb","itemListElement":[{"@type":"ListItem","position":1,"name":"Inicio","item":"https:\/\/ttemsa.com\/industria\/"},{"@type":"ListItem","position":2,"name":"Mamata &#8211; M\u00e1quinas\u00a0para fabricar bolsas\u00a0y sobres."}]},{"@type":"WebSite","@id":"https:\/\/ttemsa.com\/industria\/#website","url":"https:\/\/ttemsa.com\/industria\/","name":"industria-de-la-conversion.ttemsa","description":"Designed Dianalacazadora.com","alternateName":"ttemsa l\u00edderes en la industria de la conversi\u00f3n","potentialAction":[{"@type":"SearchAction","target":{"@type":"EntryPoint","urlTemplate":"https:\/\/ttemsa.com\/industria\/?s={search_term_string}"},"query-input":{"@type":"PropertyValueSpecification","valueRequired":true,"valueName":"search_term_string"}}],"inLanguage":"es"}]}},"_links":{"self":[{"href":"https:\/\/ttemsa.com\/industria\/index.php\/wp-json\/wp\/v2\/pages\/3916","targetHints":{"allow":["GET"]}}],"collection":[{"href":"https:\/\/ttemsa.com\/industria\/index.php\/wp-json\/wp\/v2\/pages"}],"about":[{"href":"https:\/\/ttemsa.com\/industria\/index.php\/wp-json\/wp\/v2\/types\/page"}],"author":[{"embeddable":true,"href":"https:\/\/ttemsa.com\/industria\/index.php\/wp-json\/wp\/v2\/users\/1"}],"replies":[{"embeddable":true,"href":"https:\/\/ttemsa.com\/industria\/index.php\/wp-json\/wp\/v2\/comments?post=3916"}],"version-history":[{"count":4,"href":"https:\/\/ttemsa.com\/industria\/index.php\/wp-json\/wp\/v2\/pages\/3916\/revisions"}],"predecessor-version":[{"id":3936,"href":"https:\/\/ttemsa.com\/industria\/index.php\/wp-json\/wp\/v2\/pages\/3916\/revisions\/3936"}],"wp:attachment":[{"href":"https:\/\/ttemsa.com\/industria\/index.php\/wp-json\/wp\/v2\/media?parent=3916"}],"wp:term":[{"taxonomy":"category","embeddable":true,"href":"https:\/\/ttemsa.com\/industria\/index.php\/wp-json\/wp\/v2\/categories?post=3916"},{"taxonomy":"post_tag","embeddable":true,"href":"https:\/\/ttemsa.com\/industria\/index.php\/wp-json\/wp\/v2\/tags?post=3916"}],"curies":[{"name":"wp","href":"https:\/\/api.w.org\/{rel}","templated":true}]}}