{"id":4041,"date":"2025-02-19T19:30:21","date_gmt":"2025-02-19T19:30:21","guid":{"rendered":"https:\/\/ttemsa.com\/industria\/index.php\/maquinas-de-extrusion-lineas-pod-dedicadas-a-poliolefinas-copy\/"},"modified":"2025-03-03T16:38:22","modified_gmt":"2025-03-03T16:38:22","slug":"maquinas-de-extrusion-lineas-pre-personalizadas","status":"publish","type":"page","link":"https:\/\/ttemsa.com\/industria\/index.php\/maquinas-de-extrusion-lineas-pre-personalizadas\/","title":{"rendered":"M\u00e1quinas de Extrusi\u00f3n L\u00edneas pre-personalizadas"},"content":{"rendered":"\n<figure class=\"wp-block-image size-large\"><img loading=\"lazy\" decoding=\"async\" width=\"1024\" height=\"246\" src=\"https:\/\/ttemsa.com\/industria\/wp-content\/uploads\/2025\/02\/Lineas-pre-personalizadas-1024x246.png\" alt=\"\" class=\"wp-image-4042\" srcset=\"https:\/\/ttemsa.com\/industria\/wp-content\/uploads\/2025\/02\/Lineas-pre-personalizadas-1024x246.png 1024w, https:\/\/ttemsa.com\/industria\/wp-content\/uploads\/2025\/02\/Lineas-pre-personalizadas-300x72.png 300w, https:\/\/ttemsa.com\/industria\/wp-content\/uploads\/2025\/02\/Lineas-pre-personalizadas-768x184.png 768w, https:\/\/ttemsa.com\/industria\/wp-content\/uploads\/2025\/02\/Lineas-pre-personalizadas-1536x368.png 1536w, https:\/\/ttemsa.com\/industria\/wp-content\/uploads\/2025\/02\/Lineas-pre-personalizadas-2048x491.png 2048w\" sizes=\"auto, (max-width: 1024px) 100vw, 1024px\" \/><\/figure>\n\n\n<div class=\"wp-block-image\">\n<figure class=\"aligncenter size-full is-resized\"><img loading=\"lazy\" decoding=\"async\" width=\"550\" height=\"125\" src=\"https:\/\/ttemsa.com\/industria\/wp-content\/uploads\/2025\/01\/mamata-conversion-de-bolsas.png\" alt=\"\" class=\"wp-image-3921\" style=\"width:304px;height:auto\" srcset=\"https:\/\/ttemsa.com\/industria\/wp-content\/uploads\/2025\/01\/mamata-conversion-de-bolsas.png 550w, https:\/\/ttemsa.com\/industria\/wp-content\/uploads\/2025\/01\/mamata-conversion-de-bolsas-300x68.png 300w\" sizes=\"auto, (max-width: 550px) 100vw, 550px\" \/><\/figure>\n<\/div>\n\n\n<p><\/p>\n\n\n\n<p class=\"has-text-align-center\"><strong><strong>Beneficios<\/strong><\/strong><\/p>\n\n\n\n<p class=\"has-text-align-left\">Automatizaci\u00f3n personalizada.<\/p>\n\n\n\n<p>Inversi\u00f3n asequible &#8211; Retornos m\u00e1s r\u00e1pidos.<\/p>\n\n\n\n<p>Menor costo de conversi\u00f3n.<\/p>\n\n\n\n<p>Excelente calibraci\u00f3n y control de<strong> GSM.<\/strong> (Grams\/Square Meter)<\/p>\n\n\n\n<p>Menor desperdicio.<\/p>\n","protected":false},"excerpt":{"rendered":"<p>Beneficios Automatizaci\u00f3n personalizada. Inversi\u00f3n asequible &#8211; Retornos m\u00e1s r\u00e1pidos. Menor costo de conversi\u00f3n. Excelente calibraci\u00f3n y control de GSM. (Grams\/Square Meter) Menor desperdicio.<\/p>\n","protected":false},"author":1,"featured_media":0,"parent":0,"menu_order":0,"comment_status":"closed","ping_status":"closed","template":"","meta":{"content-type":"","footnotes":""},"categories":[36],"tags":[],"class_list":["post-4041","page","type-page","status-publish","hentry","category-mamata"],"yoast_head":"<!-- This site is optimized with the Yoast SEO plugin v26.6 - https:\/\/yoast.com\/wordpress\/plugins\/seo\/ -->\n<title>M\u00e1quinas de Extrusi\u00f3n L\u00edneas pre-personalizadas - industria-de-la-conversion.ttemsa<\/title>\n<meta name=\"description\" content=\"Automatizaci\u00f3n personalizada, Inversi\u00f3n asequible - Retornos m\u00e1s r\u00e1pidos, Menor costo de conversi\u00f3n, Excelente calibre y controles GSM, Menor desperdicio\" \/>\n<meta name=\"robots\" content=\"index, follow, max-snippet:-1, max-image-preview:large, max-video-preview:-1\" \/>\n<link rel=\"canonical\" href=\"https:\/\/ttemsa.com\/industria\/index.php\/maquinas-de-extrusion-lineas-pre-personalizadas\/\" \/>\n<meta property=\"og:locale\" content=\"es_MX\" \/>\n<meta property=\"og:type\" content=\"article\" \/>\n<meta property=\"og:title\" content=\"M\u00e1quinas de Extrusi\u00f3n L\u00edneas pre-personalizadas\" \/>\n<meta property=\"og:description\" content=\"Automatizaci\u00f3n personalizada, Inversi\u00f3n asequible - Retornos m\u00e1s r\u00e1pidos, Menor costo de conversi\u00f3n, Excelente calibre y controles GSM, Menor desperdicio\" \/>\n<meta property=\"og:url\" content=\"https:\/\/ttemsa.com\/industria\/index.php\/maquinas-de-extrusion-lineas-pre-personalizadas\/\" \/>\n<meta property=\"og:site_name\" content=\"industria-de-la-conversion.ttemsa\" \/>\n<meta property=\"article:modified_time\" content=\"2025-03-03T16:38:22+00:00\" \/>\n<meta property=\"og:image\" content=\"https:\/\/ttemsa.com\/industria\/wp-content\/uploads\/2025\/02\/3Pre-customized-lines.jpg\" \/>\n\t<meta property=\"og:image:width\" content=\"750\" \/>\n\t<meta property=\"og:image:height\" content=\"500\" \/>\n\t<meta property=\"og:image:type\" content=\"image\/jpeg\" \/>\n<meta name=\"twitter:card\" content=\"summary_large_image\" \/>\n<meta name=\"twitter:label1\" content=\"Tiempo de lectura\" \/>\n\t<meta name=\"twitter:data1\" content=\"1 minuto\" \/>\n<script type=\"application\/ld+json\" class=\"yoast-schema-graph\">{\"@context\":\"https:\/\/schema.org\",\"@graph\":[{\"@type\":\"WebPage\",\"@id\":\"https:\/\/ttemsa.com\/industria\/index.php\/maquinas-de-extrusion-lineas-pre-personalizadas\/\",\"url\":\"https:\/\/ttemsa.com\/industria\/index.php\/maquinas-de-extrusion-lineas-pre-personalizadas\/\",\"name\":\"M\u00e1quinas de Extrusi\u00f3n L\u00edneas pre-personalizadas - industria-de-la-conversion.ttemsa\",\"isPartOf\":{\"@id\":\"https:\/\/ttemsa.com\/industria\/#website\"},\"primaryImageOfPage\":{\"@id\":\"https:\/\/ttemsa.com\/industria\/index.php\/maquinas-de-extrusion-lineas-pre-personalizadas\/#primaryimage\"},\"image\":{\"@id\":\"https:\/\/ttemsa.com\/industria\/index.php\/maquinas-de-extrusion-lineas-pre-personalizadas\/#primaryimage\"},\"thumbnailUrl\":\"https:\/\/ttemsa.com\/industria\/wp-content\/uploads\/2025\/02\/Lineas-pre-personalizadas-1024x246.png\",\"datePublished\":\"2025-02-19T19:30:21+00:00\",\"dateModified\":\"2025-03-03T16:38:22+00:00\",\"description\":\"Automatizaci\u00f3n personalizada, Inversi\u00f3n asequible - Retornos m\u00e1s r\u00e1pidos, Menor costo de conversi\u00f3n, Excelente calibre y controles GSM, Menor desperdicio\",\"breadcrumb\":{\"@id\":\"https:\/\/ttemsa.com\/industria\/index.php\/maquinas-de-extrusion-lineas-pre-personalizadas\/#breadcrumb\"},\"inLanguage\":\"es\",\"potentialAction\":[{\"@type\":\"ReadAction\",\"target\":[\"https:\/\/ttemsa.com\/industria\/index.php\/maquinas-de-extrusion-lineas-pre-personalizadas\/\"]}]},{\"@type\":\"ImageObject\",\"inLanguage\":\"es\",\"@id\":\"https:\/\/ttemsa.com\/industria\/index.php\/maquinas-de-extrusion-lineas-pre-personalizadas\/#primaryimage\",\"url\":\"https:\/\/ttemsa.com\/industria\/wp-content\/uploads\/2025\/02\/Lineas-pre-personalizadas.png\",\"contentUrl\":\"https:\/\/ttemsa.com\/industria\/wp-content\/uploads\/2025\/02\/Lineas-pre-personalizadas.png\",\"width\":3102,\"height\":744},{\"@type\":\"BreadcrumbList\",\"@id\":\"https:\/\/ttemsa.com\/industria\/index.php\/maquinas-de-extrusion-lineas-pre-personalizadas\/#breadcrumb\",\"itemListElement\":[{\"@type\":\"ListItem\",\"position\":1,\"name\":\"Inicio\",\"item\":\"https:\/\/ttemsa.com\/industria\/\"},{\"@type\":\"ListItem\",\"position\":2,\"name\":\"M\u00e1quinas de Extrusi\u00f3n L\u00edneas pre-personalizadas\"}]},{\"@type\":\"WebSite\",\"@id\":\"https:\/\/ttemsa.com\/industria\/#website\",\"url\":\"https:\/\/ttemsa.com\/industria\/\",\"name\":\"industria-de-la-conversion.ttemsa\",\"description\":\"Designed Dianalacazadora.com\",\"alternateName\":\"ttemsa l\u00edderes en la industria de la conversi\u00f3n\",\"potentialAction\":[{\"@type\":\"SearchAction\",\"target\":{\"@type\":\"EntryPoint\",\"urlTemplate\":\"https:\/\/ttemsa.com\/industria\/?s={search_term_string}\"},\"query-input\":{\"@type\":\"PropertyValueSpecification\",\"valueRequired\":true,\"valueName\":\"search_term_string\"}}],\"inLanguage\":\"es\"}]}<\/script>\n<!-- \/ Yoast SEO plugin. -->","yoast_head_json":{"title":"M\u00e1quinas de Extrusi\u00f3n L\u00edneas pre-personalizadas - industria-de-la-conversion.ttemsa","description":"Automatizaci\u00f3n personalizada, Inversi\u00f3n asequible - Retornos m\u00e1s r\u00e1pidos, Menor costo de conversi\u00f3n, Excelente calibre y controles GSM, Menor desperdicio","robots":{"index":"index","follow":"follow","max-snippet":"max-snippet:-1","max-image-preview":"max-image-preview:large","max-video-preview":"max-video-preview:-1"},"canonical":"https:\/\/ttemsa.com\/industria\/index.php\/maquinas-de-extrusion-lineas-pre-personalizadas\/","og_locale":"es_MX","og_type":"article","og_title":"M\u00e1quinas de Extrusi\u00f3n L\u00edneas pre-personalizadas","og_description":"Automatizaci\u00f3n personalizada, Inversi\u00f3n asequible - Retornos m\u00e1s r\u00e1pidos, Menor costo de conversi\u00f3n, Excelente calibre y controles GSM, Menor desperdicio","og_url":"https:\/\/ttemsa.com\/industria\/index.php\/maquinas-de-extrusion-lineas-pre-personalizadas\/","og_site_name":"industria-de-la-conversion.ttemsa","article_modified_time":"2025-03-03T16:38:22+00:00","og_image":[{"width":750,"height":500,"url":"https:\/\/ttemsa.com\/industria\/wp-content\/uploads\/2025\/02\/3Pre-customized-lines.jpg","type":"image\/jpeg"}],"twitter_card":"summary_large_image","twitter_misc":{"Tiempo de lectura":"1 minuto"},"schema":{"@context":"https:\/\/schema.org","@graph":[{"@type":"WebPage","@id":"https:\/\/ttemsa.com\/industria\/index.php\/maquinas-de-extrusion-lineas-pre-personalizadas\/","url":"https:\/\/ttemsa.com\/industria\/index.php\/maquinas-de-extrusion-lineas-pre-personalizadas\/","name":"M\u00e1quinas de Extrusi\u00f3n L\u00edneas pre-personalizadas - industria-de-la-conversion.ttemsa","isPartOf":{"@id":"https:\/\/ttemsa.com\/industria\/#website"},"primaryImageOfPage":{"@id":"https:\/\/ttemsa.com\/industria\/index.php\/maquinas-de-extrusion-lineas-pre-personalizadas\/#primaryimage"},"image":{"@id":"https:\/\/ttemsa.com\/industria\/index.php\/maquinas-de-extrusion-lineas-pre-personalizadas\/#primaryimage"},"thumbnailUrl":"https:\/\/ttemsa.com\/industria\/wp-content\/uploads\/2025\/02\/Lineas-pre-personalizadas-1024x246.png","datePublished":"2025-02-19T19:30:21+00:00","dateModified":"2025-03-03T16:38:22+00:00","description":"Automatizaci\u00f3n personalizada, Inversi\u00f3n asequible - Retornos m\u00e1s r\u00e1pidos, Menor costo de conversi\u00f3n, Excelente calibre y controles GSM, Menor desperdicio","breadcrumb":{"@id":"https:\/\/ttemsa.com\/industria\/index.php\/maquinas-de-extrusion-lineas-pre-personalizadas\/#breadcrumb"},"inLanguage":"es","potentialAction":[{"@type":"ReadAction","target":["https:\/\/ttemsa.com\/industria\/index.php\/maquinas-de-extrusion-lineas-pre-personalizadas\/"]}]},{"@type":"ImageObject","inLanguage":"es","@id":"https:\/\/ttemsa.com\/industria\/index.php\/maquinas-de-extrusion-lineas-pre-personalizadas\/#primaryimage","url":"https:\/\/ttemsa.com\/industria\/wp-content\/uploads\/2025\/02\/Lineas-pre-personalizadas.png","contentUrl":"https:\/\/ttemsa.com\/industria\/wp-content\/uploads\/2025\/02\/Lineas-pre-personalizadas.png","width":3102,"height":744},{"@type":"BreadcrumbList","@id":"https:\/\/ttemsa.com\/industria\/index.php\/maquinas-de-extrusion-lineas-pre-personalizadas\/#breadcrumb","itemListElement":[{"@type":"ListItem","position":1,"name":"Inicio","item":"https:\/\/ttemsa.com\/industria\/"},{"@type":"ListItem","position":2,"name":"M\u00e1quinas de Extrusi\u00f3n L\u00edneas pre-personalizadas"}]},{"@type":"WebSite","@id":"https:\/\/ttemsa.com\/industria\/#website","url":"https:\/\/ttemsa.com\/industria\/","name":"industria-de-la-conversion.ttemsa","description":"Designed Dianalacazadora.com","alternateName":"ttemsa l\u00edderes en la industria de la conversi\u00f3n","potentialAction":[{"@type":"SearchAction","target":{"@type":"EntryPoint","urlTemplate":"https:\/\/ttemsa.com\/industria\/?s={search_term_string}"},"query-input":{"@type":"PropertyValueSpecification","valueRequired":true,"valueName":"search_term_string"}}],"inLanguage":"es"}]}},"_links":{"self":[{"href":"https:\/\/ttemsa.com\/industria\/index.php\/wp-json\/wp\/v2\/pages\/4041","targetHints":{"allow":["GET"]}}],"collection":[{"href":"https:\/\/ttemsa.com\/industria\/index.php\/wp-json\/wp\/v2\/pages"}],"about":[{"href":"https:\/\/ttemsa.com\/industria\/index.php\/wp-json\/wp\/v2\/types\/page"}],"author":[{"embeddable":true,"href":"https:\/\/ttemsa.com\/industria\/index.php\/wp-json\/wp\/v2\/users\/1"}],"replies":[{"embeddable":true,"href":"https:\/\/ttemsa.com\/industria\/index.php\/wp-json\/wp\/v2\/comments?post=4041"}],"version-history":[{"count":3,"href":"https:\/\/ttemsa.com\/industria\/index.php\/wp-json\/wp\/v2\/pages\/4041\/revisions"}],"predecessor-version":[{"id":4086,"href":"https:\/\/ttemsa.com\/industria\/index.php\/wp-json\/wp\/v2\/pages\/4041\/revisions\/4086"}],"wp:attachment":[{"href":"https:\/\/ttemsa.com\/industria\/index.php\/wp-json\/wp\/v2\/media?parent=4041"}],"wp:term":[{"taxonomy":"category","embeddable":true,"href":"https:\/\/ttemsa.com\/industria\/index.php\/wp-json\/wp\/v2\/categories?post=4041"},{"taxonomy":"post_tag","embeddable":true,"href":"https:\/\/ttemsa.com\/industria\/index.php\/wp-json\/wp\/v2\/tags?post=4041"}],"curies":[{"name":"wp","href":"https:\/\/api.w.org\/{rel}","templated":true}]}}